{"id":7792,"date":"2024-09-18T19:07:08","date_gmt":"2024-09-18T17:07:08","guid":{"rendered":"http:\/\/klubmamgdynia.pl\/?post_type=product&#038;p=7792"},"modified":"2026-05-17T23:12:52","modified_gmt":"2026-05-17T21:12:52","slug":"dywan-mata-piankowa-xxl-duza-pokoj-dziecka-puzzle","status":"publish","type":"product","link":"http:\/\/klubmamgdynia.pl\/index.php\/produkt\/dywan-mata-piankowa-xxl-duza-pokoj-dziecka-puzzle\/","title":{"rendered":"Dywan Mata Piankowa Xxl Du\u017ca Pok\u00f3j Dziecka Puzzle"},"content":{"rendered":"<p>\u2705 Przytulnie, komfortowo i bezpiecznie\u2705 Dobry wyb\u00f3r dla Twojego maluszka!Ta wyj\u0105tkowa mata piankowa zapewni Twojemu dziecku komfort podczas zabawy oraz nauki raczkowania!Mata piankowa Ricokids to 36 puzzli o wymiarze 30 x 30 cm, kt\u00f3re mo\u017cesz uk\u0142ada\u0107, wraz ze swoim maluszkiem, w dowolnej konfiguracji.Maty zosta\u0142a wykonana ze wzmocnionego materia\u0142u, kt\u00f3ry jest \u0142atwy w czyszczeniu i zapewnia termoizolacj\u0119 od pod\u0142o\u017ca.Rozw\u00f3j Twojego dziecka jest dla Nas najwa\u017cniejszyMi\u0119kka pianka zapewni komfort Twojemu dziecku podczas nauki raczkowania.Wykonana z bezzapachowej najwy\u017cszej jako\u015bci pianki EVA jest bezpieczna dla Twojego maluszka. Gruba pianka amortyzuje Twoje dziecko przed upadkiem na tward\u0105 pod\u0142og\u0119.Mata piankowa jest bardzo prosta w czyszczeniu, wystarczy j\u0105 tylko przetrze\u0107 wilgotn\u0105 chusteczk\u0105 lub \u015bciereczk\u0105.Mata jest idealna dla dzieci sk\u0142onnych do alergii, gdy\u017c nie gromadzi kurzu ani roztoczy.Puzzle s\u0105 wielowymiarowe, dlatego mo\u017cna je \u0142\u0105czy\u0107 w wielu p\u0142aszczyznach. Mog\u0105 by\u0107 roz\u0142o\u017cone na powierzchni w dowolnym kszta\u0142cie i konfiguracji.Mata jest antypo\u015blizgowa, dlatego Twoje dziecko mo\u017ce swobodnie skaka\u0107 bez obaw przemieszczania si\u0119 maty.Korzy\u015bci z posiadania maty piankowej RicokidsDoskonale izoluje od pod\u0142o\u017caJest antypo\u015blizgowaJest \u0142atwa w sk\u0142adaniu i rozk\u0142adaniuJest wodoodporna i \u0142atwa w utrzymaniu czysto\u015bciMata jest w pe\u0142ni bezpieczna dla Twojego dziecka, nie zawiera Bisfenolu ARoz\u0142o\u017cona mata to idealne miejsce do zabawy dla Twojego dziecka, a po z\u0142o\u017ceniu zajmuje niewiele miejscaLiterki i cyferki na macie sprawiaj\u0105, \u017ce pe\u0142ni ona funkcje edukacyjn\u0105Specyfikacja:liczba element\u00f3w: 36 szt.wymiary pojedynczego elementu: 30 x 30 x 1,1 cmsugerowany wiek: 0+opakowanie: prze\u017aroczysta foliaprodukt zgodny z norm\u0105 EN71, oznaczenie zabawek CEMata piankowa to nieod\u0142\u0105czny towarzysz rosn\u0105cego dziecka. Miejsce, na kt\u00f3rym Twoje dziecko mo\u017ce si\u0119 beztrosko bawi\u0107, a Ty masz pewno\u015b\u0107, \u017ce jest w pe\u0142ni bezpieczne.KUPUJ TYLKO SPRAWDZONE PRODUKTY!!!GWARANCJA ZADOWOLENIA I DOBREJ OBS\u0141UGI!<\/p>\n<h2>Dywan Mata Piankowa Xxl Du\u017ca Pok\u00f3j Dziecka Puzzle Ricokids<\/h2>\n<p>kolorowanki dla ch\u0142opc\u00f3w do druku, dziecko cytaty, aneta, quiz stolice europy, matylda znaczenie imienia, jak narysowa\u0107 konia, minionki kolorowanka, historia andrzejek dla dzieci, ba\u0142wanek do druku, bajki do czytania psi patrol<\/p>\n<p>yyyyy<\/p>\n<p>&nbsp;<\/p>\n","protected":false},"excerpt":{"rendered":"<p>\u2705 Przytulnie, komfortowo i bezpiecznie\u2705 Dobry wyb\u00f3r dla Twojego maluszka!Ta wyj\u0105tkowa mata piankowa zapewni Twojemu dziecku komfort podczas zabawy oraz nauki raczkowania!Mata piankowa Ricokids to 36 puzzli o wymiarze 30 x 30 cm, kt\u00f3re mo\u017cesz uk\u0142ada\u0107, wraz ze swoim maluszkiem, w dowolnej konfiguracji.Maty zosta\u0142a wykonana ze wzmocnionego materia\u0142u, kt\u00f3ry jest \u0142atwy w czyszczeniu i zapewnia [&hellip;]<\/p>\n","protected":false},"featured_media":7793,"comment_status":"closed","ping_status":"open","template":"","meta":[],"product_cat":[1202,1233],"product_tag":[832,859,870,791],"class_list":["post-7792","product","type-product","status-publish","has-post-thumbnail","hentry","product_cat-dywaniki-dzieciece","product_cat-ricokids","product_tag-desery-dla-dzieci","product_tag-dobranoc-pchly-na-noc","product_tag-prezent-dla-chlopca-na-roczek","product_tag-zagadki-na-myslenie"],"_links":{"self":[{"href":"http:\/\/klubmamgdynia.pl\/index.php\/wp-json\/wp\/v2\/product\/7792","targetHints":{"allow":["GET"]}}],"collection":[{"href":"http:\/\/klubmamgdynia.pl\/index.php\/wp-json\/wp\/v2\/product"}],"about":[{"href":"http:\/\/klubmamgdynia.pl\/index.php\/wp-json\/wp\/v2\/types\/product"}],"replies":[{"embeddable":true,"href":"http:\/\/klubmamgdynia.pl\/index.php\/wp-json\/wp\/v2\/comments?post=7792"}],"wp:featuredmedia":[{"embeddable":true,"href":"http:\/\/klubmamgdynia.pl\/index.php\/wp-json\/wp\/v2\/media\/7793"}],"wp:attachment":[{"href":"http:\/\/klubmamgdynia.pl\/index.php\/wp-json\/wp\/v2\/media?parent=7792"}],"wp:term":[{"taxonomy":"product_cat","embeddable":true,"href":"http:\/\/klubmamgdynia.pl\/index.php\/wp-json\/wp\/v2\/product_cat?post=7792"},{"taxonomy":"product_tag","embeddable":true,"href":"http:\/\/klubmamgdynia.pl\/index.php\/wp-json\/wp\/v2\/product_tag?post=7792"}],"curies":[{"name":"wp","href":"https:\/\/api.w.org\/{rel}","templated":true}]}}