{"id":7796,"date":"2011-10-11T16:45:09","date_gmt":"2011-10-11T14:45:09","guid":{"rendered":"http:\/\/klubmamgdynia.pl\/index.php\/produkt\/fotelik-samochodowy-coletto-nado-size-navy-0-18-kg\/"},"modified":"2026-04-24T20:13:51","modified_gmt":"2026-04-24T18:13:51","slug":"fotelik-samochodowy-coletto-nado-size-navy-0-18-kg","status":"publish","type":"product","link":"http:\/\/klubmamgdynia.pl\/index.php\/produkt\/fotelik-samochodowy-coletto-nado-size-navy-0-18-kg\/","title":{"rendered":"Fotelik samochodowy Coletto Nado Size Navy 0 18 Kg"},"content":{"rendered":"<p>Fotelik samochodowy Coletto Nado i-Size z nog\u0105 podpieraj\u0105c\u0105 przeznaczony jest dla dzieci o wzro\u015bcie 40-150 cm. Mo\u017cemy w nim przewozi\u0107 dziecko ty\u0142em do kierunku jazdy a\u017c do 105 cm wzrostu (oko\u0142o 18 kg).<\/p>\n<h2>Fotelik samochodowy Coletto Nado Size Navy 0 18 Kg Coletto<\/h2>\n<p>ju\u017c blisko kol\u0119da tekst, zagadki o wielkanocy dla dzieci, prezent dla jedenastolatki, niech \u017cyj\u0105 wakacje<\/p>\n<p>yyyyy<\/p>\n<p>&nbsp;<\/p>\n","protected":false},"excerpt":{"rendered":"<p>Fotelik samochodowy Coletto Nado i-Size z nog\u0105 podpieraj\u0105c\u0105 przeznaczony jest dla dzieci o wzro\u015bcie 40-150 cm. Mo\u017cemy w nim przewozi\u0107 dziecko ty\u0142em do kierunku jazdy a\u017c do 105 cm wzrostu (oko\u0142o 18 kg). Fotelik samochodowy Coletto Nado Size Navy 0 18 Kg Coletto ju\u017c blisko kol\u0119da tekst, zagadki o wielkanocy dla dzieci, prezent dla jedenastolatki, [&hellip;]<\/p>\n","protected":false},"featured_media":7797,"comment_status":"closed","ping_status":"open","template":"","meta":[],"product_cat":[1642,32],"product_tag":[828,639,588,820],"class_list":["post-7796","product","type-product","status-publish","has-post-thumbnail","hentry","product_cat-coletto","product_cat-foteliki-samochodowe","product_tag-filmy-wigilijne-dla-dzieci","product_tag-nela-imie","product_tag-wzruszajace-slowa-dla-przyjaciela","product_tag-ziemia-wyspa-zielona-tekst"],"_links":{"self":[{"href":"http:\/\/klubmamgdynia.pl\/index.php\/wp-json\/wp\/v2\/product\/7796","targetHints":{"allow":["GET"]}}],"collection":[{"href":"http:\/\/klubmamgdynia.pl\/index.php\/wp-json\/wp\/v2\/product"}],"about":[{"href":"http:\/\/klubmamgdynia.pl\/index.php\/wp-json\/wp\/v2\/types\/product"}],"replies":[{"embeddable":true,"href":"http:\/\/klubmamgdynia.pl\/index.php\/wp-json\/wp\/v2\/comments?post=7796"}],"wp:featuredmedia":[{"embeddable":true,"href":"http:\/\/klubmamgdynia.pl\/index.php\/wp-json\/wp\/v2\/media\/7797"}],"wp:attachment":[{"href":"http:\/\/klubmamgdynia.pl\/index.php\/wp-json\/wp\/v2\/media?parent=7796"}],"wp:term":[{"taxonomy":"product_cat","embeddable":true,"href":"http:\/\/klubmamgdynia.pl\/index.php\/wp-json\/wp\/v2\/product_cat?post=7796"},{"taxonomy":"product_tag","embeddable":true,"href":"http:\/\/klubmamgdynia.pl\/index.php\/wp-json\/wp\/v2\/product_tag?post=7796"}],"curies":[{"name":"wp","href":"https:\/\/api.w.org\/{rel}","templated":true}]}}