{"id":78,"date":"2013-11-23T21:54:25","date_gmt":"2013-11-23T20:54:25","guid":{"rendered":"http:\/\/klubmamgdynia.pl\/?post_type=product&#038;p=78"},"modified":"2026-04-05T16:24:26","modified_gmt":"2026-04-05T14:24:26","slug":"toddlekind-piankowa-mata-do-zabawy-berber-camel","status":"publish","type":"product","link":"http:\/\/klubmamgdynia.pl\/index.php\/produkt\/toddlekind-piankowa-mata-do-zabawy-berber-camel\/","title":{"rendered":"Toddlekind Piankowa Mata Do Zabawy Berber Camel"},"content":{"rendered":"<p>4260620338693<\/p>\n<h2>Toddlekind Piankowa Mata Do Zabawy Berber Camel Toddlekind<\/h2>\n<p>kwiecien plecien, rodzina sentencja, jak narysowa\u0107 kota, platformy edukacyjne, mia i ja kolorowanka, opisy do zdj\u0119\u0107 z dzieckiem, zagadki dla dzieci 4-5 lat online, quiz o minecraft, zagadki dla nastolatk\u00f3w<\/p>\n<p>yyyyy<\/p>\n<p>&nbsp;<\/p>\n","protected":false},"excerpt":{"rendered":"<p>4260620338693 Toddlekind Piankowa Mata Do Zabawy Berber Camel Toddlekind kwiecien plecien, rodzina sentencja, jak narysowa\u0107 kota, platformy edukacyjne, mia i ja kolorowanka, opisy do zdj\u0119\u0107 z dzieckiem, zagadki dla dzieci 4-5 lat online, quiz o minecraft, zagadki dla nastolatk\u00f3w yyyyy &nbsp;<\/p>\n","protected":false},"featured_media":79,"comment_status":"closed","ping_status":"open","template":"","meta":[],"product_cat":[55,54],"product_tag":[618,652,803,708],"class_list":["post-78","product","type-product","status-publish","has-post-thumbnail","hentry","product_cat-maty-edukacyjne","product_cat-toddlekind","product_tag-lato-lato-lato-czeka-tekst","product_tag-otto","product_tag-szlaczki-do-druku","product_tag-zabawy-ruchowe-dla-dzieci"],"_links":{"self":[{"href":"http:\/\/klubmamgdynia.pl\/index.php\/wp-json\/wp\/v2\/product\/78","targetHints":{"allow":["GET"]}}],"collection":[{"href":"http:\/\/klubmamgdynia.pl\/index.php\/wp-json\/wp\/v2\/product"}],"about":[{"href":"http:\/\/klubmamgdynia.pl\/index.php\/wp-json\/wp\/v2\/types\/product"}],"replies":[{"embeddable":true,"href":"http:\/\/klubmamgdynia.pl\/index.php\/wp-json\/wp\/v2\/comments?post=78"}],"wp:featuredmedia":[{"embeddable":true,"href":"http:\/\/klubmamgdynia.pl\/index.php\/wp-json\/wp\/v2\/media\/79"}],"wp:attachment":[{"href":"http:\/\/klubmamgdynia.pl\/index.php\/wp-json\/wp\/v2\/media?parent=78"}],"wp:term":[{"taxonomy":"product_cat","embeddable":true,"href":"http:\/\/klubmamgdynia.pl\/index.php\/wp-json\/wp\/v2\/product_cat?post=78"},{"taxonomy":"product_tag","embeddable":true,"href":"http:\/\/klubmamgdynia.pl\/index.php\/wp-json\/wp\/v2\/product_tag?post=78"}],"curies":[{"name":"wp","href":"https:\/\/api.w.org\/{rel}","templated":true}]}}