{"id":780,"date":"2013-05-09T14:47:03","date_gmt":"2013-05-09T12:47:03","guid":{"rendered":"http:\/\/klubmamgdynia.pl\/index.php\/produkt\/baby-born-siusiajaca-w-paczuszce-niespodziance\/"},"modified":"2026-04-25T02:27:43","modified_gmt":"2026-04-25T00:27:43","slug":"baby-born-siusiajaca-w-paczuszce-niespodziance","status":"publish","type":"product","link":"http:\/\/klubmamgdynia.pl\/index.php\/produkt\/baby-born-siusiajaca-w-paczuszce-niespodziance\/","title":{"rendered":"Baby Born Siusiaj\u0105ca W Paczuszce Niespodziance"},"content":{"rendered":"<p>To dopiero prawdziwa niespodzianka. Co ukrywa si\u0119 pod \u015blicznym, r\u00f3\u017cowym kocykiem? Otw\u00f3rz paczuszk\u0119 i sprawd\u017a jakie niespodzianki czekaj\u0105 w \u015brodku! W kocyku znajdziesz jedn\u0105 z kolekcjonerskich, bardzo uroczych mini laleczek Baby born. Laleczka ubrana jest w oryginalny \u015bpiworek w kszta\u0142cie kaczuszki, pszcz\u00f3\u0142ki, motylka lub wiele innych. Twoja laleczka zasn\u0119\u0142a w mi\u0119ciutkim kocyku. Obud\u017a j\u0105 przemywaj\u0105c jej oczy wod\u0105. Po odwini\u0119ciu ze \u015bpiworka twoim oczom uka\u017ce si\u0119 zabawna fryzura laleczki, kolor sk\u00f3ry czy w\u0142os\u00f3w. Dowiesz si\u0119 tak\u017ce czy jest to ch\u0142opiec czy dziewczynka. Dodatkowo w kocyku znajdziesz buteleczk\u0119, do karmienia laleczki Baby born. Tw\u00f3j nowy bobasek potrafi tak\u017ce robi\u0107 siusiu. Wtedy z pewno\u015bci\u0105 zobaczysz na pieluszce odpowiedni wz\u00f3r. Podczas odwijania laleczki dowiesz si\u0119 jak twoje nowe male\u0144stwo ma na imi\u0119, poznasz dat\u0119 urodzenia oraz znak zodiaku. Wszystkie te dane mo\u017cesz uzupe\u0142ni\u0107 w do\u0142\u0105czonym akcie urodzenia. Jaka laleczka znajduje si\u0119 w kocyku? To niespodzianka (nie ma mo\u017cliwo\u015bci wyboru wzoru)!Zawarto\u015b\u0107 zestawu:- 1 mini laleczka kolekcjonerska Baby born Surprise,- \u015bpiworek,- buteleczka,- akt urodzenia.Wysoko\u015b\u0107 laleczki: ok. 11 cmCena dotyczy 1 szt.<\/p>\n<h2>Baby Born Siusiaj\u0105ca W Paczuszce Niespodziance BABY BORN<\/h2>\n<p>lato lato lato czeka, adriana znaczenie imienia, zrobi\u0107 laurk\u0119 laurka dla babci, jasmin imi\u0119, adriana imi\u0119, swinka peppa do czytania, eneduerabe, na wyspach bergamutach, mira imie<\/p>\n<p>yyyyy<\/p>\n<p>&nbsp;<\/p>\n","protected":false},"excerpt":{"rendered":"<p>To dopiero prawdziwa niespodzianka. Co ukrywa si\u0119 pod \u015blicznym, r\u00f3\u017cowym kocykiem? Otw\u00f3rz paczuszk\u0119 i sprawd\u017a jakie niespodzianki czekaj\u0105 w \u015brodku! W kocyku znajdziesz jedn\u0105 z kolekcjonerskich, bardzo uroczych mini laleczek Baby born. Laleczka ubrana jest w oryginalny \u015bpiworek w kszta\u0142cie kaczuszki, pszcz\u00f3\u0142ki, motylka lub wiele innych. Twoja laleczka zasn\u0119\u0142a w mi\u0119ciutkim kocyku. Obud\u017a j\u0105 przemywaj\u0105c [&hellip;]<\/p>\n","protected":false},"featured_media":781,"comment_status":"closed","ping_status":"open","template":"","meta":[],"product_cat":[176,65],"product_tag":[828,705,698,634,756],"class_list":["post-780","product","type-product","status-publish","has-post-thumbnail","hentry","product_cat-baby-born","product_cat-lalki","product_tag-filmy-wigilijne-dla-dzieci","product_tag-prezent-na-roczek-dla-chlopca","product_tag-zagadki-dla-przedszkolakow","product_tag-zagadki-wielkanocne-dla-dzieci","product_tag-zaproszenie-na-urodziny-do-druku"],"_links":{"self":[{"href":"http:\/\/klubmamgdynia.pl\/index.php\/wp-json\/wp\/v2\/product\/780","targetHints":{"allow":["GET"]}}],"collection":[{"href":"http:\/\/klubmamgdynia.pl\/index.php\/wp-json\/wp\/v2\/product"}],"about":[{"href":"http:\/\/klubmamgdynia.pl\/index.php\/wp-json\/wp\/v2\/types\/product"}],"replies":[{"embeddable":true,"href":"http:\/\/klubmamgdynia.pl\/index.php\/wp-json\/wp\/v2\/comments?post=780"}],"wp:featuredmedia":[{"embeddable":true,"href":"http:\/\/klubmamgdynia.pl\/index.php\/wp-json\/wp\/v2\/media\/781"}],"wp:attachment":[{"href":"http:\/\/klubmamgdynia.pl\/index.php\/wp-json\/wp\/v2\/media?parent=780"}],"wp:term":[{"taxonomy":"product_cat","embeddable":true,"href":"http:\/\/klubmamgdynia.pl\/index.php\/wp-json\/wp\/v2\/product_cat?post=780"},{"taxonomy":"product_tag","embeddable":true,"href":"http:\/\/klubmamgdynia.pl\/index.php\/wp-json\/wp\/v2\/product_tag?post=780"}],"curies":[{"name":"wp","href":"https:\/\/api.w.org\/{rel}","templated":true}]}}