{"id":7800,"date":"2018-09-08T21:24:10","date_gmt":"2018-09-08T19:24:10","guid":{"rendered":"http:\/\/klubmamgdynia.pl\/index.php\/produkt\/aptel-bezdotykowy-termometr-elektroniczny-lcd-szybki-pomiar-ag458e\/"},"modified":"2026-04-23T09:23:41","modified_gmt":"2026-04-23T07:23:41","slug":"aptel-bezdotykowy-termometr-elektroniczny-lcd-szybki-pomiar-ag458e","status":"publish","type":"product","link":"http:\/\/klubmamgdynia.pl\/index.php\/produkt\/aptel-bezdotykowy-termometr-elektroniczny-lcd-szybki-pomiar-ag458e\/","title":{"rendered":"Aptel BEZDOTYKOWY TERMOMETR ELEKTRONICZNY LCD szybki pomiar AG458E"},"content":{"rendered":"<h2>Aptel BEZDOTYKOWY TERMOMETR ELEKTRONICZNY LCD szybki pomiar AG458E <\/h2>\n<p>nietypowe atrakcje dla dzieci, wiersze o wio\u015bnie jana brzechwy, matylda imie, miko\u0142ajki 2021 warszawa, mia imie, olaf znaczenie imienia, ma\u0142y ksi\u0105\u017ce test, zabawy dla 5 6 latk\u00f3w, proste zagadki logiczne, zagadki dla dzieci 7 lat o zwierz\u0119tach, mi\u0142osz imi\u0119, quiz o \u015bwi\u0119tach, znaki drogowe test, kolorowe ciasto, \u015bw przemys\u0142aw, audiobooki dla dzieci za darmo, test z lektury kajko i kokosz, piosenka dla mamy tekst, quiz o ro\u015blinach<\/p>\n<p>yyyyy<\/p>\n<p>&nbsp;<\/p>\n","protected":false},"excerpt":{"rendered":"<p>Aptel BEZDOTYKOWY TERMOMETR ELEKTRONICZNY LCD szybki pomiar AG458E nietypowe atrakcje dla dzieci, wiersze o wio\u015bnie jana brzechwy, matylda imie, miko\u0142ajki 2021 warszawa, mia imie, olaf znaczenie imienia, ma\u0142y ksi\u0105\u017ce test, zabawy dla 5 6 latk\u00f3w, proste zagadki logiczne, zagadki dla dzieci 7 lat o zwierz\u0119tach, mi\u0142osz imi\u0119, quiz o \u015bwi\u0119tach, znaki drogowe test, kolorowe ciasto, [&hellip;]<\/p>\n","protected":false},"featured_media":7801,"comment_status":"closed","ping_status":"open","template":"","meta":[],"product_cat":[1444],"product_tag":[829,836,690,590,860],"class_list":["post-7800","product","type-product","status-publish","has-post-thumbnail","hentry","product_cat-termometry","product_tag-bajki-do-czytania-na-dobranoc","product_tag-co-kupic-dziecku-na-roczek","product_tag-pieski-male-dwa-tekst","product_tag-plac-zabaw-warszawa","product_tag-zagadki-logiczne-dla-doroslych"],"_links":{"self":[{"href":"http:\/\/klubmamgdynia.pl\/index.php\/wp-json\/wp\/v2\/product\/7800","targetHints":{"allow":["GET"]}}],"collection":[{"href":"http:\/\/klubmamgdynia.pl\/index.php\/wp-json\/wp\/v2\/product"}],"about":[{"href":"http:\/\/klubmamgdynia.pl\/index.php\/wp-json\/wp\/v2\/types\/product"}],"replies":[{"embeddable":true,"href":"http:\/\/klubmamgdynia.pl\/index.php\/wp-json\/wp\/v2\/comments?post=7800"}],"wp:featuredmedia":[{"embeddable":true,"href":"http:\/\/klubmamgdynia.pl\/index.php\/wp-json\/wp\/v2\/media\/7801"}],"wp:attachment":[{"href":"http:\/\/klubmamgdynia.pl\/index.php\/wp-json\/wp\/v2\/media?parent=7800"}],"wp:term":[{"taxonomy":"product_cat","embeddable":true,"href":"http:\/\/klubmamgdynia.pl\/index.php\/wp-json\/wp\/v2\/product_cat?post=7800"},{"taxonomy":"product_tag","embeddable":true,"href":"http:\/\/klubmamgdynia.pl\/index.php\/wp-json\/wp\/v2\/product_tag?post=7800"}],"curies":[{"name":"wp","href":"https:\/\/api.w.org\/{rel}","templated":true}]}}