{"id":7802,"date":"2025-06-28T08:28:00","date_gmt":"2025-06-28T06:28:00","guid":{"rendered":"http:\/\/klubmamgdynia.pl\/?post_type=product&#038;p=7802"},"modified":"2026-04-23T01:07:09","modified_gmt":"2026-04-22T23:07:09","slug":"termometr-bezdotykowy-medyczny-lekarski","status":"publish","type":"product","link":"http:\/\/klubmamgdynia.pl\/index.php\/produkt\/termometr-bezdotykowy-medyczny-lekarski\/","title":{"rendered":"TERMOMETR BEZDOTYKOWY MEDYCZNY LEKARSKI"},"content":{"rendered":"<p>TERMOMETR BEZDOTYKOWY NA PODCZERWIE\u0143 LEKARSKITermometr Medyczny Bezdotykowy to urz\u0105dzenie na podczerwie\u0144, kt\u00f3re mierzy temperatur\u0119 obiektu na podstawie energii podczerwieni emitowanej z powierzchni. U\u017cytkownicy mog\u0105 szybko uzyska\u0107 wyniki pomiar\u00f3w po prawid\u0142owym umieszczeniu sondy temperatury na czole lub powierzchni przedmiotu. Czujnik temperatury na podczerwie\u0144 zbiera energi\u0119 podczerwon\u0105 emitowan\u0105 przez powierzchni\u0119 obiektu. Dzi\u0119ki temu, gwarantuje dok\u0142adny pomiar zar\u00f3wno dla os\u00f3b prywatnych jak i lekarzy.ZASTOSOWANIECyfrowy termometr jest przeznaczony dla os\u00f3b w ka\u017cdym wieku, doros\u0142ych, niemowl\u0105t i os\u00f3b starszych. Wspomaga funkcj\u0119 czo\u0142a lub ucha. \u2103 i \u2109 mo\u017cna \u0142atwo prze\u0142\u0105cza\u0107. Bezkontaktowy i znacznie bezpieczniejszy: ten rodzaj pomiaru temperatury nie jest podobny do tradycyjnego termometru, nie styka si\u0119 z cz\u0142owiekiem podczas pomiaru temperatury.W\u0141A\u015aCIWO\u015aCIUrz\u0105dzenie uzyskuje pomiar w czasie ni\u017cszym ni\u017c 1 sekunda. Bez d\u0142ugiego oczekiwania otrzymujemy wynik na wy\u015bwietlaczu. Produkt ca\u0142kowicie bezdotykowy, odleg\u0142o\u015b\u0107 pomi\u0119dzy termometrem a obiektem pomiaru powinna wynosi\u0107 oko\u0142o 3-5 cm.Wielofunkcyjny, \u0142atwy w obs\u0142udze, jednoprzyciskowy, mierzy temperatur\u0119 ucha, czo\u0142a, mleka, wody i innych obiekt\u00f3w. Wystarczy naci\u015bn\u0105\u0107 przycisk pomiaru termometru na podczerwie\u0144, a wynik zostanie wy\u015bwietlony na ekranie w ci\u0105gu jednej sekundy. Jest szybki i nie trzeba czeka\u0107.Wy\u015bwietlacz zmienia kolor w zale\u017cno\u015bci od temperatur:zielony temperatura w normie,pomara\u0144czowy podwy\u017cszona temperatura,czerwony gor\u0105czka.SPECYFIKACJAMateria\u0142: Tworzywo ABSKolor: Bia\u0142yRozdzielczo\u015b\u0107: 0,1 \u00b0CJednostka: \u00b0C \/ \u00b0FZakres pomiaru: 34,0 &#8211; 42,9 \u00b0C \/ 90 &#8211; 109 \u00b0FDok\u0142adno\u015b\u0107 pomiaru: w granicach (35 &#8211; 42) \u00b0C +\/- 0,2 \u00b0C \/ 0,4\u00b0Dok\u0142adno\u015b\u0107: (+\/-) 0,2 \u00b0CTemperatura robocza: 16\u00b0C &#8211; 35 \u00b0C (60,8\u00b0F &#8211; 95\u00b0F)Wilgotno\u015b\u0107 podczas pracy: RHS 85% (bez kondensacji)Temperatura przechowywania: -25\u00b0C &#8211; 55 \u00b0C (-13\u00b0F &#8211; 131\u00b0F)Wilgotno\u015b\u0107 przechowywania: RHS 90% (bez kondensacji)Automatyczne wy\u0142\u0105czanie: Tak, bez \u017cadnej operacji w ci\u0105gu 15 sekundOdleg\u0142o\u015b\u0107 pomiaru: 3 &#8211; 5 cmZasilanie: 2 baterie AAA (brak w zestawie)Waga urz\u0105dzenia: 57 g bez bateriiRozmiar: 40 mm \/ 31 mm \/ 158 mmCzas pomiaru: 1-2 sekundyPami\u0119\u0107: 32 pomiaryIdentyfikacja temperatury: Tr\u00f3jkolorowaAlarm gor\u0105czki: Pomara\u0144czowy alarm podwy\u017cszonej temperatury 37,9\u00b0CAlarm wysokiej temperatury: Czerwony alarm wysokiej temperatury 39,9\u00b0CEkran LCD: Pod\u015bwietlanyDla oszcz\u0119dno\u015bci baterii termometr automatyczne wy\u0142\u0105czy si\u0119 po 15 sekundach. Posiada dwa tryby pomiaru temperatury \u2013 Celsjusza \/ Fahrenheita. Du\u017cy wy\u015bwietlacz LCD &#8211; pod\u015bwietlany u\u0142atwia odczyt pomiaru, a jego niewielki rozmiar nie zajmuje du\u017co miejsca w przechowywaniu.<\/p>\n<h2>TERMOMETR BEZDOTYKOWY MEDYCZNY LEKARSKI Esperanza<\/h2>\n<p>cicha noc po angielsku, zabawa dla 7 latka, co kupi\u0107 dziewczynce na roczek, pierwsze urodziny prezent na roczek dla ch\u0142opca, szkic jak narysowa\u0107 kota, pierwsze urodziny prezent na roczek dla ch\u0142opca, samolot z papieru, prima aprilis w szkole, zabawki na roczek, flagi do druku, pieski pies kolorowanka, j\u0119zyk polski dla dzieci z ukrainy, pomys\u0142 na laurk\u0119, leon imi\u0119, mateusz imi\u0119, historia pluszowego misia dla dzieci, imi\u0119 nadia<\/p>\n<p>yyyyy<\/p>\n<p>&nbsp;<\/p>\n","protected":false},"excerpt":{"rendered":"<p>TERMOMETR BEZDOTYKOWY NA PODCZERWIE\u0143 LEKARSKITermometr Medyczny Bezdotykowy to urz\u0105dzenie na podczerwie\u0144, kt\u00f3re mierzy temperatur\u0119 obiektu na podstawie energii podczerwieni emitowanej z powierzchni. U\u017cytkownicy mog\u0105 szybko uzyska\u0107 wyniki pomiar\u00f3w po prawid\u0142owym umieszczeniu sondy temperatury na czole lub powierzchni przedmiotu. Czujnik temperatury na podczerwie\u0144 zbiera energi\u0119 podczerwon\u0105 emitowan\u0105 przez powierzchni\u0119 obiektu. Dzi\u0119ki temu, gwarantuje dok\u0142adny pomiar zar\u00f3wno [&hellip;]<\/p>\n","protected":false},"featured_media":7803,"comment_status":"closed","ping_status":"open","template":"","meta":[],"product_cat":[1258,1444],"product_tag":[593,847,771,737],"class_list":["post-7802","product","type-product","status-publish","has-post-thumbnail","hentry","product_cat-esperanza","product_cat-termometry","product_tag-jak-narysowac-konia","product_tag-kolorowanki-pokemon","product_tag-stolice-europy-quiz","product_tag-test-z-lektury-felix-net-i-nika-oraz-gang-niewidzialnych-ludzi"],"_links":{"self":[{"href":"http:\/\/klubmamgdynia.pl\/index.php\/wp-json\/wp\/v2\/product\/7802","targetHints":{"allow":["GET"]}}],"collection":[{"href":"http:\/\/klubmamgdynia.pl\/index.php\/wp-json\/wp\/v2\/product"}],"about":[{"href":"http:\/\/klubmamgdynia.pl\/index.php\/wp-json\/wp\/v2\/types\/product"}],"replies":[{"embeddable":true,"href":"http:\/\/klubmamgdynia.pl\/index.php\/wp-json\/wp\/v2\/comments?post=7802"}],"wp:featuredmedia":[{"embeddable":true,"href":"http:\/\/klubmamgdynia.pl\/index.php\/wp-json\/wp\/v2\/media\/7803"}],"wp:attachment":[{"href":"http:\/\/klubmamgdynia.pl\/index.php\/wp-json\/wp\/v2\/media?parent=7802"}],"wp:term":[{"taxonomy":"product_cat","embeddable":true,"href":"http:\/\/klubmamgdynia.pl\/index.php\/wp-json\/wp\/v2\/product_cat?post=7802"},{"taxonomy":"product_tag","embeddable":true,"href":"http:\/\/klubmamgdynia.pl\/index.php\/wp-json\/wp\/v2\/product_tag?post=7802"}],"curies":[{"name":"wp","href":"https:\/\/api.w.org\/{rel}","templated":true}]}}