{"id":7804,"date":"2015-07-26T11:39:45","date_gmt":"2015-07-26T09:39:45","guid":{"rendered":"http:\/\/klubmamgdynia.pl\/index.php\/produkt\/petitemars-street-air-oak-mature-olive-spacerowy\/"},"modified":"2026-04-03T17:26:54","modified_gmt":"2026-04-03T15:26:54","slug":"petitemars-street-air-oak-mature-olive-spacerowy","status":"publish","type":"product","link":"http:\/\/klubmamgdynia.pl\/index.php\/produkt\/petitemars-street-air-oak-mature-olive-spacerowy\/","title":{"rendered":"Petite&amp;Mars Street + Air Oak Mature Olive Spacerowy"},"content":{"rendered":"<p>Petite&amp;Mars Street + Air Oak Mature Olive Spacerowy<\/p>\n<p>Petite&amp;Mars Street+ &#8211; wielofunkcyjny w\u00f3zek<br \/>\nspacerowy<\/p>\n<p>Kolor\/wz\u00f3r:\u00a0Mature Olive<br \/>\nStreet+ to propozycja od marki Petite&amp;Mars &#8211; w\u00f3zek spacerowy przeznaczono<br \/>\ndzieciom od 6 miesi\u0105ca \u017cycia do 25 kg wagi. Spacer\u00f3wka wyr\u00f3\u017cnia si\u0119 lekko\u015bci\u0105<br \/>\noraz zwinno\u015bci\u0105, dzi\u0119ki kt\u00f3rej mo\u017cemy swobodnie spacerowa\u0107 w miejskim terenie,<br \/>\nale nie tylko &#8211; mocne ko\u0142a w\u00f3zka oraz pe\u0142na amortyzacja pozwalaj\u0105 nam na<br \/>\nstabiln\u0105 jazd\u0119 niezale\u017cnie od typu nawierzchni.<\/p>\n<p>Oferowany w\u00f3zek zezwala na personalizacj\u0119 &#8211; budki spacer\u00f3wki s\u0105 dost\u0119pne w<br \/>\nwielu wersjach kolorystycznych, dzi\u0119ki czemu ka\u017cdy rodzic mo\u017ce znale\u017a\u0107<br \/>\nzadowalaj\u0105ce rozwi\u0105zanie, zgodne z w\u0142asnym gustem.<\/p>\n<p>Street+ to doskona\u0142a opcja dla tych, kt\u00f3rzy lubi\u0105 d\u0142ugie spacery a jednocze\u015bnie<br \/>\nchc\u0105 wyr\u00f3\u017cnia\u0107 si\u0119 z t\u0142umu.<\/p>\n<p>Cechy charakterystyczne<\/p>\n<p>Wygoda rodzica<br \/>\nStreet+ jest w\u00f3zkiem spacerowym posiadaj\u0105cym wiele element\u00f3w, kt\u00f3re wp\u0142ywaj\u0105 na<br \/>\nkomfort prowadzenia &#8211; jednym z nich jest r\u0105czka z regulacj\u0105 wysoko\u015bci,<br \/>\npozwalaj\u0105ca na dopasowanie do wzrostu rodzica czy innego cz\u0142onka rodziny. W\u00f3zek<br \/>\ndostosowany do naszych potrzeb to gwarancja komfortu, odczuwalnego zw\u0142aszcza<br \/>\npodczas d\u0142u\u017cszych spacer\u00f3w. R\u0105czka posiada obszycie z eko-sk\u00f3ry.\u00a0Na<br \/>\nzdj\u0119ciu pokazano uchwyt\u00a0Handy, kt\u00f3ry jest do osobnego nabycia.<br \/>\nPraktyczna budka<br \/>\nSpacer\u00f3wka sprawia, \u017ce pomimo zmiennej pogody, komfort ma\u0142ego pasa\u017cera zostaje<br \/>\nzachowany na wysokim poziomie &#8211; obszerna budka przeciws\u0142oneczna nadaje si\u0119 do<br \/>\ndalszego poszerzenia, dzi\u0119ki czemu b\u0119dzie skutecznym zabezpieczeniem przed<br \/>\ns\u0142o\u0144cem i innymi warunkami pogodowymi. Budka posiada okienko podgl\u0105dowe, za<br \/>\npomoc\u0105 kt\u00f3rego nic nie stoi na przeszkodzie do sta\u0142ego kontaktu pomi\u0119dzy<br \/>\nrodzicem a dzieckiem.                            <\/p>\n<p>Dobra organizacja<br \/>\nW\u00f3zek posiada przydatn\u0105 kiesze\u0144, w kt\u00f3rej pomie\u015bcimy akcesoria niezb\u0119dne<br \/>\npodczas spaceru. Kieszonka jest \u0142atwo dost\u0119pna, dzi\u0119ki czemu wygodnie si\u0119gniemy<br \/>\npo to, czego akurat potrzebujemy.\u00a0Na zdj\u0119ciu pokazano organizer Pocket,<br \/>\nkt\u00f3ry jest do osobnego nabycia.<br \/>\nBezpieczne i wygodne siedzisko<br \/>\n5-punktowe pasy bezpiecze\u0144stwa ochroni\u0105 Twoje dziecko przed wysuni\u0119ciem si\u0119 z<br \/>\nw\u00f3zka, a wysokie i g\u0142\u0119bokie siedzisko daj\u0105 maluchowi wystarczaj\u0105c\u0105 ilo\u015b\u0107<br \/>\nmiejsca, nawet je\u015bli wzrostem przewy\u017csza swoich r\u00f3wie\u015bnik\u00f3w. Spacer\u00f3wka zosta\u0142a<br \/>\nwyposa\u017cona w pa\u0142\u0105k, dzi\u0119ki kt\u00f3remu usadzanie najbardziej niecierpliwego<br \/>\npasa\u017cera b\u0119dzie proste.<br \/>\nRegulacja oparcia<br \/>\nOparcie reguluje si\u0119 niesamowicie p\u0142ynnie &#8211; roz\u0142o\u017cone do maksimum daje komfort<br \/>\npodczas snu. Po roz\u0142o\u017ceniu oparcia maluch mo\u017ce cieszy\u0107 si\u0119 dodatkow\u0105<br \/>\nwentylacj\u0105, kt\u00f3rej \u017ar\u00f3d\u0142em jest panel wentylacyjny znajduj\u0105cy si\u0119 z ty\u0142u<br \/>\noparcia.<\/p>\n<p>Podn\u00f3\u017cek<br \/>\nPodn\u00f3\u017cek jest komponentem, bez kt\u00f3rego nie mog\u0142oby si\u0119 obej\u015b\u0107 &#8211; n\u00f3\u017cki dziecka<br \/>\npotrzebuj\u0105 podparcia, a niezale\u017cnie regulowany podn\u00f3\u017cek pozwoli mu podr\u00f3\u017cowa\u0107 w<br \/>\nnajbardziej komfortowych warunkach, nawet je\u015bli spacer znacznie si\u0119 przed\u0142u\u017cy.<br \/>\nKosz zakupowy<br \/>\nPetite&amp;Mars Street+ to w\u00f3zek, kt\u00f3ry podczas ka\u017cdego spaceru zadba o to, aby<br \/>\nodbywa\u0142 si\u0119 on w przyjemnej i mi\u0142ej atmosferze, nie obci\u0105\u017caj\u0105c Ci\u0119 dodatkowym,<br \/>\nzb\u0119dnym baga\u017cem. W\u00f3zek posiada kosz zakupowy, kt\u00f3rego maksymalne obci\u0105\u017cenie<br \/>\nwynosi 4 kg &#8211; zmie\u015bcimy w nim wszystkie niezb\u0119dne akcesoria, zakupy lub zabawki<br \/>\ndo piaskownicy.                            <\/p>\n<p>Solidne ko\u0142a<br \/>\nWszystkie ko\u0142a w\u00f3zka s\u0105 amortyzowane, co oka\u017ce si\u0119 wsparciem podczas<br \/>\nspacerowania po nier\u00f3wnej nawierzchni. Street+ jest dost\u0119pny w wersji<br \/>\nstandardowej lub Air, w kt\u00f3rej zastosowano pompowane ko\u0142a. Przednie ko\u0142a s\u0105<br \/>\nobrotowe, jednak podczas pokonywania wyboj\u00f3w i nier\u00f3wno\u015bci mo\u017cemy skorzysta\u0107 z<br \/>\nmo\u017cliwo\u015bci zablokowania ich do jazdy na wprost. system jezdny wyposa\u017cono w<br \/>\ncentralny hamulec, dzi\u0119ki kt\u00f3remu mo\u017cemy w ka\u017cdej chwili zatrzyma\u0107 w\u00f3zek, bez<br \/>\nryzyka uszkodzenia obuwia.<br \/>\nSk\u0142adany do kompaktowych rozmiar\u00f3w<br \/>\nProsty system sk\u0142adania, kompaktowe rozmiary po z\u0142o\u017ceniu oraz lekka konstrukcja<br \/>\nw\u00f3zka to czynniki, kt\u00f3re pozwoli\u0142y u\u0142atwi\u0107 rodzicom codzienn\u0105 obs\u0142ug\u0119. Te cechy<br \/>\nzostan\u0105 doceniane przez ka\u017cdego rodzica &#8211; bo przecie\u017c ka\u017cdy z nas lubi wygod\u0119,<br \/>\nnie b\u00f3jmy si\u0119 tego przyzna\u0107.                            <\/p>\n<p>Specyfikacja<\/p>\n<p>Waga<\/p>\n<p>9,7 kg<\/p>\n<p>Wymiary<\/p>\n<p>115 x 56 x 105 cm<\/p>\n<p>Wymiary po z\u0142o\u017ceniu<\/p>\n<p>75 x 56 x 30 cm<\/p>\n<p>Wymiary siedziska<\/p>\n<p>32 x 48 cm<\/p>\n<p>D\u0142ugo\u015b\u0107 siedziska w pozycji le\u017c\u0105cej<\/p>\n<p>90 cm<\/p>\n<p>Maksymalna waga dziecka<\/p>\n<p>22 kg<\/p>\n<h2>Petite&amp;Mars Street + Air Oak Mature Olive Spacerowy Petite&amp;Mars<\/h2>\n<p>psi patrol kolorowanki, park so\u0142acki, kolorowanki na dzie\u0144 mamy, zagadki dla dzieci 4-5 lat, quizy miko\u0142ajek, zagadki dla 8 latk\u00f3w, zagadki dla starszych dzieci, kiedy dzieci chodz\u0105 na halloween, quiz bajki, cytaty o wychowaniu dzieci, dyplomy do wydrukowania a4, kuchcikowo przepisy dla dzieci, dziecko cytaty z\u0142ote my\u015bli, bajka terapeutyczna o dokuczaniu, miko\u0142ajek quiz, \u015bmieszne \u0142ama\u0144ce j\u0119zykowe, kolorowanki do pobrania, atrakcje dla nastolatk\u00f3w warszawa<\/p>\n<p>yyyyy<\/p>\n<p>&nbsp;<\/p>\n","protected":false},"excerpt":{"rendered":"<p>Petite&amp;Mars Street + Air Oak Mature Olive Spacerowy Petite&amp;Mars Street+ &#8211; wielofunkcyjny w\u00f3zek spacerowy Kolor\/wz\u00f3r:\u00a0Mature Olive Street+ to propozycja od marki Petite&amp;Mars &#8211; w\u00f3zek spacerowy przeznaczono dzieciom od 6 miesi\u0105ca \u017cycia do 25 kg wagi. Spacer\u00f3wka wyr\u00f3\u017cnia si\u0119 lekko\u015bci\u0105 oraz zwinno\u015bci\u0105, dzi\u0119ki kt\u00f3rej mo\u017cemy swobodnie spacerowa\u0107 w miejskim terenie, ale nie tylko &#8211; mocne ko\u0142a [&hellip;]<\/p>\n","protected":false},"featured_media":7805,"comment_status":"closed","ping_status":"open","template":"","meta":[],"product_cat":[1111,71],"product_tag":[783,588,628],"class_list":["post-7804","product","type-product","status-publish","has-post-thumbnail","hentry","product_cat-petitemars","product_cat-wozki-spacerowe","product_tag-prezenty-na-roczek-dla-chlopca","product_tag-wzruszajace-slowa-dla-przyjaciela","product_tag-zagadka"],"_links":{"self":[{"href":"http:\/\/klubmamgdynia.pl\/index.php\/wp-json\/wp\/v2\/product\/7804","targetHints":{"allow":["GET"]}}],"collection":[{"href":"http:\/\/klubmamgdynia.pl\/index.php\/wp-json\/wp\/v2\/product"}],"about":[{"href":"http:\/\/klubmamgdynia.pl\/index.php\/wp-json\/wp\/v2\/types\/product"}],"replies":[{"embeddable":true,"href":"http:\/\/klubmamgdynia.pl\/index.php\/wp-json\/wp\/v2\/comments?post=7804"}],"wp:featuredmedia":[{"embeddable":true,"href":"http:\/\/klubmamgdynia.pl\/index.php\/wp-json\/wp\/v2\/media\/7805"}],"wp:attachment":[{"href":"http:\/\/klubmamgdynia.pl\/index.php\/wp-json\/wp\/v2\/media?parent=7804"}],"wp:term":[{"taxonomy":"product_cat","embeddable":true,"href":"http:\/\/klubmamgdynia.pl\/index.php\/wp-json\/wp\/v2\/product_cat?post=7804"},{"taxonomy":"product_tag","embeddable":true,"href":"http:\/\/klubmamgdynia.pl\/index.php\/wp-json\/wp\/v2\/product_tag?post=7804"}],"curies":[{"name":"wp","href":"https:\/\/api.w.org\/{rel}","templated":true}]}}