{"id":7806,"date":"2012-05-30T23:54:57","date_gmt":"2012-05-30T21:54:57","guid":{"rendered":"http:\/\/klubmamgdynia.pl\/index.php\/produkt\/espiro-galaxy-10-onyx-spacerowy\/"},"modified":"2026-04-14T18:36:35","modified_gmt":"2026-04-14T16:36:35","slug":"espiro-galaxy-10-onyx-spacerowy","status":"publish","type":"product","link":"http:\/\/klubmamgdynia.pl\/index.php\/produkt\/espiro-galaxy-10-onyx-spacerowy\/","title":{"rendered":"Espiro Galaxy 10 Onyx Spacerowy"},"content":{"rendered":"<p>Nowoczesny, wielkomiejski w\u00f3zek spacerowy, idealny dla wymagaj\u0105cych jako\u015bci i designu rodzic\u00f3w. Z dwukierunkowo wpinanym siedziskiem z ultrawysokim oparciem (55cm!), rozk\u0142adanym do pozycji p\u0142askiej. Superlekki z nowoczesnym systemem sk\u0142adania jednym ruchem r\u0119ki. Z mo\u017cliwo\u015bci\u0105 monta\u017cu fotelika samochodowego lub uniwersalnej gondoli Una.                            <\/p>\n<p>Najwa\u017cniejsze benefity:<br \/>\n\u2022\tW\u00f3zek espiro galaxy to nowatorskie rozwi\u0105zanie dla rodzic\u00f3w mieszkaj\u0105cych w miastach, poszukuj\u0105cych kompaktowych rozwi\u0105za\u0144 do poruszania si\u0119 z dzieckiem.<br \/>\n\u2022\tDu\u017cy i superlekki stela\u017c na ma\u0142ych ko\u0142ach jest podstaw\u0105 systemu galaxy. Do stela\u017ca dedykowane jest wielofunkcyjne pe\u0142nowymiarowe siedzisko, jak r\u00f3wnie\u017c jest kompatybilny z uniwersaln\u0105 gondol\u0105 Una\u2022\tDzi\u0119ki adapterom na stela\u017cu mo\u017cna montowa\u0107 foteliki samochodowe. \u2022\tStela\u017c espiro galaxy jest du\u017cy i zarazem bardzo lekki &#8211; wa\u017cy tylko 6,7 kg. Posiada nowatorski system sk\u0142adania &#8211; wystarczy nacisk\u0105\u0107 guzik przy r\u0105czce, przechyli\u0107 j\u0105 do przodu, a ca\u0142o\u015b\u0107 automatycznie sk\u0142ada si\u0119 na p\u0142asko.<br \/>\n\u2022\tDo przechowania w\u00f3zka wystarcza w\u0105ska przestrze\u0144. Stela\u017c mo\u017cna swobodnie sk\u0142ada\u0107 razem z siedziskiem. \u2022\t Wyj\u0105tkowym atutem jest do\u0142\u0105czony bardzo obszerny kosz na akcesoria i zakupy.<br \/>\n\u2022\tWszystkie ko\u0142a s\u0105 gumowe, wyposa\u017cone w  amortyzacj\u0119 i posiadaj\u0105 os\u0142ony boczne, kt\u00f3re chroni\u0105 przed zabrudzeniami.  W\u00f3zek posiada ergonomiczny hamulec typu  &#8222;stop and go&#8221;.<br \/>\n\u2022\tSiedzisko galaxy to po\u0142\u0105czenie lekko\u015bci i funkcjonalno\u015bci w pe\u0142nym wymiarze. Mo\u017cna je wpina\u0107 dwukierunkowo: kiedy dzieci s\u0105 malutkie w kierunku do mamy, a kiedy podrosn\u0105 przodem do kierunku \u015bwiata.\u2022\tW\u00f3zek posiada bardzo obszern\u0105 i dodatkowo poszerzan\u0105 budk\u0119 z wodoodpornej tkaniny odpornej na dzia\u0142anie promieni UV. \u2022\tDodatkowa wk\u0142adka siedziska wykonana ze specjalnej tkaniny dystansowej zapewniaj\u0105cej odpowiedni\u0105 cyrkulacj\u0119 powietrza. Z zewn\u0105trz wykonana jest z mi\u0119kkiego i przyjaznego dla dzieci materia\u0142u, kt\u00f3ry \u0142atwo wyczy\u015bci\u0107.<br \/>\n\u2022\tDo w\u00f3zka do\u0142\u0105czona jest pojemna torba wpinana na zamek do kosza w\u00f3zka. Dzi\u0119ki niej zawarto\u015b\u0107 kosza jest zabezpieczona i niewidoczna. Po wypi\u0119ciu z kosza torb\u0119 mo\u017cna nosi\u0107 na ramieniu. To nowatorskie rozwi\u0105zanie u\u0142atwia poruszanie si\u0119 z dzieckiem i w\u00f3zkiem!<\/p>\n<h2>Espiro Galaxy 10 Onyx Spacerowy Espiro<\/h2>\n<p>zagadki matematyczne dla przedszkolak\u00f3w, carmen imie, roczek prezenty, p\u0142ywalnie warszawa, prezent dla dziecka na roczek, bombki do kolorowania, gry ruchowe dla dzieci, zabawy miko\u0142ajkowe dla dzieci, uk\u0142ad s\u0142oneczny dla dzieci do druku, maski karnawa\u0142owe do druku, dzieci cytaty, imi\u0119 nadia, prezenty dla nastolatek, zagadki dla dzieci 4-5 lat, co kupi\u0107 dziewczynce na roczek, kiedy dzieci chodz\u0105 na halloween<\/p>\n<p>yyyyy<\/p>\n<p>&nbsp;<\/p>\n","protected":false},"excerpt":{"rendered":"<p>Nowoczesny, wielkomiejski w\u00f3zek spacerowy, idealny dla wymagaj\u0105cych jako\u015bci i designu rodzic\u00f3w. Z dwukierunkowo wpinanym siedziskiem z ultrawysokim oparciem (55cm!), rozk\u0142adanym do pozycji p\u0142askiej. Superlekki z nowoczesnym systemem sk\u0142adania jednym ruchem r\u0119ki. Z mo\u017cliwo\u015bci\u0105 monta\u017cu fotelika samochodowego lub uniwersalnej gondoli Una. Najwa\u017cniejsze benefity: \u2022 W\u00f3zek espiro galaxy to nowatorskie rozwi\u0105zanie dla rodzic\u00f3w mieszkaj\u0105cych w miastach, poszukuj\u0105cych [&hellip;]<\/p>\n","protected":false},"featured_media":7807,"comment_status":"closed","ping_status":"open","template":"","meta":[],"product_cat":[162,71],"product_tag":[754,591,616],"class_list":["post-7806","product","type-product","status-publish","has-post-thumbnail","hentry","product_cat-espiro","product_cat-wozki-spacerowe","product_tag-dyplomy-do-wydrukowania-a4","product_tag-quiz-o-minecraft","product_tag-test-mikolajek-25-pytan"],"_links":{"self":[{"href":"http:\/\/klubmamgdynia.pl\/index.php\/wp-json\/wp\/v2\/product\/7806","targetHints":{"allow":["GET"]}}],"collection":[{"href":"http:\/\/klubmamgdynia.pl\/index.php\/wp-json\/wp\/v2\/product"}],"about":[{"href":"http:\/\/klubmamgdynia.pl\/index.php\/wp-json\/wp\/v2\/types\/product"}],"replies":[{"embeddable":true,"href":"http:\/\/klubmamgdynia.pl\/index.php\/wp-json\/wp\/v2\/comments?post=7806"}],"wp:featuredmedia":[{"embeddable":true,"href":"http:\/\/klubmamgdynia.pl\/index.php\/wp-json\/wp\/v2\/media\/7807"}],"wp:attachment":[{"href":"http:\/\/klubmamgdynia.pl\/index.php\/wp-json\/wp\/v2\/media?parent=7806"}],"wp:term":[{"taxonomy":"product_cat","embeddable":true,"href":"http:\/\/klubmamgdynia.pl\/index.php\/wp-json\/wp\/v2\/product_cat?post=7806"},{"taxonomy":"product_tag","embeddable":true,"href":"http:\/\/klubmamgdynia.pl\/index.php\/wp-json\/wp\/v2\/product_tag?post=7806"}],"curies":[{"name":"wp","href":"https:\/\/api.w.org\/{rel}","templated":true}]}}