{"id":7808,"date":"2018-01-09T13:11:33","date_gmt":"2018-01-09T12:11:33","guid":{"rendered":"http:\/\/klubmamgdynia.pl\/index.php\/produkt\/fotelik-samochodowy-nania-beone-emoji-0-13kg\/"},"modified":"2026-04-22T17:27:45","modified_gmt":"2026-04-22T15:27:45","slug":"fotelik-samochodowy-nania-beone-emoji-0-13kg","status":"publish","type":"product","link":"http:\/\/klubmamgdynia.pl\/index.php\/produkt\/fotelik-samochodowy-nania-beone-emoji-0-13kg\/","title":{"rendered":"Fotelik samochodowy Nania Beone Emoji 0-13Kg"},"content":{"rendered":"<p>Nania Beone EmojiRodzaj produktu: FotelikKategoria wagowa: 0-13 kgKolor: EmojiKierunek monta\u017cu: Ty\u0142em do kierunku jazdyGaleriaSpecyfikacja techniczna:Rodzaj produktu: FotelikKategoria wagowa: 0-13 kgKierunek monta\u017cu: Ty\u0142em do kierunku jazdyKolor \/ wz\u00f3r: EmojiInformacje dodatkowe: Zdejmowana tapicerka; Wk\u0142adka redukcyjna; System Ochrony Bocznej; Waga: 3 kg; Baza do fotelika sprzedawana oddzielnie; Zdejmowana os\u0142onka przeciws\u0142oneczna; Spos\u00f3b monta\u017cu: samochodowe pasy bezpiecze\u0144stwa lub z baz\u0105Certyfikaty i nagrody: ECE R44\/04Ocena ADAC: 2,3Opinia ADAC: dobryKod produktu: Nania Beone Emoji | 4021020044 | [*(1039730)*]<\/p>\n<h2>Fotelik samochodowy Nania Beone Emoji 0-13Kg Nania<\/h2>\n<p>zaproszenie na urodziny, koty kolorowanki do druku, zabawy dla 10 latk\u00f3w, prezent dla nastolatka, pawe\u0142, wierszyki na \u015bmigus dyngus, zaproszenia urodzinowe do wydruku chomikuj, wy\u015bcig but\u00f3w, bajka dla dziewczynek, m\u0105dre cytaty dla dzieci, pia, kolorowanka \u015bwinka peppa, jak narysowa\u0107 kr\u00f3lika, kolorowanki kotki, litera y do druku, trudne zagadki i odpowiedzi<\/p>\n<p>yyyyy<\/p>\n<p>&nbsp;<\/p>\n","protected":false},"excerpt":{"rendered":"<p>Nania Beone EmojiRodzaj produktu: FotelikKategoria wagowa: 0-13 kgKolor: EmojiKierunek monta\u017cu: Ty\u0142em do kierunku jazdyGaleriaSpecyfikacja techniczna:Rodzaj produktu: FotelikKategoria wagowa: 0-13 kgKierunek monta\u017cu: Ty\u0142em do kierunku jazdyKolor \/ wz\u00f3r: EmojiInformacje dodatkowe: Zdejmowana tapicerka; Wk\u0142adka redukcyjna; System Ochrony Bocznej; Waga: 3 kg; Baza do fotelika sprzedawana oddzielnie; Zdejmowana os\u0142onka przeciws\u0142oneczna; Spos\u00f3b monta\u017cu: samochodowe pasy bezpiecze\u0144stwa lub z baz\u0105Certyfikaty [&hellip;]<\/p>\n","protected":false},"featured_media":7809,"comment_status":"closed","ping_status":"open","template":"","meta":[],"product_cat":[32,1240],"product_tag":[838,802,729,748],"class_list":["post-7808","product","type-product","status-publish","has-post-thumbnail","hentry","product_cat-foteliki-samochodowe","product_cat-nania","product_tag-bajki-dla-dzieci-na-dobranoc","product_tag-co-kupic-dziewczynce-na-roczek","product_tag-madre-bajki-dla-dzieci-do-czytania","product_tag-okolice-wroclawia-atrakcje"],"_links":{"self":[{"href":"http:\/\/klubmamgdynia.pl\/index.php\/wp-json\/wp\/v2\/product\/7808","targetHints":{"allow":["GET"]}}],"collection":[{"href":"http:\/\/klubmamgdynia.pl\/index.php\/wp-json\/wp\/v2\/product"}],"about":[{"href":"http:\/\/klubmamgdynia.pl\/index.php\/wp-json\/wp\/v2\/types\/product"}],"replies":[{"embeddable":true,"href":"http:\/\/klubmamgdynia.pl\/index.php\/wp-json\/wp\/v2\/comments?post=7808"}],"wp:featuredmedia":[{"embeddable":true,"href":"http:\/\/klubmamgdynia.pl\/index.php\/wp-json\/wp\/v2\/media\/7809"}],"wp:attachment":[{"href":"http:\/\/klubmamgdynia.pl\/index.php\/wp-json\/wp\/v2\/media?parent=7808"}],"wp:term":[{"taxonomy":"product_cat","embeddable":true,"href":"http:\/\/klubmamgdynia.pl\/index.php\/wp-json\/wp\/v2\/product_cat?post=7808"},{"taxonomy":"product_tag","embeddable":true,"href":"http:\/\/klubmamgdynia.pl\/index.php\/wp-json\/wp\/v2\/product_tag?post=7808"}],"curies":[{"name":"wp","href":"https:\/\/api.w.org\/{rel}","templated":true}]}}