{"id":7810,"date":"2023-01-26T04:23:37","date_gmt":"2023-01-26T03:23:37","guid":{"rendered":"http:\/\/klubmamgdynia.pl\/?post_type=product&#038;p=7810"},"modified":"2026-04-04T01:29:09","modified_gmt":"2026-04-03T23:29:09","slug":"coletto-fado-fa-03-gleboko-spacerowy","status":"publish","type":"product","link":"http:\/\/klubmamgdynia.pl\/index.php\/produkt\/coletto-fado-fa-03-gleboko-spacerowy\/","title":{"rendered":"Coletto Fado Fa-03 G\u0142\u0119boko Spacerowy"},"content":{"rendered":"<p>Fado to nowy produkt marki Coletto charakteryzuj\u0105cy si\u0119 nisk\u0105 wag\u0105 kt\u00f3ra w wersji gondolowej wynosi tylko 11,7 kg. Rozbudowany system wentylacji, regulowana r\u0105czka i mo\u017cliwo\u015b\u0107 wyboru k\u00f3\u0142 (pompowane lub bezobs\u0142ugowe \u017celowe) to tylko jedne z wielu cech kt\u00f3re przemawiaj\u0105 nad wyborem tego zwinnego i lekkiego w\u00f3zka. Charakterystyka produktu: \u2022 lekka, aluminiowa konstrukcja ramy w miedzianym lub srebrnym kolorze \u2022 wygodny i szybki system sk\u0142adania \u2022 wszystkie ko\u0142a pompowane lub \u017celowe (w zale\u017cno\u015bci od zam\u00f3wienia) \u2022 ko\u0142a przednie z mo\u017cliwo\u015bci\u0105 blokady do jazdy na wprost \u2022 zastosowane 4 amortyzatory tworz\u0105ce mi\u0119kkie zawieszenie kt\u00f3re dostosowuje si\u0119 do nier\u00f3wno\u015bci terenu \u2022 hamulec centralny na o\u015b tyln\u0105 \u2022 regulowana r\u0105czka obszyta eleganck\u0105 eko-sk\u00f3r\u0105 \u2022 du\u017ca gondola z regulacj\u0105 oparcia i materacykiem kokosowym \u2022 wysokogatunkowa bawe\u0142na wewn\u0105trz gondoli \u2022 gondola sk\u0142adana na p\u0142asko (u\u0142atwienie w przechowywaniu) \u2022 regulowana budka z panelem wentylacyjnym i dodatkowym daszkiem przeciws\u0142onecznym \u2022 panoramiczne okienko z siateczk\u0105 u\u0142atwiaj\u0105ce dop\u0142yw powietrza \u2022 dodatkowy ko\u0142nierz chroni\u0105cy przed wiatrem przypinany do budki \u2022 wy\u015bci\u00f3\u0142ka gondoli zapinana na zamek co u\u0142atwia jej czyszczenie \u2022 wygodny, mi\u0119kki materacyk do spacer\u00f3wki \u2022 regulacja oparcia i podn\u00f3\u017cka w siedzisku spacerowym do uzyskania pozycji le\u017c\u0105cej w\u0142\u0105cznie \u2022 wentylacja w siedzisku spacerowym \u2022 mo\u017cliwo\u015b\u0107 monta\u017cu siedziska spacerowego przodem lub ty\u0142em do kierunku jazdy \u2022 5-punktowe pasy z wygodnymi os\u0142onkami \u2022 regulowana i powi\u0119kszana budka z dodatkowym daszkiem przeciws\u0142onecznym \u2022 barierka ochronna z mo\u017cliwo\u015bci\u0105 demonta\u017cu obszyta eko-sk\u00f3r\u0105 \u2022 mo\u017cliwo\u015b\u0107 monta\u017cu fotelika samochodowego (adaptery do kupienia osobno) \u2022 torba piel\u0119gnacyjna \u2022 folia przeciwdeszczowa \u2022 moskitiera \u2022 uchwyt na kubek \u2022 przykrycie na n\u00f3\u017cki \u2022 zamykany kosz zakupowy na spodzie w\u00f3zka Du\u017ca gondola z regulacj\u0105 z panoramicznym okienkiem u\u0142atwiaj\u0105cym dop\u0142yw powietrza. Regulowana budka z okienkiem wentylacyjnym i dodatkowym daszkiem przeciws\u0142onecznym. Wszystkie ko\u0142a \u017celowe lub pompowane (do wyboru podczas zam\u00f3wienia) i amortyzowane. Mo\u017cliwo\u015b\u0107 monta\u017cu siedziska spacerowego przodem lub ty\u0142em do kierunku jazdy. Poszerzana budka z dodatkowym daszkiem przeciws\u0142onecznym. Regulowana r\u0105czka obszyta eleganck\u0105 eko-sk\u00f3r\u0105. Regulacja oparcia i podn\u00f3\u017cka do pozycji le\u017c\u0105cej w\u0142\u0105cznie. W komplecie mi\u0119dzy innymi pokrowiec na n\u00f3\u017cki, moskitiera, folia przeciwdeszczowa i uchwyt na kubek. Du\u017cy kosz zakupowy na spodzie w\u00f3zka. Specyfikacja techniczna: Uwaga: przed z\u0142o\u017ceniem zam\u00f3wienia zalecamy kontakt telefoniczny lub mailowy w sprawie dost\u0119pno\u015bci wybranej wersji. W przypadku braku dost\u0119pno\u015bci czas oczekiwania mo\u017ce si\u0119 przed\u0142u\u017cy\u0107 o czym Pa\u0144stwa poinformujemy.<\/p>\n<h2>Coletto Fado Fa-03 G\u0142\u0119boko Spacerowy Coletto<\/h2>\n<p>zagadki dla dzieci logiczne, znaczenie imiona justyna, ch\u0142opcy z placu broni &#8211; test z odpowiedziami, ninjago kolorowanka, zabawki na roczek dla ch\u0142opca, kolorowanka lego, miko\u0142ajek test z lektury, atrakcje warszawa dla dzieci, \u017c\u0105rty na prima aprilis, zima z\u0142a tekst, kolorowanki uk\u0142ad s\u0142oneczny, ksi\u0105\u017cka dla dzieci online, harry potter kolorowanka, karty pracy dla dzieci z ukrainy klasa 3<\/p>\n<p>yyyyy<\/p>\n<p>&nbsp;<\/p>\n","protected":false},"excerpt":{"rendered":"<p>Fado to nowy produkt marki Coletto charakteryzuj\u0105cy si\u0119 nisk\u0105 wag\u0105 kt\u00f3ra w wersji gondolowej wynosi tylko 11,7 kg. Rozbudowany system wentylacji, regulowana r\u0105czka i mo\u017cliwo\u015b\u0107 wyboru k\u00f3\u0142 (pompowane lub bezobs\u0142ugowe \u017celowe) to tylko jedne z wielu cech kt\u00f3re przemawiaj\u0105 nad wyborem tego zwinnego i lekkiego w\u00f3zka. Charakterystyka produktu: \u2022 lekka, aluminiowa konstrukcja ramy w miedzianym [&hellip;]<\/p>\n","protected":false},"featured_media":7811,"comment_status":"closed","ping_status":"open","template":"","meta":[],"product_cat":[1642,110],"product_tag":[825,837,633],"class_list":["post-7810","product","type-product","status-publish","has-post-thumbnail","hentry","product_cat-coletto","product_cat-wozki-wielofunkcyjne","product_tag-bajka-na-dobranoc-do-czytania","product_tag-cicha-noc-po-angielsku","product_tag-zagadki-z-odpowiedziami"],"_links":{"self":[{"href":"http:\/\/klubmamgdynia.pl\/index.php\/wp-json\/wp\/v2\/product\/7810","targetHints":{"allow":["GET"]}}],"collection":[{"href":"http:\/\/klubmamgdynia.pl\/index.php\/wp-json\/wp\/v2\/product"}],"about":[{"href":"http:\/\/klubmamgdynia.pl\/index.php\/wp-json\/wp\/v2\/types\/product"}],"replies":[{"embeddable":true,"href":"http:\/\/klubmamgdynia.pl\/index.php\/wp-json\/wp\/v2\/comments?post=7810"}],"wp:featuredmedia":[{"embeddable":true,"href":"http:\/\/klubmamgdynia.pl\/index.php\/wp-json\/wp\/v2\/media\/7811"}],"wp:attachment":[{"href":"http:\/\/klubmamgdynia.pl\/index.php\/wp-json\/wp\/v2\/media?parent=7810"}],"wp:term":[{"taxonomy":"product_cat","embeddable":true,"href":"http:\/\/klubmamgdynia.pl\/index.php\/wp-json\/wp\/v2\/product_cat?post=7810"},{"taxonomy":"product_tag","embeddable":true,"href":"http:\/\/klubmamgdynia.pl\/index.php\/wp-json\/wp\/v2\/product_tag?post=7810"}],"curies":[{"name":"wp","href":"https:\/\/api.w.org\/{rel}","templated":true}]}}