{"id":7812,"date":"2012-03-08T07:38:07","date_gmt":"2012-03-08T06:38:07","guid":{"rendered":"http:\/\/klubmamgdynia.pl\/index.php\/produkt\/cybex-mios-2-0-spring-blossom-dark-spacerowy\/"},"modified":"2026-04-29T22:11:03","modified_gmt":"2026-04-29T20:11:03","slug":"cybex-mios-2-0-spring-blossom-dark-spacerowy","status":"publish","type":"product","link":"http:\/\/klubmamgdynia.pl\/index.php\/produkt\/cybex-mios-2-0-spring-blossom-dark-spacerowy\/","title":{"rendered":"Cybex Mios 2.0 Spring Blossom Dark Spacerowy"},"content":{"rendered":"<p>Cybex Mios 2.0 Spring Blossom Dark Spacerowy<\/p>\n<p>Cybex<br \/>\nMios 2.0 jest cz\u0119\u015bci\u0105 serii produkt\u00f3w oferowanych przez niemieckiego producenta<br \/>\nw ramach tzw. kolekcji Cybex Platinum, kt\u00f3ra ma za zadanie reprezentowa\u0107 jego<br \/>\nszczytowe osi\u0105gni\u0119cia w kategorii fotelik\u00f3w samochodowych oraz w\u00f3zk\u00f3w<br \/>\ndzieci\u0119cych.W<br \/>\nkategorii w\u00f3zk\u00f3w dzieci\u0119cych kolekcja Platinum zawiera dwa modele oparte o<br \/>\nsiostrzan\u0105 koncepcj\u0119 projektow\u0105 &#8211; pe\u0142nowymiarowy w\u00f3zek Cybex Priam 2.0 oraz<br \/>\njego kompaktowy odpowiednik Cybex Mios 2.0, kt\u00f3ry jest konstrukcj\u0105 przeznaczon\u0105<br \/>\ndo infrastruktury miejskiej. Ma on r\u00f3wnie\u017c za zadanie by\u0107 turystyczn\u0105<br \/>\nalternatyw\u0105 dla Priama. Relatywnie lekka konstrukcja oparta o wyj\u0105tkowo<br \/>\nestetyczn\u0105 a\u017curow\u0105 ram\u0119, doskonale sprawdzi si\u0119 w miejskim zgie\u0142ku, godnie<br \/>\nreprezentuj\u0105c rodzic\u00f3w wymagaj\u0105cych od w\u00f3zka szczeg\u00f3lnie eleganckiego<br \/>\ncharakteru.                            <\/p>\n<p>Sylwetki<br \/>\nw\u00f3zk\u00f3w Cybex Priam 2.0 oraz Mios 2.0 bezpo\u015brednio odnosz\u0105 si\u0119 do<br \/>\nnajs\u0142ynniejszego dzie\u0142a legendarnej pary architekt\u00f3w, artyst\u00f3w i in\u017cynier\u00f3w<br \/>\nwzornictwa przemys\u0142owego &#8211; krzes\u0142a Lounge Chair and Ottoman, Pa\u0144stwa Charles<br \/>\nand Ray Eames, kt\u00f3rzy na zawsze wpisali si\u0119 w histori\u0119 modernizmu. Projektanci<br \/>\nCybex przenie\u015bli filozofi\u0119 Pa\u0144stwa Eames do \u015bwiata bran\u017cy dzieci\u0119cej, tworz\u0105c<br \/>\njedne z najs\u0142ynniejszych i najlepiej rozpoznawalnych w\u00f3zk\u00f3w na \u015bwiecie.                            <\/p>\n<p>Cybex<br \/>\nMios 2.0 Funkcjonalno\u015b\u0107Mios w<br \/>\nwersji spacerowej przeznaczony jest dla dzieci od 6 miesi\u0105ca \u017cycia do<br \/>\nosi\u0105gni\u0119cia wagi oko\u0142o 22 kg,Rama<br \/>\nw\u00f3zka przystosowana jest do stworzenia systemu podr\u00f3\u017cnego z fotelikiem<br \/>\nsamochodowym 0-13 kg oraz gondol\u0105,W\u00f3zek<br \/>\nspacerowy sk\u0142adany jest jedn\u0105 r\u0119k\u0105. Mo\u017cliwo\u015b\u0107 z\u0142o\u017cenia stela\u017ca wraz z<br \/>\nzamontowanym na nim siedziskiem spacerowym,K\u0105t<br \/>\noparcia regulowany jedn\u0105 r\u0119k\u0105 w zakresie kilku pozycji. Siedzisko rozk\u0142ada si\u0119<br \/>\na\u017c do pozycji le\u017c\u0105cej,Siedzisko<br \/>\nspacerowe standardowo mo\u017cna zamontowa\u0107 zar\u00f3wno przodem jak i ty\u0142em do kierunku<br \/>\njazdy,Siedzisko<br \/>\nspacerowe z wyjmowan\u0105 wk\u0142adk\u0105 ods\u0142aniaj\u0105c\u0105 przewiewne oparcie,Przed\u0142u\u017cana<br \/>\nbudka przeciws\u0142oneczna z ochron\u0105 przeciws\u0142oneczn\u0105 na poziomie UPF50+,Zawieszenie<br \/>\namortyzowane spr\u0119\u017cynowo na wszystkich ko\u0142ach,Cybex<br \/>\nMios jest konstrukcj\u0105 przeznaczon\u0105 do infrastruktury miejskiej,Wysoka<br \/>\njako\u015b wykonania i szczeg\u00f3lna dba\u0142o\u015b\u0107 o detale,R\u0105czka<br \/>\noraz pa\u0142\u0105k pokryte ekosk\u00f3r\u0105.                            <\/p>\n<p>Cybex<br \/>\nMios 2.0 | Specyfikacje\u00a0Wymiary<br \/>\nroz\u0142o\u017conego w\u00f3zka spacerowego: D 83 &#8211; 94 cm | S 50 cm | W 98-108 cm,Wymiary<br \/>\nz\u0142o\u017conego w\u00f3zka spacerowego: D 75 cm | S 50 cm | W 33 cm,Waga<br \/>\nw\u00f3zka spacerowego: 8,7 kg,W<br \/>\nzestawie znajduj\u0105 si\u0119 adaptery do fotelik\u00f3w samochodowych Cybex 0-13 kg.<\/p>\n<h2>Cybex Mios 2.0 Spring Blossom Dark Spacerowy Cybex<\/h2>\n<p>sporty po francusku, quiz opowie\u015bci z narnii lew czarownica i stara szafa, zagadki o bajkach, misie z film\u00f3w animowanych, ahmed, mapa polski do druku, list do \u015bw miko\u0142aja &#8212; wz\u00f3r, dyplom za udzia\u0142 w konkursie do druku, laurka dla babci, wr\u00f3\u017cby andrzejkowe dla dzieci zawody, gloria imi\u0119, mini zoo warszawa, prezenty dla 7 latki, zagadki wielkanocne dla doros\u0142ych<\/p>\n<p>yyyyy<\/p>\n<p>&nbsp;<\/p>\n","protected":false},"excerpt":{"rendered":"<p>Cybex Mios 2.0 Spring Blossom Dark Spacerowy Cybex Mios 2.0 jest cz\u0119\u015bci\u0105 serii produkt\u00f3w oferowanych przez niemieckiego producenta w ramach tzw. kolekcji Cybex Platinum, kt\u00f3ra ma za zadanie reprezentowa\u0107 jego szczytowe osi\u0105gni\u0119cia w kategorii fotelik\u00f3w samochodowych oraz w\u00f3zk\u00f3w dzieci\u0119cych.W kategorii w\u00f3zk\u00f3w dzieci\u0119cych kolekcja Platinum zawiera dwa modele oparte o siostrzan\u0105 koncepcj\u0119 projektow\u0105 &#8211; pe\u0142nowymiarowy w\u00f3zek [&hellip;]<\/p>\n","protected":false},"featured_media":7813,"comment_status":"closed","ping_status":"open","template":"","meta":[],"product_cat":[34,71],"product_tag":[765,761,670,626,657],"class_list":["post-7812","product","type-product","status-publish","has-post-thumbnail","hentry","product_cat-cybex","product_cat-wozki-spacerowe","product_tag-atrakcje-dla-dzieci-warszawa","product_tag-choinko-piekna-jak-las-tekst","product_tag-irma","product_tag-jacek","product_tag-lol-kolorowanka"],"_links":{"self":[{"href":"http:\/\/klubmamgdynia.pl\/index.php\/wp-json\/wp\/v2\/product\/7812","targetHints":{"allow":["GET"]}}],"collection":[{"href":"http:\/\/klubmamgdynia.pl\/index.php\/wp-json\/wp\/v2\/product"}],"about":[{"href":"http:\/\/klubmamgdynia.pl\/index.php\/wp-json\/wp\/v2\/types\/product"}],"replies":[{"embeddable":true,"href":"http:\/\/klubmamgdynia.pl\/index.php\/wp-json\/wp\/v2\/comments?post=7812"}],"wp:featuredmedia":[{"embeddable":true,"href":"http:\/\/klubmamgdynia.pl\/index.php\/wp-json\/wp\/v2\/media\/7813"}],"wp:attachment":[{"href":"http:\/\/klubmamgdynia.pl\/index.php\/wp-json\/wp\/v2\/media?parent=7812"}],"wp:term":[{"taxonomy":"product_cat","embeddable":true,"href":"http:\/\/klubmamgdynia.pl\/index.php\/wp-json\/wp\/v2\/product_cat?post=7812"},{"taxonomy":"product_tag","embeddable":true,"href":"http:\/\/klubmamgdynia.pl\/index.php\/wp-json\/wp\/v2\/product_tag?post=7812"}],"curies":[{"name":"wp","href":"https:\/\/api.w.org\/{rel}","templated":true}]}}