{"id":7814,"date":"2022-08-25T03:09:18","date_gmt":"2022-08-25T01:09:18","guid":{"rendered":"http:\/\/klubmamgdynia.pl\/index.php\/produkt\/vitammy-koncowki-do-irygatora-aquarius-4szt-5177279c6\/"},"modified":"2026-04-30T18:11:02","modified_gmt":"2026-04-30T16:11:02","slug":"vitammy-koncowki-do-irygatora-aquarius-4szt-5177279c6","status":"publish","type":"product","link":"http:\/\/klubmamgdynia.pl\/index.php\/produkt\/vitammy-koncowki-do-irygatora-aquarius-4szt-5177279c6\/","title":{"rendered":"Vitammy Ko\u0144c\u00f3wki Do Irygatora Aquarius 4Szt. (5177279C6)"},"content":{"rendered":"<p>Zapasowe ko\u0144c\u00f3wki do irygatora Vitammy AQUARIUS &#8211; 4 sztuki w opakowaniu. Producent radzi zmienia\u0107 ko\u0144c\u00f3wk\u0119 irygatora co 6 miesi\u0119cy. Opakowanie wystarczy na 2 lata.<\/p>\n<h2>Vitammy Ko\u0144c\u00f3wki Do Irygatora Aquarius 4Szt. (5177279C6) Vitammy<\/h2>\n<p>dyplomy do druku, na wyspach bergamutach tekst, kolorowanki miasto dzieci, kwiaty polne nazwy, m\u0105dre prezenty dla 7 latki, jad\u0105 jad\u0105 misie tekst<\/p>\n<p>yyyyy<\/p>\n<p>&nbsp;<\/p>\n","protected":false},"excerpt":{"rendered":"<p>Zapasowe ko\u0144c\u00f3wki do irygatora Vitammy AQUARIUS &#8211; 4 sztuki w opakowaniu. Producent radzi zmienia\u0107 ko\u0144c\u00f3wk\u0119 irygatora co 6 miesi\u0119cy. Opakowanie wystarczy na 2 lata. Vitammy Ko\u0144c\u00f3wki Do Irygatora Aquarius 4Szt. (5177279C6) Vitammy dyplomy do druku, na wyspach bergamutach tekst, kolorowanki miasto dzieci, kwiaty polne nazwy, m\u0105dre prezenty dla 7 latki, jad\u0105 jad\u0105 misie tekst yyyyy [&hellip;]<\/p>\n","protected":false},"featured_media":7815,"comment_status":"closed","ping_status":"open","template":"","meta":[],"product_cat":[1646,1655],"product_tag":[648,681,780,855,759,840],"class_list":["post-7814","product","type-product","status-publish","has-post-thumbnail","hentry","product_cat-koncowki-do-szczoteczek-elektrycznych","product_cat-vitammy","product_tag-dobrej-nocy-i-sza","product_tag-flagi-europy-quiz","product_tag-krecik-bajka","product_tag-nietypowe-imiona-zenskie","product_tag-pomysly-na-prezent-dla-nastolatkow","product_tag-stare-bajki"],"_links":{"self":[{"href":"http:\/\/klubmamgdynia.pl\/index.php\/wp-json\/wp\/v2\/product\/7814","targetHints":{"allow":["GET"]}}],"collection":[{"href":"http:\/\/klubmamgdynia.pl\/index.php\/wp-json\/wp\/v2\/product"}],"about":[{"href":"http:\/\/klubmamgdynia.pl\/index.php\/wp-json\/wp\/v2\/types\/product"}],"replies":[{"embeddable":true,"href":"http:\/\/klubmamgdynia.pl\/index.php\/wp-json\/wp\/v2\/comments?post=7814"}],"wp:featuredmedia":[{"embeddable":true,"href":"http:\/\/klubmamgdynia.pl\/index.php\/wp-json\/wp\/v2\/media\/7815"}],"wp:attachment":[{"href":"http:\/\/klubmamgdynia.pl\/index.php\/wp-json\/wp\/v2\/media?parent=7814"}],"wp:term":[{"taxonomy":"product_cat","embeddable":true,"href":"http:\/\/klubmamgdynia.pl\/index.php\/wp-json\/wp\/v2\/product_cat?post=7814"},{"taxonomy":"product_tag","embeddable":true,"href":"http:\/\/klubmamgdynia.pl\/index.php\/wp-json\/wp\/v2\/product_tag?post=7814"}],"curies":[{"name":"wp","href":"https:\/\/api.w.org\/{rel}","templated":true}]}}