{"id":7816,"date":"2021-06-24T22:52:02","date_gmt":"2021-06-24T20:52:02","guid":{"rendered":"http:\/\/klubmamgdynia.pl\/index.php\/produkt\/brush-baby-kidzsonic-4-szt-3-6-lat-e7e474398\/"},"modified":"2026-04-23T15:00:11","modified_gmt":"2026-04-23T13:00:11","slug":"brush-baby-kidzsonic-4-szt-3-6-lat-e7e474398","status":"publish","type":"product","link":"http:\/\/klubmamgdynia.pl\/index.php\/produkt\/brush-baby-kidzsonic-4-szt-3-6-lat-e7e474398\/","title":{"rendered":"BRUSH-BABY KIDZSONIC 4 SZT 3-6 LAT E7E474398"},"content":{"rendered":"<p>Ko\u0144c\u00f3wki do szczoteczki sonicznej dla dzieci Brush-Baby KidzSonic 3-6 lat &#8211; du\u017ce opakowanie 4 sztuki Ko\u0144c\u00f3wki posiadaj\u0105 niedu\u017c\u0105 g\u0142\u00f3wk\u0119, co u\u0142atwia mycie z\u0105bk\u00f3w dzieci od 3 lat. Wysokiej jako\u015bci w\u0142\u00f3kna DuPont s\u0105 mi\u0119kkie i delikatne dla z\u0119b\u00f3w i dzi\u0105se\u0142. Co wyr\u00f3\u017cnia ko\u0144c\u00f3wki Brush-Baby? Dwie d\u0142ugo\u015bci w\u0142\u00f3kien, dzi\u0119ki czemu czyszczenie trudno dost\u0119pnych miejsc jest znacznie \u0142atwiejsze i dok\u0142adniejsze. D\u0142u\u017csze w\u0142\u00f3kna docieraj\u0105 do przestrzeni mi\u0119dzy z\u0119bami oraz w obszary pod lini\u0105 dzi\u0105se\u0142. Tak skonstruowana ko\u0144c\u00f3wka w po\u0142\u0105czeniu z delikatnymi drganiami szczoteczki sonicznej zapewnia bardzo dok\u0142adne usuwanie p\u0142ytki naz\u0119bnej, co w d\u0142u\u017cszej perspektywie zapewnia lepsz\u0105 ochron\u0119 przed pr\u00f3chnic\u0105. Zalety ko\u0144c\u00f3wek: malutka g\u0142\u00f3wka szczoteczki &#8211; idealna dla dzieci innowacyjne w\u0142osie r\u00f3\u017cnej d\u0142ugo\u015bci lepiej redukuje p\u0142ytk\u0119 naz\u0119bn\u0105 z przestrzeni mi\u0119dzyz\u0119bowych wyj\u0105tkowo mi\u0119kkie w\u0142osie &#8211; delikatne wibracje oraz wygodny uchwyt UWAGA &#8211; produkt jest przeznaczony do stosowania pod kontrol\u0105 rodzic\u00f3w\/opiekun\u00f3w<\/p>\n<h2>BRUSH-BABY KIDZSONIC 4 SZT 3-6 LAT E7E474398 Brushbaby<\/h2>\n<p>list do gwiazdora, kolorowanka flamingi, zagadki logiczne matematyczne dla dzieci, narysowa\u0107 rysunki \u0142atwe, bajka o sowie, imie paula, prezenty dla nastolatk\u00f3w 2021, nasza zima z\u0142a tekst, wielkanocne zagadki, imiona dla dzieci 2019, quizy dla dzieci z bajek, flagi europy quiz, kolorowanka pies<\/p>\n<p>yyyyy<\/p>\n<p>&nbsp;<\/p>\n","protected":false},"excerpt":{"rendered":"<p>Ko\u0144c\u00f3wki do szczoteczki sonicznej dla dzieci Brush-Baby KidzSonic 3-6 lat &#8211; du\u017ce opakowanie 4 sztuki Ko\u0144c\u00f3wki posiadaj\u0105 niedu\u017c\u0105 g\u0142\u00f3wk\u0119, co u\u0142atwia mycie z\u0105bk\u00f3w dzieci od 3 lat. Wysokiej jako\u015bci w\u0142\u00f3kna DuPont s\u0105 mi\u0119kkie i delikatne dla z\u0119b\u00f3w i dzi\u0105se\u0142. Co wyr\u00f3\u017cnia ko\u0144c\u00f3wki Brush-Baby? Dwie d\u0142ugo\u015bci w\u0142\u00f3kien, dzi\u0119ki czemu czyszczenie trudno dost\u0119pnych miejsc jest znacznie \u0142atwiejsze [&hellip;]<\/p>\n","protected":false},"featured_media":7817,"comment_status":"closed","ping_status":"open","template":"","meta":[],"product_cat":[1656,1646],"product_tag":[580,620,635],"class_list":["post-7816","product","type-product","status-publish","has-post-thumbnail","hentry","product_cat-brushbaby","product_cat-koncowki-do-szczoteczek-elektrycznych","product_tag-janusz","product_tag-quiz-opowiesci-z-narnii","product_tag-znaki-drogowe-do-druku"],"_links":{"self":[{"href":"http:\/\/klubmamgdynia.pl\/index.php\/wp-json\/wp\/v2\/product\/7816","targetHints":{"allow":["GET"]}}],"collection":[{"href":"http:\/\/klubmamgdynia.pl\/index.php\/wp-json\/wp\/v2\/product"}],"about":[{"href":"http:\/\/klubmamgdynia.pl\/index.php\/wp-json\/wp\/v2\/types\/product"}],"replies":[{"embeddable":true,"href":"http:\/\/klubmamgdynia.pl\/index.php\/wp-json\/wp\/v2\/comments?post=7816"}],"wp:featuredmedia":[{"embeddable":true,"href":"http:\/\/klubmamgdynia.pl\/index.php\/wp-json\/wp\/v2\/media\/7817"}],"wp:attachment":[{"href":"http:\/\/klubmamgdynia.pl\/index.php\/wp-json\/wp\/v2\/media?parent=7816"}],"wp:term":[{"taxonomy":"product_cat","embeddable":true,"href":"http:\/\/klubmamgdynia.pl\/index.php\/wp-json\/wp\/v2\/product_cat?post=7816"},{"taxonomy":"product_tag","embeddable":true,"href":"http:\/\/klubmamgdynia.pl\/index.php\/wp-json\/wp\/v2\/product_tag?post=7816"}],"curies":[{"name":"wp","href":"https:\/\/api.w.org\/{rel}","templated":true}]}}