{"id":7818,"date":"2024-11-26T23:37:21","date_gmt":"2024-11-26T22:37:21","guid":{"rendered":"http:\/\/klubmamgdynia.pl\/?post_type=product&#038;p=7818"},"modified":"2026-04-04T14:30:30","modified_gmt":"2026-04-04T12:30:30","slug":"ekspres-siemens-eq-700-classic-tp703r09","status":"publish","type":"product","link":"http:\/\/klubmamgdynia.pl\/index.php\/produkt\/ekspres-siemens-eq-700-classic-tp703r09\/","title":{"rendered":"Ekspres Siemens EQ.700 classic TP703R09"},"content":{"rendered":"<h2>Ekspres Siemens EQ.700 classic TP703R09 Siemens<\/h2>\n<p>proste dekoracje bo\u017conarodzeniowe dla dzieci, minionki kolorowanka, prezenty dla nastolatk\u00f3w do 50 z\u0142, mia i ja kolorowanka, laurka dla babci, imi\u0119 mia, mia, pies kolorowanka, zosia samosia, zagadki o owocach, pytania wielkanocne, daria imie<\/p>\n<p>yyyyy<\/p>\n<p>&nbsp;<\/p>\n","protected":false},"excerpt":{"rendered":"<p>Ekspres Siemens EQ.700 classic TP703R09 Siemens proste dekoracje bo\u017conarodzeniowe dla dzieci, minionki kolorowanka, prezenty dla nastolatk\u00f3w do 50 z\u0142, mia i ja kolorowanka, laurka dla babci, imi\u0119 mia, mia, pies kolorowanka, zosia samosia, zagadki o owocach, pytania wielkanocne, daria imie yyyyy &nbsp;<\/p>\n","protected":false},"featured_media":7819,"comment_status":"closed","ping_status":"open","template":"","meta":[],"product_cat":[1658,1657],"product_tag":[622,830,843,857,577],"class_list":["post-7818","product","type-product","status-publish","has-post-thumbnail","hentry","product_cat-ekspresy-cisnieniowe","product_cat-siemens","product_tag-fajne-zagadki","product_tag-rodzina-cytaty","product_tag-smieszne-zagadki-dla-dzieci","product_tag-zagadki-dla-dzieci-7-8-lat","product_tag-znaki-drogowe-test"],"_links":{"self":[{"href":"http:\/\/klubmamgdynia.pl\/index.php\/wp-json\/wp\/v2\/product\/7818","targetHints":{"allow":["GET"]}}],"collection":[{"href":"http:\/\/klubmamgdynia.pl\/index.php\/wp-json\/wp\/v2\/product"}],"about":[{"href":"http:\/\/klubmamgdynia.pl\/index.php\/wp-json\/wp\/v2\/types\/product"}],"replies":[{"embeddable":true,"href":"http:\/\/klubmamgdynia.pl\/index.php\/wp-json\/wp\/v2\/comments?post=7818"}],"wp:featuredmedia":[{"embeddable":true,"href":"http:\/\/klubmamgdynia.pl\/index.php\/wp-json\/wp\/v2\/media\/7819"}],"wp:attachment":[{"href":"http:\/\/klubmamgdynia.pl\/index.php\/wp-json\/wp\/v2\/media?parent=7818"}],"wp:term":[{"taxonomy":"product_cat","embeddable":true,"href":"http:\/\/klubmamgdynia.pl\/index.php\/wp-json\/wp\/v2\/product_cat?post=7818"},{"taxonomy":"product_tag","embeddable":true,"href":"http:\/\/klubmamgdynia.pl\/index.php\/wp-json\/wp\/v2\/product_tag?post=7818"}],"curies":[{"name":"wp","href":"https:\/\/api.w.org\/{rel}","templated":true}]}}