{"id":782,"date":"2013-09-05T02:48:45","date_gmt":"2013-09-05T00:48:45","guid":{"rendered":"http:\/\/klubmamgdynia.pl\/index.php\/produkt\/canpol-babies-gryzak-wodny-dla-niemowlat-babelki-niebieskie-56-132\/"},"modified":"2026-05-17T22:10:50","modified_gmt":"2026-05-17T20:10:50","slug":"canpol-babies-gryzak-wodny-dla-niemowlat-babelki-niebieskie-56-132","status":"publish","type":"product","link":"http:\/\/klubmamgdynia.pl\/index.php\/produkt\/canpol-babies-gryzak-wodny-dla-niemowlat-babelki-niebieskie-56-132\/","title":{"rendered":"CANPOL BABIES GRYZAK WODNY DLA NIEMOWL\u0104T B\u0104BELKI &#8211; NIEBIESKIE (56\/132)"},"content":{"rendered":"<p>Ukoj\u0105 b\u00f3l dzi\u0105se\u0142 w czasie z\u0105bkowania. Kolorowe, o r\u00f3\u017cnych wielko\u015bciach i kszta\u0142tach wykonane s\u0105 z nietoksycznego, mi\u0119kkiego tworzywa wype\u0142nionego destylowan\u0105 wod\u0105. S\u0105 \u0142atwe do uchwycenia i utrzymania w ma\u0142ych r\u0105czkach.Przed podaniem dziecku gryzak nale\u017cy sch\u0142odzi\u0107 w lod\u00f3wce.DODATKOWE INFORMACJE:wiek: +0mstan: nowyw opakowaniu: 1 szt.wzory: czerwony, niebieski<\/p>\n<h2>CANPOL BABIES GRYZAK WODNY DLA NIEMOWL\u0104T B\u0104BELKI &#8211; NIEBIESKIE (56\/132) Canpol babies<\/h2>\n<p>cytaty o dziecku, znaczenie imiona monika, kolorowanka \u015bwinka peppa, dinozaur bajka, pies kolorowanka, upominek dla nastolatk\u00f3w, prezent dla dziecka 1 rok, kinderbal przepisy, rozalia imie, wakacyjne kolorowanki, przyja\u017a\u0144 cytaty, zaproszenia na urodziny dla dzieci do druku, ilona, wakacje kolorowanka, nela imi\u0119, znaczenie imiona dawid, zabawka na roczek dla ch\u0142opca, minionki kolorowanka, kolorowanka ninjago, lego ninjago kolorowanka, cytaty korczak<\/p>\n<p>yyyyy<\/p>\n<p>&nbsp;<\/p>\n","protected":false},"excerpt":{"rendered":"<p>Ukoj\u0105 b\u00f3l dzi\u0105se\u0142 w czasie z\u0105bkowania. Kolorowe, o r\u00f3\u017cnych wielko\u015bciach i kszta\u0142tach wykonane s\u0105 z nietoksycznego, mi\u0119kkiego tworzywa wype\u0142nionego destylowan\u0105 wod\u0105. S\u0105 \u0142atwe do uchwycenia i utrzymania w ma\u0142ych r\u0105czkach.Przed podaniem dziecku gryzak nale\u017cy sch\u0142odzi\u0107 w lod\u00f3wce.DODATKOWE INFORMACJE:wiek: +0mstan: nowyw opakowaniu: 1 szt.wzory: czerwony, niebieski CANPOL BABIES GRYZAK WODNY DLA NIEMOWL\u0104T B\u0104BELKI &#8211; NIEBIESKIE (56\/132) [&hellip;]<\/p>\n","protected":false},"featured_media":783,"comment_status":"closed","ping_status":"open","template":"","meta":[],"product_cat":[68,63],"product_tag":[776,667,631,823],"class_list":["post-782","product","type-product","status-publish","has-post-thumbnail","hentry","product_cat-canpol-babies","product_cat-grzechotki-i-gryzaki","product_tag-dobrej-nocy","product_tag-kolorowanka-lol","product_tag-prezent-na-roczek","product_tag-zagadki-dla-dzieci-7-lat"],"_links":{"self":[{"href":"http:\/\/klubmamgdynia.pl\/index.php\/wp-json\/wp\/v2\/product\/782","targetHints":{"allow":["GET"]}}],"collection":[{"href":"http:\/\/klubmamgdynia.pl\/index.php\/wp-json\/wp\/v2\/product"}],"about":[{"href":"http:\/\/klubmamgdynia.pl\/index.php\/wp-json\/wp\/v2\/types\/product"}],"replies":[{"embeddable":true,"href":"http:\/\/klubmamgdynia.pl\/index.php\/wp-json\/wp\/v2\/comments?post=782"}],"wp:featuredmedia":[{"embeddable":true,"href":"http:\/\/klubmamgdynia.pl\/index.php\/wp-json\/wp\/v2\/media\/783"}],"wp:attachment":[{"href":"http:\/\/klubmamgdynia.pl\/index.php\/wp-json\/wp\/v2\/media?parent=782"}],"wp:term":[{"taxonomy":"product_cat","embeddable":true,"href":"http:\/\/klubmamgdynia.pl\/index.php\/wp-json\/wp\/v2\/product_cat?post=782"},{"taxonomy":"product_tag","embeddable":true,"href":"http:\/\/klubmamgdynia.pl\/index.php\/wp-json\/wp\/v2\/product_tag?post=782"}],"curies":[{"name":"wp","href":"https:\/\/api.w.org\/{rel}","templated":true}]}}