{"id":7820,"date":"2021-06-11T19:02:52","date_gmt":"2021-06-11T17:02:52","guid":{"rendered":"http:\/\/klubmamgdynia.pl\/index.php\/produkt\/carrera-go-tor-nintendo-143-62317\/"},"modified":"2026-05-17T22:12:56","modified_gmt":"2026-05-17T20:12:56","slug":"carrera-go-tor-nintendo-143-62317","status":"publish","type":"product","link":"http:\/\/klubmamgdynia.pl\/index.php\/produkt\/carrera-go-tor-nintendo-143-62317\/","title":{"rendered":"Carrera Go!!! Tor Nintendo 1:43 62317"},"content":{"rendered":"<p>Tor Carrera na baterie Mario Kart. W zestawie dwa pojazdy: karty Mario i Luigi. Zasilanie baterie 4 x R20 (nie zawiera). Wymiary: d\u0142.toru 240 cm, po roz\u0142o\u017ceniu 95 x 47 cm, op. 50 x 30 x 7 cm.<\/p>\n<h2>Carrera Go!!! Tor Nintendo 1:43 62317 Carrera<\/h2>\n<p>po\u0142\u0105cz kropki do druku, sky kolorowanka, lilianna, cytat na dzie\u0144 matki, koty kolorowanka, test opowie\u015bci z narnii lew czarownica i stara szafa do druku, 45 pa\u0144stw europy i ich stolice quiz, kr\u00f3tkie zagadki dla doros\u0142ych, wszystkie flagi \u015bwiata quiz, zaproszenia na urodziny do druku, m\u0105dre prezenty dla 7 latki, cytaty o wychowaniu dzieci, quiz o samochodach, zagadki podchwytliwe z odpowiedziami, quiz o stolicach europy, quiz flagi, sentencje o przyja\u017ani, kolorowanki \u015bwi\u0105teczne do druku pdf, kajko i kokosz test z lektury, cukierku ty \u0142obuzie test, karty pracy dla dzieci z ukrainy pdf<\/p>\n<p>yyyyy<\/p>\n<p>&nbsp;<\/p>\n","protected":false},"excerpt":{"rendered":"<p>Tor Carrera na baterie Mario Kart. W zestawie dwa pojazdy: karty Mario i Luigi. Zasilanie baterie 4 x R20 (nie zawiera). Wymiary: d\u0142.toru 240 cm, po roz\u0142o\u017ceniu 95 x 47 cm, op. 50 x 30 x 7 cm. Carrera Go!!! Tor Nintendo 1:43 62317 Carrera po\u0142\u0105cz kropki do druku, sky kolorowanka, lilianna, cytat na dzie\u0144 [&hellip;]<\/p>\n","protected":false},"featured_media":7821,"comment_status":"closed","ping_status":"open","template":"","meta":[],"product_cat":[140,470],"product_tag":[865,731,745,718,737],"class_list":["post-7820","product","type-product","status-publish","has-post-thumbnail","hentry","product_cat-carrera","product_cat-modele-zdalnie-sterowane","product_tag-cytaty-o-dzieciach","product_tag-maly-ksiaze-cytaty","product_tag-prezent-dla-15-latki","product_tag-prezent-na-roczek-dla-chrzesniaka","product_tag-test-z-lektury-felix-net-i-nika-oraz-gang-niewidzialnych-ludzi"],"_links":{"self":[{"href":"http:\/\/klubmamgdynia.pl\/index.php\/wp-json\/wp\/v2\/product\/7820","targetHints":{"allow":["GET"]}}],"collection":[{"href":"http:\/\/klubmamgdynia.pl\/index.php\/wp-json\/wp\/v2\/product"}],"about":[{"href":"http:\/\/klubmamgdynia.pl\/index.php\/wp-json\/wp\/v2\/types\/product"}],"replies":[{"embeddable":true,"href":"http:\/\/klubmamgdynia.pl\/index.php\/wp-json\/wp\/v2\/comments?post=7820"}],"wp:featuredmedia":[{"embeddable":true,"href":"http:\/\/klubmamgdynia.pl\/index.php\/wp-json\/wp\/v2\/media\/7821"}],"wp:attachment":[{"href":"http:\/\/klubmamgdynia.pl\/index.php\/wp-json\/wp\/v2\/media?parent=7820"}],"wp:term":[{"taxonomy":"product_cat","embeddable":true,"href":"http:\/\/klubmamgdynia.pl\/index.php\/wp-json\/wp\/v2\/product_cat?post=7820"},{"taxonomy":"product_tag","embeddable":true,"href":"http:\/\/klubmamgdynia.pl\/index.php\/wp-json\/wp\/v2\/product_tag?post=7820"}],"curies":[{"name":"wp","href":"https:\/\/api.w.org\/{rel}","templated":true}]}}