{"id":7822,"date":"2021-07-05T20:04:31","date_gmt":"2021-07-05T18:04:31","guid":{"rendered":"http:\/\/klubmamgdynia.pl\/index.php\/produkt\/ricokids-kuchnia-drewniana-dla-dzieci-rc-798-zabawka\/"},"modified":"2026-04-06T01:38:11","modified_gmt":"2026-04-05T23:38:11","slug":"ricokids-kuchnia-drewniana-dla-dzieci-rc-798-zabawka","status":"publish","type":"product","link":"http:\/\/klubmamgdynia.pl\/index.php\/produkt\/ricokids-kuchnia-drewniana-dla-dzieci-rc-798-zabawka\/","title":{"rendered":"Ricokids Kuchnia drewniana dla dzieci RC-798 &#8211; Zabawka"},"content":{"rendered":"<p>Kuchnia drewniana dla dzieciWi\u0119cej ni\u017c zwyk\u0142a zabawkaNajnowszy model drewnianej kuchni od Ricokids zapewni dziecku zabaw\u0119 i doskonale wp\u0142ynie na jego rozw\u00f3j. Dzi\u0119ki interaktywnym elementom dziecko nauczy si\u0119 samodzielno\u015bci, wsp\u00f3\u0142pracy i rozwinie swoj\u0105kreatywno\u015b\u0107.Solidna drewniana konstrukcja w stylu retro sprawi, \u017ce kuchnia b\u0119dzie stanowi\u0142a dekoracj\u0119 ka\u017cdego pokoju.Ta kuchnia to marzenie ka\u017cdego ma\u0142ego kuchcika. Otwierane drzwiczki, ruchome pokr\u0119t\u0142a, stylowy telefon dostarcz\u0105 zabawy na wiele godzin.FARTUSZEK GRATIS!PrzyGOTUJ si\u0119 na pyszn\u0105 zabaw\u0119Solidna drewniana konstrukcja w stylu retro sprawi, \u017ce kuchnia b\u0119dzie stanowi\u0142a dekoracj\u0119 ka\u017cdego pokoju.W sk\u0142ad kuchni wchodzi:Lod\u00f3wka \u2013 do przechowywania smako\u0142yk\u00f3w dla lalekKostkarka do lodu i dozownik wody &#8211; nowoczesny dodatekTelefon &#8211; do przyjmowania zam\u00f3wie\u0144Zamra\u017calnik \u2013 gdzie mo\u017cna schowa\u0107 zapasyPiekarnik \u2013 do pieczenia ciasteczek z plastelinySzafka na garnkiKuchenka z palnikami i ruchomymi pokr\u0119t\u0142amiZlew z obracanymi kurkami \u2013 mo\u017cna wyjmowa\u0107 i wlewa\u0107 wod\u0119P\u00f3\u0142ki na przybory kuchenneMikrofal\u00f3wka \u2013 do podgrzewania obiad\u00f3wFartuszek &#8211; GRATISLiczne ruchome elementyIdealnie dopasowane do kuchni Ricokids garnki i warzywa &#8211; dost\u0119pnych na naszych pozosta\u0142ych aukcjach!Dopracowane detale!PrzyGOTUJ si\u0119 na pyszn\u0105 zabaw\u0119!Bezpieczne o\u015bwietlenie!W zestawie znajduje si\u0119 lampka LED, kt\u00f3r\u0105 mo\u017cna przytwierdzi\u0107 w dowolnym miejscu.Interaktywna przygoda w kuchniKuchnia Ricokids to edukacyjna zabawka, kt\u00f3ra pozwoli twojemu dziecku poczu\u0107 si\u0119 jak w prawdziwej kuchni. Dzi\u0119ki otwieranym drzwiczkom, przekr\u0119canym pokr\u0119t\u0142om i wyposa\u017ceniu wygl\u0105daj\u0105cym jak prawdzie, dziecko b\u0119dzie si\u0119 \u015bwietnie bawi\u0142o rozwijaj\u0105c zdolno\u015bci manualne.Rodze\u0144stwo mo\u017ce si\u0119 przy niej wsp\u00f3lnie bawi\u0107, ucz\u0105c wsp\u00f3\u0142pracy i poszerzaj\u0105c umiej\u0119tno\u015bci spo\u0142eczne.Zabawa w na\u015bladowanie doros\u0142ych to nie tylko frajda, ale pierwszy krok do nauki wykonywania obowi\u0105zk\u00f3w domowych.Fartuszek gratis!Do kuchni gratis &#8211; fartuszek z uroczym wzorem dla ma\u0142ego Kuchcika.Edukacja i zabawa!Zabawa w gotowanie pozwala rozwin\u0105\u0107 wyobra\u017anie, uczy prawid\u0142owych relacji spo\u0142ecznych, wspomaga rozw\u00f3j oraz dostarcza du\u017co rado\u015bci Twoim pociechom!Dane techniczne:materia\u0142: drewno, p\u0142yta MDFbrak akcesori\u00f3w kuchennych w zestawiecertyfikaty: EN 71-1 EN 71-2 EN 71-3zasilanie lampki led: 3 baterie AAA ka\u017cda (brak w zestawie)wymiary kuchni: 85,5 x 88 x 29 cmfartuszek GRATIS<\/p>\n<h2>Ricokids Kuchnia drewniana dla dzieci RC-798 &#8211; Zabawka Ricokids<\/h2>\n<p>liwia imi\u0119, uk\u0142ad s\u0142oneczny kolorowanka, kartka walentynkowa zrobiona przez dzieci, pu\u0142tusk atrakcje dla dzieci, pa\u0144stwa europy i ich stolice quiz, milena, zagadki dla dzieci z odpowiedziami, wroc\u0142aw dla dzieci, opisy do zdj\u0119\u0107 dziecka, cytat matka, ma\u0142y ksi\u0105\u017ce cytaty, straszne filmy dla dzieci, prezenty dla nastolatkow, oskar imi\u0119, plan lekcji do druku<\/p>\n<p>yyyyy<\/p>\n<p>&nbsp;<\/p>\n","protected":false},"excerpt":{"rendered":"<p>Kuchnia drewniana dla dzieciWi\u0119cej ni\u017c zwyk\u0142a zabawkaNajnowszy model drewnianej kuchni od Ricokids zapewni dziecku zabaw\u0119 i doskonale wp\u0142ynie na jego rozw\u00f3j. Dzi\u0119ki interaktywnym elementom dziecko nauczy si\u0119 samodzielno\u015bci, wsp\u00f3\u0142pracy i rozwinie swoj\u0105kreatywno\u015b\u0107.Solidna drewniana konstrukcja w stylu retro sprawi, \u017ce kuchnia b\u0119dzie stanowi\u0142a dekoracj\u0119 ka\u017cdego pokoju.Ta kuchnia to marzenie ka\u017cdego ma\u0142ego kuchcika. Otwierane drzwiczki, ruchome pokr\u0119t\u0142a, [&hellip;]<\/p>\n","protected":false},"featured_media":7823,"comment_status":"closed","ping_status":"open","template":"","meta":[],"product_cat":[53,1233],"product_tag":[837,766,583,822],"class_list":["post-7822","product","type-product","status-publish","has-post-thumbnail","hentry","product_cat-kaciki-zabaw","product_cat-ricokids","product_tag-cicha-noc-po-angielsku","product_tag-kira","product_tag-kolysanki-dla-dzieci-tekst","product_tag-wierszyki-o-wakacjach-krotkie"],"_links":{"self":[{"href":"http:\/\/klubmamgdynia.pl\/index.php\/wp-json\/wp\/v2\/product\/7822","targetHints":{"allow":["GET"]}}],"collection":[{"href":"http:\/\/klubmamgdynia.pl\/index.php\/wp-json\/wp\/v2\/product"}],"about":[{"href":"http:\/\/klubmamgdynia.pl\/index.php\/wp-json\/wp\/v2\/types\/product"}],"replies":[{"embeddable":true,"href":"http:\/\/klubmamgdynia.pl\/index.php\/wp-json\/wp\/v2\/comments?post=7822"}],"wp:featuredmedia":[{"embeddable":true,"href":"http:\/\/klubmamgdynia.pl\/index.php\/wp-json\/wp\/v2\/media\/7823"}],"wp:attachment":[{"href":"http:\/\/klubmamgdynia.pl\/index.php\/wp-json\/wp\/v2\/media?parent=7822"}],"wp:term":[{"taxonomy":"product_cat","embeddable":true,"href":"http:\/\/klubmamgdynia.pl\/index.php\/wp-json\/wp\/v2\/product_cat?post=7822"},{"taxonomy":"product_tag","embeddable":true,"href":"http:\/\/klubmamgdynia.pl\/index.php\/wp-json\/wp\/v2\/product_tag?post=7822"}],"curies":[{"name":"wp","href":"https:\/\/api.w.org\/{rel}","templated":true}]}}