{"id":7826,"date":"2017-01-08T20:25:06","date_gmt":"2017-01-08T19:25:06","guid":{"rendered":"http:\/\/klubmamgdynia.pl\/index.php\/produkt\/qkids-fleet-rowerek-biegowy-szary\/"},"modified":"2026-05-17T23:08:16","modified_gmt":"2026-05-17T21:08:16","slug":"qkids-fleet-rowerek-biegowy-szary","status":"publish","type":"product","link":"http:\/\/klubmamgdynia.pl\/index.php\/produkt\/qkids-fleet-rowerek-biegowy-szary\/","title":{"rendered":"Qkids Fleet Rowerek biegowy szary"},"content":{"rendered":"<p>Czy warto kupi\u0107 rower biegowy dla dziecka?Bez w\u0105tpienia warto!Dzieci traktuj\u0105 rowerek biegowy przede wszystkim jako fantastyczn\u0105 zabaw\u0119. Ty dzi\u0119ki takiemu pojazdowi, b\u0119dziesz mog\u0142a przemierza\u0107 z Maluchem wi\u0119ksze dystanse. Rowerek biegowy mo\u017cna kupi\u0107 ju\u017c ciekawemu \u015bwiata dwulatkowi.Doskonale wp\u0142ywa na motoryk\u0119 du\u017c\u0105 czyli koordynacj\u0119, si\u0142\u0119 i wytrzyma\u0142o\u015b\u0107.Uczy dziecko oceny odleg\u0142o\u015bci i pr\u0119dko\u015bci.\u0106wiczy reakcje r\u00f3wnowa\u017cne, jak np. przechylanie si\u0119 przy skr\u0119caniuPrzyspiesza p\u00f3\u017aniejszy proces nauki jazdy na rowerze z peda\u0142ami. Nie b\u0119d\u0105 Wam potrzebne boczne k\u00f3\u0142ka, bo zmys\u0142 r\u00f3wnowagi b\u0119dzie ju\u017c doskonale rozwini\u0119ty.Co sprawia, \u017ce QKIDS FLEET jest wyj\u0105tkowy?Pami\u0119tasz, jak pisa\u0142am, \u017ce rowerek powinien by\u0107 lekki? QKIDS FLEET  jest mega lekki! Wa\u017cy tylko 2,5 kg dzi\u0119ki czemu manewry b\u0119d\u0105 \u0142atwiejsze, a Twoje dziecko nie zrobi sobie krzywdy d\u017awigaj\u0105c go. Dodatkowo oszcz\u0119dzisz sw\u00f3j kr\u0119gos\u0142up! Kt\u00f3ra z nas nie prze\u017cy\u0142a tego, \u017ce dziecko idzie poje\u017adzi\u0107 na rowerze, a w ostateczno\u015bci to Mama go nosi ?!QKIDS FLEET posiada wykonane z trwa\u0142ego tworzywa nak\u0142adki, kt\u00f3re zakrywaj\u0105 wszystkie \u0142\u0105czenia i \u015bruby. Przede wszystkim wp\u0142ywa to na bezpiecze\u0144stwo i daje Ci pewno\u015b\u0107, \u017ce dziecko nie zrani si\u0119 podczas korzystania z roweru. Dodatkowo pi\u0119knie wygl\u0105da!Ko\u0142a wykonane z nieprzebijalnej pianki EVA o zwi\u0119kszonej wytrzyma\u0142o\u015bci. Sprawiaj\u0105, ze nie trzeba martwic si\u0119 o ich uszkodzenie podczas jazdy.Rowerek biegowy QKIDS FLEET ma regulowan\u0105 kierownic\u0119 oraz siode\u0142ko, co sprawi, \u017ce pojazd zawsze b\u0119dzie dopasowany do wzrostu dziecka. Kierownica posiada te\u017c antypo\u015blizgowe nak\u0142adki, oraz tekstylny ochraniacz, kt\u00f3ry w razie upadku zamortyzuje uderzenie i zminimalizuje jego skutki.Ruch na \u015bwie\u017cym powietrzu to samo zdrowie! Wsiadajcie wi\u0119c na QKIDS FLEET i w drog\u0119 !<\/p>\n<h2>Qkids Fleet Rowerek biegowy szary Qkids<\/h2>\n<p>trudne zagadki i odpowiedzi, super zings kolorowanka, zagadki wielkanocne przedszkole, mandala kolorowanka, zabawa dla 7 latka, ja\u015bmina imie, zyczenia walentynkowe dla dzieci, prezent dla 16 latki<\/p>\n<p>yyyyy<\/p>\n<p>&nbsp;<\/p>\n","protected":false},"excerpt":{"rendered":"<p>Czy warto kupi\u0107 rower biegowy dla dziecka?Bez w\u0105tpienia warto!Dzieci traktuj\u0105 rowerek biegowy przede wszystkim jako fantastyczn\u0105 zabaw\u0119. Ty dzi\u0119ki takiemu pojazdowi, b\u0119dziesz mog\u0142a przemierza\u0107 z Maluchem wi\u0119ksze dystanse. Rowerek biegowy mo\u017cna kupi\u0107 ju\u017c ciekawemu \u015bwiata dwulatkowi.Doskonale wp\u0142ywa na motoryk\u0119 du\u017c\u0105 czyli koordynacj\u0119, si\u0142\u0119 i wytrzyma\u0142o\u015b\u0107.Uczy dziecko oceny odleg\u0142o\u015bci i pr\u0119dko\u015bci.\u0106wiczy reakcje r\u00f3wnowa\u017cne, jak np. przechylanie [&hellip;]<\/p>\n","protected":false},"featured_media":7827,"comment_status":"closed","ping_status":"open","template":"","meta":[],"product_cat":[1375,453],"product_tag":[700,660,723,731,582],"class_list":["post-7826","product","type-product","status-publish","has-post-thumbnail","hentry","product_cat-qkids","product_cat-rowerki-biegowe","product_tag-bajki-do-czytania-dla-dzieci","product_tag-bianka","product_tag-krotkie-bajki-do-czytania-na-dobranoc","product_tag-maly-ksiaze-cytaty","product_tag-nauka-pisania-literek-do-wydruku-pdf"],"_links":{"self":[{"href":"http:\/\/klubmamgdynia.pl\/index.php\/wp-json\/wp\/v2\/product\/7826","targetHints":{"allow":["GET"]}}],"collection":[{"href":"http:\/\/klubmamgdynia.pl\/index.php\/wp-json\/wp\/v2\/product"}],"about":[{"href":"http:\/\/klubmamgdynia.pl\/index.php\/wp-json\/wp\/v2\/types\/product"}],"replies":[{"embeddable":true,"href":"http:\/\/klubmamgdynia.pl\/index.php\/wp-json\/wp\/v2\/comments?post=7826"}],"wp:featuredmedia":[{"embeddable":true,"href":"http:\/\/klubmamgdynia.pl\/index.php\/wp-json\/wp\/v2\/media\/7827"}],"wp:attachment":[{"href":"http:\/\/klubmamgdynia.pl\/index.php\/wp-json\/wp\/v2\/media?parent=7826"}],"wp:term":[{"taxonomy":"product_cat","embeddable":true,"href":"http:\/\/klubmamgdynia.pl\/index.php\/wp-json\/wp\/v2\/product_cat?post=7826"},{"taxonomy":"product_tag","embeddable":true,"href":"http:\/\/klubmamgdynia.pl\/index.php\/wp-json\/wp\/v2\/product_tag?post=7826"}],"curies":[{"name":"wp","href":"https:\/\/api.w.org\/{rel}","templated":true}]}}