{"id":7828,"date":"2019-01-16T20:21:59","date_gmt":"2019-01-16T19:21:59","guid":{"rendered":"http:\/\/klubmamgdynia.pl\/index.php\/produkt\/fotelik-samochodowy-avionaut-aerofix-i-size-2-0-0-18kg-af-06-mint\/"},"modified":"2026-04-30T10:37:05","modified_gmt":"2026-04-30T08:37:05","slug":"fotelik-samochodowy-avionaut-aerofix-i-size-2-0-0-18kg-af-06-mint","status":"publish","type":"product","link":"http:\/\/klubmamgdynia.pl\/index.php\/produkt\/fotelik-samochodowy-avionaut-aerofix-i-size-2-0-0-18kg-af-06-mint\/","title":{"rendered":"Fotelik samochodowy Avionaut Aerofix I-Size 2.0 0-18Kg Af 06 Mint"},"content":{"rendered":"<h2>Fotelik samochodowy Avionaut Aerofix I-Size 2.0 0-18Kg Af 06 Mint Avionaut<\/h2>\n<p>imie gaja, imiona dla dzieci 2019, z\u0142ote my\u015bli kubu\u015b puchatek cytaty, ciekawe zagadki, maska kota, zosia samosia, kolorowanka ninjago, atrakcje wroc\u0142aw i okolice, flagi europy quiz, policja kolorowanka, tr\u00f3jmiasto atrakcje dla dzieci, cytat mama, julian znaczenie imienia, bezwarunkowa mi\u0142o\u015b\u0107 do dziecka cytaty, kolorowanka ninjago, sentencje o rodzinie, kr\u00f3tkie bajki do czytania na dobranoc<\/p>\n<p>yyyyy<\/p>\n<p>&nbsp;<\/p>\n","protected":false},"excerpt":{"rendered":"<p>Fotelik samochodowy Avionaut Aerofix I-Size 2.0 0-18Kg Af 06 Mint Avionaut imie gaja, imiona dla dzieci 2019, z\u0142ote my\u015bli kubu\u015b puchatek cytaty, ciekawe zagadki, maska kota, zosia samosia, kolorowanka ninjago, atrakcje wroc\u0142aw i okolice, flagi europy quiz, policja kolorowanka, tr\u00f3jmiasto atrakcje dla dzieci, cytat mama, julian znaczenie imienia, bezwarunkowa mi\u0142o\u015b\u0107 do dziecka cytaty, kolorowanka ninjago, [&hellip;]<\/p>\n","protected":false},"featured_media":7829,"comment_status":"closed","ping_status":"open","template":"","meta":[],"product_cat":[993,32],"product_tag":[776,775,855,590,816,705],"class_list":["post-7828","product","type-product","status-publish","has-post-thumbnail","hentry","product_cat-avionaut","product_cat-foteliki-samochodowe","product_tag-dobrej-nocy","product_tag-kolorowanki-do-druku-pokemon","product_tag-nietypowe-imiona-zenskie","product_tag-plac-zabaw-warszawa","product_tag-place-zabaw-warszawa","product_tag-prezent-na-roczek-dla-chlopca"],"_links":{"self":[{"href":"http:\/\/klubmamgdynia.pl\/index.php\/wp-json\/wp\/v2\/product\/7828","targetHints":{"allow":["GET"]}}],"collection":[{"href":"http:\/\/klubmamgdynia.pl\/index.php\/wp-json\/wp\/v2\/product"}],"about":[{"href":"http:\/\/klubmamgdynia.pl\/index.php\/wp-json\/wp\/v2\/types\/product"}],"replies":[{"embeddable":true,"href":"http:\/\/klubmamgdynia.pl\/index.php\/wp-json\/wp\/v2\/comments?post=7828"}],"wp:featuredmedia":[{"embeddable":true,"href":"http:\/\/klubmamgdynia.pl\/index.php\/wp-json\/wp\/v2\/media\/7829"}],"wp:attachment":[{"href":"http:\/\/klubmamgdynia.pl\/index.php\/wp-json\/wp\/v2\/media?parent=7828"}],"wp:term":[{"taxonomy":"product_cat","embeddable":true,"href":"http:\/\/klubmamgdynia.pl\/index.php\/wp-json\/wp\/v2\/product_cat?post=7828"},{"taxonomy":"product_tag","embeddable":true,"href":"http:\/\/klubmamgdynia.pl\/index.php\/wp-json\/wp\/v2\/product_tag?post=7828"}],"curies":[{"name":"wp","href":"https:\/\/api.w.org\/{rel}","templated":true}]}}