{"id":7830,"date":"2011-09-14T19:33:38","date_gmt":"2011-09-14T17:33:38","guid":{"rendered":"http:\/\/klubmamgdynia.pl\/index.php\/produkt\/acidolac-20-kaps\/"},"modified":"2026-05-17T23:16:12","modified_gmt":"2026-05-17T21:16:12","slug":"acidolac-20-kaps","status":"publish","type":"product","link":"http:\/\/klubmamgdynia.pl\/index.php\/produkt\/acidolac-20-kaps\/","title":{"rendered":"Acidolac 20 kaps."},"content":{"rendered":"<p>ACIDOLAC\u00ae\u00a0Suplement diety20 kapsu\u0142ekAcidolac\u00ae jest suplementem diety zawieraj\u0105cym liofilizowane kultury bakterii probiotycznych Bifidobacterium lactis BS01 oraz Lactobacillus acidophilus LA02 .Sk\u0142adniki:\u00a0maltodekstryna, hydroksypropylometyloceluloza, liofilizat bakterii kwasu mlekowego zawieraj\u0105cy Bifidobacterium lactis BS01 oraz liofilizat bakterii kwasu mlekowego zawieraj\u0105cy Lactobacillus acidophilus LA02 (zawieraj\u0105 bia\u0142ko mleka krowiego i soj\u0119), substancja \u017celuj\u0105ca guma gellan, barwnik dwutlenek tytanu\u00a0Zalecane spo\u017cycie:Dzieci powy\u017cej 3. roku \u017cycia i doro\u015bli: 1-2 kapsu\u0142ki dziennie.\u00a0Zawarto\u015b\u0107 kapsu\u0142ki mo\u017cna spo\u017cy\u0107 bezpo\u015brednio lub po uprzednim wymieszaniu z wod\u0105, jogurtem lub mlekiem. Nie nale\u017cy rozprowadza\u0107 preparatu w gor\u0105cych lub mro\u017conych p\u0142ynach lub pokarmachAcidolac kapsu\u0142ki nale\u017cy przyjmowa\u0107 w okresie antybiotykoterapii i do 2-3 tygodni po zaprzestaniu stosowania antybiotyk\u00f3w. Produkt mo\u017cna stosowa\u0107 tak\u017ce w podr\u00f3\u017cy ze zmian\u0105 strefy klimatycznej, kiedy w przewodzie pokarmowym dochodzi do zmian w sk\u0142adzie mikroflory.Przechowywanie:\u00a0przechowywa\u0107 w temperaturze poni\u017cej 25\u00b0C, w suchym miejscu, w spos\u00f3b niedost\u0119pny dla ma\u0142ych dzieci. Chroni\u0107 przed \u015bwiat\u0142em i wilgoci\u0105. Nie ma konieczno\u015bci przechowywania w lod\u00f3wce.\u00a0Nie nale\u017cy przekracza\u0107 zalecanej porcji do spo\u017cycia w ci\u0105gu dnia.Zr\u00f3wnowa\u017cona i zr\u00f3\u017cnicowana dieta oraz zdrowy styl \u017cycia s\u0105 podstaw\u0105 zapewnienia prawid\u0142owego funkcjonowania organizmu.Produkt nie mo\u017ce by\u0107 stosowany jako substytut zr\u00f3\u017cnicowanej diety.Korzystny efekt wynikaj\u0105cy z deklarowanego dzia\u0142ania wyst\u0119puje w przypadku spo\u017cycia 1 kapsu\u0142ki dziennie.Nie stosowa\u0107 u os\u00f3b uczulonych na kt\u00f3rykolwiek ze sk\u0142adnik\u00f3w produktu.Producent:\u00a0ZF POLPHARMA SAul. Pelpli\u0144ska 1983-200 Starogard Gda\u0144ski                            <\/p>\n<p>                    Sprawd\u017a pozosta\u0142e produkty<\/p>\n<p>            Acidolac 10 kaps.<\/p>\n<p>            Acidolac 20 kaps.<\/p>\n<p>            Acidolac Baby krople 10 ml<\/p>\n<p>            Acidolac Baby 10 sasz.<\/p>\n<p>            Acidolac Junior (bia\u0142a czekolada) x 20 tabl.<\/p>\n<p>            Acidolac Junior smak pomara\u0144czowy 20 misiotabletek<\/p>\n<p>            Acidolac Junior (truskawka) x 20 tabl.<\/p>\n<p>            Acidolac LGG liof. doustny 3g x 10 sasz.<\/p>\n<p>            Entero Acidolac 10 kaps.<\/p>\n<p>            Entero Acidolac 10 sasz.<\/p>\n<h2>Acidolac 20 kaps. ZF Polpharma S.A.<\/h2>\n<p>bajka o biedronce, opowie\u015bci z narnii lew czarownica i stara szafa test do wydruku, wycinanki puzzle do druku, platformy edukacyjne, kanapki dla dzieci, skalne miasto, marcel imi\u0119, prezent na roczek dla ch\u0142opca, lol kolorowanka, kolorowanki my little pony<\/p>\n<p>yyyyy<\/p>\n<p>&nbsp;<\/p>\n","protected":false},"excerpt":{"rendered":"<p>ACIDOLAC\u00ae\u00a0Suplement diety20 kapsu\u0142ekAcidolac\u00ae jest suplementem diety zawieraj\u0105cym liofilizowane kultury bakterii probiotycznych Bifidobacterium lactis BS01 oraz Lactobacillus acidophilus LA02 .Sk\u0142adniki:\u00a0maltodekstryna, hydroksypropylometyloceluloza, liofilizat bakterii kwasu mlekowego zawieraj\u0105cy Bifidobacterium lactis BS01 oraz liofilizat bakterii kwasu mlekowego zawieraj\u0105cy Lactobacillus acidophilus LA02 (zawieraj\u0105 bia\u0142ko mleka krowiego i soj\u0119), substancja \u017celuj\u0105ca guma gellan, barwnik dwutlenek tytanu\u00a0Zalecane spo\u017cycie:Dzieci powy\u017cej 3. roku \u017cycia [&hellip;]<\/p>\n","protected":false},"featured_media":7831,"comment_status":"closed","ping_status":"open","template":"","meta":[],"product_cat":[1533,199],"product_tag":[683,639,855,816,823],"class_list":["post-7830","product","type-product","status-publish","has-post-thumbnail","hentry","product_cat-suplementy-dla-dzieci","product_cat-zf-polpharma-s-a","product_tag-karaluchy-pod-poduchy","product_tag-nela-imie","product_tag-nietypowe-imiona-zenskie","product_tag-place-zabaw-warszawa","product_tag-zagadki-dla-dzieci-7-lat"],"_links":{"self":[{"href":"http:\/\/klubmamgdynia.pl\/index.php\/wp-json\/wp\/v2\/product\/7830","targetHints":{"allow":["GET"]}}],"collection":[{"href":"http:\/\/klubmamgdynia.pl\/index.php\/wp-json\/wp\/v2\/product"}],"about":[{"href":"http:\/\/klubmamgdynia.pl\/index.php\/wp-json\/wp\/v2\/types\/product"}],"replies":[{"embeddable":true,"href":"http:\/\/klubmamgdynia.pl\/index.php\/wp-json\/wp\/v2\/comments?post=7830"}],"wp:featuredmedia":[{"embeddable":true,"href":"http:\/\/klubmamgdynia.pl\/index.php\/wp-json\/wp\/v2\/media\/7831"}],"wp:attachment":[{"href":"http:\/\/klubmamgdynia.pl\/index.php\/wp-json\/wp\/v2\/media?parent=7830"}],"wp:term":[{"taxonomy":"product_cat","embeddable":true,"href":"http:\/\/klubmamgdynia.pl\/index.php\/wp-json\/wp\/v2\/product_cat?post=7830"},{"taxonomy":"product_tag","embeddable":true,"href":"http:\/\/klubmamgdynia.pl\/index.php\/wp-json\/wp\/v2\/product_tag?post=7830"}],"curies":[{"name":"wp","href":"https:\/\/api.w.org\/{rel}","templated":true}]}}