{"id":7834,"date":"2015-02-14T17:40:59","date_gmt":"2015-02-14T16:40:59","guid":{"rendered":"http:\/\/klubmamgdynia.pl\/index.php\/produkt\/fotelik-samochodowy-coletto-avanti-isofix-4-red-15-36kg\/"},"modified":"2026-04-04T01:04:35","modified_gmt":"2026-04-03T23:04:35","slug":"fotelik-samochodowy-coletto-avanti-isofix-4-red-15-36kg","status":"publish","type":"product","link":"http:\/\/klubmamgdynia.pl\/index.php\/produkt\/fotelik-samochodowy-coletto-avanti-isofix-4-red-15-36kg\/","title":{"rendered":"Fotelik samochodowy Coletto Avanti Isofix 4 Red 15-36Kg"},"content":{"rendered":"<p>Fotelik samochodowy Coletto Avanti Isofix Fotelik Coletto Avant Isofix montowany jest za pomoc\u0105 systemu Isofix przodem do kierunku jazdy. Mo\u017cliwo\u015b\u0107 wypi\u0119cia oparcia i u\u017cywania fotelika jako samej podstawki, posiada pe\u0142n\u0105 regulacj\u0119 i ro\u015bnie razem z dzieckiem(regulowana szeroko\u015b\u0107 oparcia i wysoko\u015b\u0107 zag\u0142\u00f3wka) Wykonany z materia\u0142u zapewniaj\u0105cego komfort i zapobiegaj\u0105cego poceniu dziecka. Cechy produktu: Fotelik samochodowy przeznaczony dla dzieci o wadze: 15-36 kg, grupa II+III (4 do 12 lat) posiada system ISOFIX fotelik ro\u015bnie wraz z dzieckiem: regulowana szeroko\u015b\u0107 oparcia wraz z wysoko\u015bci\u0105 zag\u0142\u00f3wka mo\u017cliwo\u015b\u0107 demonta\u017cu oparcia i u\u017cywania samej podstawki siedzisko wykonane z materia\u0142u zapewniaj\u0105cego komfort siedzenia i zapobiegaj\u0105cego poceniu fotelik przeszed\u0142 test zderzeniowy sprawdzaj\u0105cy zgodno\u015b\u0107 z norm\u0105 ECE R44\/04. Test odby\u0142 si\u0119 zgodnie z zaleceniami i specyfikacj\u0105 TNO Dane techniczne: waga: 6 kg maksymalna wysoko\u015b\u0107 oparcia: 69 cm Akcesoria: system isofix Wygoda i bezpiecze\u0144stwo Podr\u00f3\u017cowanie z dzieckiem bywa sporym wyzwaniem, zw\u0142aszcza, je\u015bli posiada si\u0119 niewielki samoch\u00f3d, w kt\u00f3rym ci\u0119\u017cko zamontowa\u0107 fotelik. Coletto Avanti Isofix b\u0119dzie idealnym wyborem dla rodzic\u00f3w, kt\u00f3rzy chc\u0105 zapewni\u0107 maluchowi bezpiecze\u0144stwo podczas podr\u00f3\u017cy kompaktowym samochodem. Mo\u017cliwo\u015b\u0107 obrotu fotelika o 90 stopni usprawni jego montowanie. Rodzice, kt\u00f3rzy zdecydowali si\u0119 na zakup tego produktu jednog\u0142o\u015bnie stwierdzili, \u017ce Coletto Avanti spe\u0142nia ich oczekiwania, daj\u0105c gwarancj\u0119 bezpiecze\u0144stwa dziecku, r\u00f3wnocze\u015bnie zapewniaj\u0105c mu wygod\u0119 &#8211; wszystko dzi\u0119ki dodatkowym udogodnieniom, jak ochrona boczna, opcja regulacji siedziska i zag\u0142\u00f3wka oraz, wyposa\u017cone w mi\u0119kkie otulinki, pasy bezpiecze\u0144stwa.<\/p>\n<h2>Fotelik samochodowy Coletto Avanti Isofix 4 Red 15-36Kg Coletto<\/h2>\n<p>opowie\u015bci z narnii lew czarownica i stara szafa test do wydruku, swinka peppa obrazek, test magiczne drzewo czerwone krzes\u0142o, kolorowanka super zings, kontynenty dla dzieci do druku, opowie\u015bci z narni lew czarownica i stara szafa test, kolorowanki do druku dla ch\u0142opc\u00f3w, gad\u017cety dla nastolatek, na wyspach bergamutach, wiersz na wielkanocnym stole, natan imi\u0119, imi\u0119 kostek, dorian, ach \u015bpij kochanie tekst, starodawne \u017cyczenia bo\u017conarodzeniowe, zaproszenia urodzinowe do druku, laurka kolorowanki na dzie\u0144 mamy<\/p>\n<p>yyyyy<\/p>\n<p>&nbsp;<\/p>\n","protected":false},"excerpt":{"rendered":"<p>Fotelik samochodowy Coletto Avanti Isofix Fotelik Coletto Avant Isofix montowany jest za pomoc\u0105 systemu Isofix przodem do kierunku jazdy. Mo\u017cliwo\u015b\u0107 wypi\u0119cia oparcia i u\u017cywania fotelika jako samej podstawki, posiada pe\u0142n\u0105 regulacj\u0119 i ro\u015bnie razem z dzieckiem(regulowana szeroko\u015b\u0107 oparcia i wysoko\u015b\u0107 zag\u0142\u00f3wka) Wykonany z materia\u0142u zapewniaj\u0105cego komfort i zapobiegaj\u0105cego poceniu dziecka. Cechy produktu: Fotelik samochodowy przeznaczony [&hellip;]<\/p>\n","protected":false},"featured_media":7835,"comment_status":"closed","ping_status":"open","template":"","meta":[],"product_cat":[1642,32],"product_tag":[825,854,593,642,749,798,793],"class_list":["post-7834","product","type-product","status-publish","has-post-thumbnail","hentry","product_cat-coletto","product_cat-foteliki-samochodowe","product_tag-bajka-na-dobranoc-do-czytania","product_tag-cytaty-rodzina","product_tag-jak-narysowac-konia","product_tag-mia-imie","product_tag-najlepsze-zarty-na-prima-aprilis","product_tag-prezenty-dla-nastolatki","product_tag-zagadki-smieszne-podchwytliwe"],"_links":{"self":[{"href":"http:\/\/klubmamgdynia.pl\/index.php\/wp-json\/wp\/v2\/product\/7834","targetHints":{"allow":["GET"]}}],"collection":[{"href":"http:\/\/klubmamgdynia.pl\/index.php\/wp-json\/wp\/v2\/product"}],"about":[{"href":"http:\/\/klubmamgdynia.pl\/index.php\/wp-json\/wp\/v2\/types\/product"}],"replies":[{"embeddable":true,"href":"http:\/\/klubmamgdynia.pl\/index.php\/wp-json\/wp\/v2\/comments?post=7834"}],"wp:featuredmedia":[{"embeddable":true,"href":"http:\/\/klubmamgdynia.pl\/index.php\/wp-json\/wp\/v2\/media\/7835"}],"wp:attachment":[{"href":"http:\/\/klubmamgdynia.pl\/index.php\/wp-json\/wp\/v2\/media?parent=7834"}],"wp:term":[{"taxonomy":"product_cat","embeddable":true,"href":"http:\/\/klubmamgdynia.pl\/index.php\/wp-json\/wp\/v2\/product_cat?post=7834"},{"taxonomy":"product_tag","embeddable":true,"href":"http:\/\/klubmamgdynia.pl\/index.php\/wp-json\/wp\/v2\/product_tag?post=7834"}],"curies":[{"name":"wp","href":"https:\/\/api.w.org\/{rel}","templated":true}]}}