{"id":7836,"date":"2022-10-27T07:09:15","date_gmt":"2022-10-27T05:09:15","guid":{"rendered":"http:\/\/klubmamgdynia.pl\/?post_type=product&#038;p=7836"},"modified":"2026-05-17T22:42:45","modified_gmt":"2026-05-17T20:42:45","slug":"fotelik-samochodowy-ricokids-sandro-czerwony-15-36kg","status":"publish","type":"product","link":"http:\/\/klubmamgdynia.pl\/index.php\/produkt\/fotelik-samochodowy-ricokids-sandro-czerwony-15-36kg\/","title":{"rendered":"Fotelik samochodowy Ricokids Sandro Czerwony 15-36Kg"},"content":{"rendered":"<p>Stan: NowyFaktura: Wystawiam faktur\u0119 VATKod producenta: 7021Marka: RicokidsSeria: SandroKategoria wagowa: 15-36 kgMocowanie fotelika wzgl\u0119dem kierunku jazdy: przodem do kierunku jazdySpos\u00f3b monta\u017cu: samochodowy pas bezpiecze\u0144stwaKolor: odcienie czerwieniModel: Sandro CzerwonyWysoko\u015b\u0107 produktu: 76 cmSzeroko\u015b\u0107 produktu: 44 cmG\u0142\u0119boko\u015b\u0107 produktu: 41 cmWaga produktu: 3.4 kgWaga produktu z opakowaniem jednostkowym: 4.2 kgInformacje dodatkowe: Regulacja siedziska, Regulacja zag\u0142\u00f3wka, Zdejmowana tapicerka<\/p>\n<h2>Fotelik samochodowy Ricokids Sandro Czerwony 15-36Kg Ricokids<\/h2>\n<p>liwia znaczenie imienia, \u015bwinka peppa kolorowanka, zagadki o zwierzetach, prezent dla 1 latka, zagadki co to jest, nela imi\u0119, zaproszenie na urodziny do druku, zagadki dla dzieci 7-8 lat, quiz dynastia mizio\u0142k\u00f3w, piosenka dla mamy tekst, gad\u017cety dla m\u0142odzie\u017cy 2020, warszawa atrakcje dla m\u0142odzie\u017cy, dzie\u0144 matki w\u0142asnor\u0119czny prezent dla mamy od dziecka, materac do basenu, tymoteusz znaczenie imienia, wycinanki puzzle do druku, prezenty na urodziny dla nastolatk\u00f3w, lol kolorowanka, pomysl na prezent na roczek<\/p>\n<p>yyyyy<\/p>\n<p>&nbsp;<\/p>\n","protected":false},"excerpt":{"rendered":"<p>Stan: NowyFaktura: Wystawiam faktur\u0119 VATKod producenta: 7021Marka: RicokidsSeria: SandroKategoria wagowa: 15-36 kgMocowanie fotelika wzgl\u0119dem kierunku jazdy: przodem do kierunku jazdySpos\u00f3b monta\u017cu: samochodowy pas bezpiecze\u0144stwaKolor: odcienie czerwieniModel: Sandro CzerwonyWysoko\u015b\u0107 produktu: 76 cmSzeroko\u015b\u0107 produktu: 44 cmG\u0142\u0119boko\u015b\u0107 produktu: 41 cmWaga produktu: 3.4 kgWaga produktu z opakowaniem jednostkowym: 4.2 kgInformacje dodatkowe: Regulacja siedziska, Regulacja zag\u0142\u00f3wka, Zdejmowana tapicerka Fotelik samochodowy [&hellip;]<\/p>\n","protected":false},"featured_media":7837,"comment_status":"closed","ping_status":"open","template":"","meta":[],"product_cat":[32,1233],"product_tag":[859,613,826,653,812,767],"class_list":["post-7836","product","type-product","status-publish","has-post-thumbnail","hentry","product_cat-foteliki-samochodowe","product_cat-ricokids","product_tag-dobranoc-pchly-na-noc","product_tag-na-wyspach-bergamutach","product_tag-prezent-dla-15-latka","product_tag-warszawa-dla-dzieci","product_tag-zagadki-logiczne-na-inteligencje","product_tag-zaproszenia-urodzinowe-do-druku"],"_links":{"self":[{"href":"http:\/\/klubmamgdynia.pl\/index.php\/wp-json\/wp\/v2\/product\/7836","targetHints":{"allow":["GET"]}}],"collection":[{"href":"http:\/\/klubmamgdynia.pl\/index.php\/wp-json\/wp\/v2\/product"}],"about":[{"href":"http:\/\/klubmamgdynia.pl\/index.php\/wp-json\/wp\/v2\/types\/product"}],"replies":[{"embeddable":true,"href":"http:\/\/klubmamgdynia.pl\/index.php\/wp-json\/wp\/v2\/comments?post=7836"}],"wp:featuredmedia":[{"embeddable":true,"href":"http:\/\/klubmamgdynia.pl\/index.php\/wp-json\/wp\/v2\/media\/7837"}],"wp:attachment":[{"href":"http:\/\/klubmamgdynia.pl\/index.php\/wp-json\/wp\/v2\/media?parent=7836"}],"wp:term":[{"taxonomy":"product_cat","embeddable":true,"href":"http:\/\/klubmamgdynia.pl\/index.php\/wp-json\/wp\/v2\/product_cat?post=7836"},{"taxonomy":"product_tag","embeddable":true,"href":"http:\/\/klubmamgdynia.pl\/index.php\/wp-json\/wp\/v2\/product_tag?post=7836"}],"curies":[{"name":"wp","href":"https:\/\/api.w.org\/{rel}","templated":true}]}}