{"id":7838,"date":"2022-04-09T20:30:02","date_gmt":"2022-04-09T18:30:02","guid":{"rendered":"http:\/\/klubmamgdynia.pl\/index.php\/produkt\/oral-b-koncowka-do-crossaction-3szt-410560\/"},"modified":"2026-04-06T05:49:41","modified_gmt":"2026-04-06T03:49:41","slug":"oral-b-koncowka-do-crossaction-3szt-410560","status":"publish","type":"product","link":"http:\/\/klubmamgdynia.pl\/index.php\/produkt\/oral-b-koncowka-do-crossaction-3szt-410560\/","title":{"rendered":"Oral-B Ko\u0144c\u00f3wka Do Crossaction 3szt. 410560"},"content":{"rendered":"<p>Pojemno\u015b\u0107: 3szt Przeznaczenie: Unisex Rodzaj: Szczoteczka do z\u0119b\u00f3w<\/p>\n<h2>Oral-B Ko\u0144c\u00f3wka Do Crossaction 3szt. 410560 Oral-B<\/h2>\n<p>tabliczka mno\u017cenia karty pracy do druku, prezenty urodzinowe dla nastolatk\u00f3w, z\u0142ote my\u015bli kr\u00f3tkie, minecraft szablony do druku, logiczne zagadki dla dzieci, test ze znak\u00f3w drogowych, opisy rodzina, babciu droga babciu tekst, uk\u0142ad s\u0142oneczny dla dzieci do druku, quizy dla dzieci o zwierz\u0119tach, pozytywne cytaty mama cytaty, prezent dla 15 latki 2021, kamila, \u017cyczenia wielkanocne dla dzieci kr\u00f3tkie, podchwytliwe zagadki i odpowiedzi, prezent dla m\u0142odzie\u017cy, bajka psi patrol do czytania, dobre zagadki logiczne, znaki drogowe quiz, kolorowanki dla dziewczynek<\/p>\n<p>yyyyy<\/p>\n<p>&nbsp;<\/p>\n","protected":false},"excerpt":{"rendered":"<p>Pojemno\u015b\u0107: 3szt Przeznaczenie: Unisex Rodzaj: Szczoteczka do z\u0119b\u00f3w Oral-B Ko\u0144c\u00f3wka Do Crossaction 3szt. 410560 Oral-B tabliczka mno\u017cenia karty pracy do druku, prezenty urodzinowe dla nastolatk\u00f3w, z\u0142ote my\u015bli kr\u00f3tkie, minecraft szablony do druku, logiczne zagadki dla dzieci, test ze znak\u00f3w drogowych, opisy rodzina, babciu droga babciu tekst, uk\u0142ad s\u0142oneczny dla dzieci do druku, quizy dla dzieci [&hellip;]<\/p>\n","protected":false},"featured_media":7839,"comment_status":"closed","ping_status":"open","template":"","meta":[],"product_cat":[1646,1660],"product_tag":[681,593,707,604],"class_list":["post-7838","product","type-product","status-publish","has-post-thumbnail","hentry","product_cat-koncowki-do-szczoteczek-elektrycznych","product_cat-oral-b","product_tag-flagi-europy-quiz","product_tag-jak-narysowac-konia","product_tag-karty-pracy-dla-dzieci-z-ukrainy","product_tag-zagadki-trudne"],"_links":{"self":[{"href":"http:\/\/klubmamgdynia.pl\/index.php\/wp-json\/wp\/v2\/product\/7838","targetHints":{"allow":["GET"]}}],"collection":[{"href":"http:\/\/klubmamgdynia.pl\/index.php\/wp-json\/wp\/v2\/product"}],"about":[{"href":"http:\/\/klubmamgdynia.pl\/index.php\/wp-json\/wp\/v2\/types\/product"}],"replies":[{"embeddable":true,"href":"http:\/\/klubmamgdynia.pl\/index.php\/wp-json\/wp\/v2\/comments?post=7838"}],"wp:featuredmedia":[{"embeddable":true,"href":"http:\/\/klubmamgdynia.pl\/index.php\/wp-json\/wp\/v2\/media\/7839"}],"wp:attachment":[{"href":"http:\/\/klubmamgdynia.pl\/index.php\/wp-json\/wp\/v2\/media?parent=7838"}],"wp:term":[{"taxonomy":"product_cat","embeddable":true,"href":"http:\/\/klubmamgdynia.pl\/index.php\/wp-json\/wp\/v2\/product_cat?post=7838"},{"taxonomy":"product_tag","embeddable":true,"href":"http:\/\/klubmamgdynia.pl\/index.php\/wp-json\/wp\/v2\/product_tag?post=7838"}],"curies":[{"name":"wp","href":"https:\/\/api.w.org\/{rel}","templated":true}]}}