{"id":784,"date":"2022-10-02T06:06:12","date_gmt":"2022-10-02T04:06:12","guid":{"rendered":"http:\/\/klubmamgdynia.pl\/index.php\/produkt\/medela-oslony-piersi-ochronne-2szt\/"},"modified":"2026-05-01T13:29:32","modified_gmt":"2026-05-01T11:29:32","slug":"medela-oslony-piersi-ochronne-2szt","status":"publish","type":"product","link":"http:\/\/klubmamgdynia.pl\/index.php\/produkt\/medela-oslony-piersi-ochronne-2szt\/","title":{"rendered":"Medela Os\u0142ony Piersi Ochronne 2Szt"},"content":{"rendered":"<p>Medela Os\u0142ony Piersi Ochronne 2Szt                            <\/p>\n<p>Je\u017celi masz bolesne i pop\u0119kane brodawki, os\u0142ony piersi Medela zapewni\u0105 Ci ochron\u0119 i przyspiesz\u0105 gojenie sk\u00f3ry, zapobiegaj\u0105c otarciom spowodowanym przez ubrania.Karmienie piersi\u0105 to szczeg\u00f3lne do\u015bwiadczenie, kt\u00f3re cz\u0119sto wi\u0105\u017ce si\u0119 jednak z trudno\u015bciami. Szczeg\u00f3lnie w pierwszych dniach karmienia, kiedy Ty oraz dziecko dopiero nabieracie wprawy, pojawi\u0107 si\u0119 mo\u017ce problem bolesnych lub nawet pop\u0119kanych brodawek. Twoje wra\u017cliwe brodawki nie s\u0105 przecie\u017c przyzwyczajone do ci\u015bnienia i si\u0142y ssania, kt\u00f3re towarzysz\u0105 regularnemu karmieniu niemowlaka. Po jakim\u015b czasie dyskomfort powinien stopniowo ust\u0119powa\u0107 \u2013 je\u017celi tak si\u0119 nie stanie, zasi\u0119gnij porady u konsultanta laktacyjnego lub specjalisty od karmienia piersi\u0105. W mi\u0119dzyczasie stosowanie ochronnych os\u0142on piersi (zwanych tak\u017ce os\u0142onami na brodawki) zapobiegnie ocieraniu si\u0119 brodawek o odzie\u017c, a tym samym przyspieszy proces gojenia.                            <\/p>\n<p>Dok\u0142adnie dopasowana silikonowa powierzchnia jest przyjemna dla wra\u017cliwej sk\u00f3ryOtwory wentylacyjne pozwalaj\u0105 sk\u00f3rze oddycha\u0107, wspieraj\u0105c jej regeneracj\u0119Elastyczna forma przystosowuje si\u0119 do kszta\u0142tu piersiMo\u017cliwo\u015b\u0107 noszenia przez ca\u0142y dzie\u0144 pomi\u0119dzy sesjami karmieniaKszta\u0142t, kt\u00f3ry nie odznacza si\u0119 pod ubraniem                            <\/p>\n<p>Jak dzia\u0142aj\u0105 os\u0142onki na brodawki?Os\u0142onki na piersi umieszczane s\u0105 w biustonoszu, gdzie zapobiegaj\u0105 ocieraniu si\u0119 tkaniny o wra\u017cliwe lub bol\u0105ce brodawki, umo\u017cliwiaj\u0105c regeneracj\u0119 sk\u00f3ry oraz przyspieszaj\u0105c gojenie. Podczas stosowania os\u0142on na brodawki warto nosi\u0107 biustonosz do karmienia, kt\u00f3ry zazwyczaj zapewnia nieco wi\u0119cej miejsca ni\u017c standardowy stanik, dzi\u0119ki czemu os\u0142ony bez problemu zmieszcz\u0105 si\u0119 w \u015brodku. Nie musisz jednak obawia\u0107 si\u0119 o to, \u017ce os\u0142ony piersi Medela widoczne b\u0119d\u0105 przez ubranie \u2013 ich niski profil zapewnia naturalny wygl\u0105d piersi. Mo\u017cesz nosi\u0107 os\u0142onki przez ca\u0142y czas pomi\u0119dzy sesjami karmienia; unikaj jednak zak\u0142adania ich na noc, poniewa\u017c mo\u017ce to pogorszy\u0107 stan wra\u017cliwych brodawek.                            <\/p>\n<p>Jak korzysta\u0107 z os\u0142onek na brodawki firmy MedelaOs\u0142ony piersi Medela sk\u0142adaj\u0105 si\u0119 z dw\u00f3ch cz\u0119\u015bci: mi\u0119kkiej, elastycznej membrany silikonowej, kt\u00f3ra jest przyjemna dla wra\u017cliwej sk\u00f3ry, oraz cz\u0119\u015bci zewn\u0119trznej zawieraj\u0105cej otwory wentylacyjne, pozwalaj\u0105ce sk\u00f3rze oddycha\u0107. Ich sk\u0142adanie jest bardzo \u0142atwe:Umie\u015b\u0107 membran\u0119 na zewn\u0119trznej cz\u0119\u015bci, dociskaj\u0105c j\u0105 wok\u00f3\u0142 ca\u0142ego obwodu.Po z\u0142o\u017ceniu w\u0142\u00f3\u017c os\u0142onk\u0119 do biustonosza, tak aby otw\u00f3r w membranie znajdowa\u0142 si\u0119 naprzeciwko brodawki. Otwory powinny by\u0107 skierowane w g\u00f3r\u0119.W ci\u0105gu dnia w os\u0142onach na piersi mo\u017ce gromadzi\u0107 si\u0119 mleko. Nie powinna\u015b jednak podawa\u0107 go dziecku \u2013 wylej nagromadzony pokarm podczas czyszczenia os\u0142onMycie os\u0142onek na brodawkiPodobnie jak w przypadku innych akcesori\u00f3w do karmienia piersi\u0105, tak\u017ce os\u0142ony na brodawki wymagaj\u0105 dba\u0142o\u015bci o higien\u0119. Przed pierwszym u\u017cyciem os\u0142on \u2013 a nast\u0119pnie raz na dzie\u0144 \u2013 zdezynfekuj je, wykonuj\u0105c kilka prostych czynno\u015bci:Umie\u015b\u0107 rozdzielone cz\u0119\u015bci os\u0142ony w niewielkim naczyniu wype\u0142nionym zimn\u0105 wod\u0105 \u2013 najlepiej, aby by\u0142a ona destylowana, ale mo\u017cesz r\u00f3wnie\u017c u\u017cy\u0107 wody z kranu z dodatkiem \u0142y\u017ceczki kwasu cytrynowego, kt\u00f3ry zapobiegnie osadzaniu si\u0119 kamienia.Doprowad\u017a wod\u0119 do wrzenia i pozw\u00f3l jej gotowa\u0107 si\u0119 przez oko\u0142o pi\u0119\u0107 minut.Ostro\u017cnie wylej wod\u0119 i pozostaw cz\u0119\u015bci os\u0142ony do wyschni\u0119cia na czystej \u015bciereczce.Mo\u017cesz tak\u017ce skorzysta\u0107 z torebki do dezynfekcji w mikrofal\u00f3wce Medela Quick Clean\u2122.Pami\u0119taj, aby my\u0107 os\u0142onki na piersi po ka\u017cdym u\u017cyciu. Oddziel od siebie cz\u0119\u015bci os\u0142ony i umyj je delikatnym roztworem czyszcz\u0105cym. Nast\u0119pnie dok\u0142adnie op\u0142ucz je w zimnej wodzie i pozostaw do wyschni\u0119cia na czystej \u015bciereczce.                            <\/p>\n<p>SPRAWD\u0179 POZOSTA\u0141E OS\u0141ONKI MEDELA                            <\/p>\n<p>            Medela Os\u0142ony Piersi Ochronne 2Szt <\/p>\n<p>                    Zobacz<\/p>\n<p>            Medela Os\u0142onki Piersi Formuj\u0105ce 2szt<\/p>\n<p>                    Zobacz<\/p>\n<h2>Medela Os\u0142ony Piersi Ochronne 2Szt Medela<\/h2>\n<p>prezent na roczek dla dziewczynki, test ze znak\u00f3w drogowych, pomys\u0142 na prezent dla nastolatka, everest psi patrol kolorowanka, kontynenty dla dzieci do druku, szablon krokus kolorowanka, psikusy na prima aprilis, zabawy dla dzieci 9-12 lat, molo w brze\u017anie, quiz o miko\u0142ajku, atrakcje dla dzieci warszawa i okolice, co\u015b dla nastolatk\u00f3w, by\u0142a sobie \u017cabka ma\u0142a tekst, zagadki o wio\u015bnie dla dzieci, kolorowanki do druku dla dziewczynek, stare bajki, krok jak narysowa\u0107 konia<\/p>\n<p>yyyyy<\/p>\n<p>&nbsp;<\/p>\n","protected":false},"excerpt":{"rendered":"<p>Medela Os\u0142ony Piersi Ochronne 2Szt Je\u017celi masz bolesne i pop\u0119kane brodawki, os\u0142ony piersi Medela zapewni\u0105 Ci ochron\u0119 i przyspiesz\u0105 gojenie sk\u00f3ry, zapobiegaj\u0105c otarciom spowodowanym przez ubrania.Karmienie piersi\u0105 to szczeg\u00f3lne do\u015bwiadczenie, kt\u00f3re cz\u0119sto wi\u0105\u017ce si\u0119 jednak z trudno\u015bciami. Szczeg\u00f3lnie w pierwszych dniach karmienia, kiedy Ty oraz dziecko dopiero nabieracie wprawy, pojawi\u0107 si\u0119 mo\u017ce problem bolesnych lub [&hellip;]<\/p>\n","protected":false},"featured_media":785,"comment_status":"closed","ping_status":"open","template":"","meta":[],"product_cat":[267,238],"product_tag":[662,619,602,715],"class_list":["post-784","product","type-product","status-publish","has-post-thumbnail","hentry","product_cat-medela","product_cat-oslonki-na-piersi","product_tag-bajki-na-dobranoc","product_tag-iwo-imie","product_tag-quiz-o-zwierzetach-domowych","product_tag-zosia-samosia"],"_links":{"self":[{"href":"http:\/\/klubmamgdynia.pl\/index.php\/wp-json\/wp\/v2\/product\/784","targetHints":{"allow":["GET"]}}],"collection":[{"href":"http:\/\/klubmamgdynia.pl\/index.php\/wp-json\/wp\/v2\/product"}],"about":[{"href":"http:\/\/klubmamgdynia.pl\/index.php\/wp-json\/wp\/v2\/types\/product"}],"replies":[{"embeddable":true,"href":"http:\/\/klubmamgdynia.pl\/index.php\/wp-json\/wp\/v2\/comments?post=784"}],"wp:featuredmedia":[{"embeddable":true,"href":"http:\/\/klubmamgdynia.pl\/index.php\/wp-json\/wp\/v2\/media\/785"}],"wp:attachment":[{"href":"http:\/\/klubmamgdynia.pl\/index.php\/wp-json\/wp\/v2\/media?parent=784"}],"wp:term":[{"taxonomy":"product_cat","embeddable":true,"href":"http:\/\/klubmamgdynia.pl\/index.php\/wp-json\/wp\/v2\/product_cat?post=784"},{"taxonomy":"product_tag","embeddable":true,"href":"http:\/\/klubmamgdynia.pl\/index.php\/wp-json\/wp\/v2\/product_tag?post=784"}],"curies":[{"name":"wp","href":"https:\/\/api.w.org\/{rel}","templated":true}]}}