{"id":7840,"date":"2018-12-20T09:15:22","date_gmt":"2018-12-20T08:15:22","guid":{"rendered":"http:\/\/klubmamgdynia.pl\/index.php\/produkt\/tecnimed-visiofocus-06400\/"},"modified":"2026-04-06T14:55:56","modified_gmt":"2026-04-06T12:55:56","slug":"tecnimed-visiofocus-06400","status":"publish","type":"product","link":"http:\/\/klubmamgdynia.pl\/index.php\/produkt\/tecnimed-visiofocus-06400\/","title":{"rendered":"Tecnimed Visiofocus 06400"},"content":{"rendered":"<p>Visiofocus jest bezdotykowym termometrem, kt\u00f3ry dokonuje pomiaru temperatury cia\u0142a bez kontaktu ze sk\u00f3r\u0105 czy b\u0142onami \u015bluzowymi. Visiofocus jest wzbogacon\u0105, rozbudowan\u0105 wersj\u0105 termometru Thermofocus. Przeznaczony jest do u\u017cytku prywatnego b\u0105d\u017a lekarskiego. Emituje (wy\u015bwietla) temperatur\u0119 na czole badanej osoby, przedmiotu lub cieczy. Nie wykorzystuje promieniowania laserowego, przez co jest bezpieczny i nieszkodliwy dla zdrowia. Aby zmierzy\u0107 temperatur\u0119 termometrem wystarczy zbli\u017cy\u0107 go na kilka sekund do czo\u0142a i odczyta\u0107 wynik. Prawid\u0142ow\u0105 odleg\u0142o\u015b\u0107 mi\u0119dzy sk\u00f3r\u0105 a termometrem mo\u017cna \u0142atwo okre\u015bli\u0107 dzi\u0119ki systemowi LED emituj\u0105cemu dwie wi\u0105zki \u015bwiat\u0142a (ca\u0142kowicie bezpieczne i nieszkodliwe \u015bwiat\u0142o). Pomiar dokonywany jest w zaledwie 1 sekund\u0119. Podczas ka\u017cdego pomiaru termometr w czasie ka\u017cdej jednej setnej sekundy wykonuje sekwencj\u0119 125 odczyt\u00f3w, kt\u00f3re nast\u0119pnie zostaj\u0105 analizowane z uwzgl\u0119dnieniem temperatury otoczenia, a\u017c do ukazania wyniku na wy\u015bwietlaczu w\u0142a\u015bciwej temperatury cia\u0142a.                            <\/p>\n<p>Dzi\u0119ki zachowaniu dok\u0142adno\u015bci pomiar\u00f3w w szerokim zakresie temperatur (od 1 do 55\u00b0C) termometr mo\u017ce by\u0107 r\u00f3wnie\u017c wykorzystywany do pomiaru temperatury posi\u0142k\u00f3w, k\u0105pieli wodnej oraz temperatury otoczenia. Ca\u0142a procedura mierzenia temperatury odbywa si\u0119 w spos\u00f3b szybki, precyzyjny, higieniczny i bezinwazyjny.Visiofocus posiada nast\u0119puj\u0105ce funkcje:przycisk \u201eBU\u0179KA\u201d, za pomoc\u0105 kt\u00f3rego dokonujemy pomiar\u00f3w temperatury z czo\u0142a pacjenta, powieki lub \u017cy\u0142y szyjnej,przycisk \u201eDOM\u201d, kt\u00f3ry pozwala na mierzenie temperatury dowolnych przedmiot\u00f3w i cieczy,przycisk pami\u0119ci \u201eMEM\u201d, za pomoc\u0105 kt\u00f3rego mo\u017cemy odczyta\u0107 9 ostatnich pomiar\u00f3w dokonanych termometrem.Funkcje pod\u015bwietlone za pomoc\u0105 kolor\u00f3w:B\u0142\u0119kitny: pomiar temperatury cia\u0142a na \u015brodku czo\u0142a (wy\u015bwietlany jest przy pomiarze z u\u017cyciem przycisku \u201eBU\u0179KA&#8221;)Zielony: pomiar temperatury obiekt\u00f3w (wy\u015bwietlany jest przy pomiarze z u\u017cyciem przycisku \u201eDOM&#8221;)Fioletowy: funkcja pami\u0119ci (kiedy termometr jest w trybie stand-by nale\u017cy dwukrotnie lub wi\u0119cej wcisn\u0105\u0107 przycisk \u201eMEM&#8221; (\u201ePAMI\u0118\u0106\u201e)Pomara\u0144czowy: dla wy\u015bwietlenia temperatury pokojowej \u2013 kiedy urz\u0105dzenie jest w trybie stan-by nale\u017cy jednokrotnie nacisn\u0105\u0107 przycisk \u201eMEM\u2019 (\u201ePAMI\u0118\u0106\u201c)Niebieski: kiedy aktywowana jest procedura r\u0119cznej kalibracji MQCS                            <\/p>\n<p>            Specyfikacja<\/p>\n<p>Zakres pomiaru:Ca\u0142kowity: 1\u201355 \u00b0C (33,8 \u2013 131 \u00b0F)Temperatury cia\u0142a: 34,0 do 42,5 \u00b0C (93.2 do 108.5 \u00b0F)Rozdzielczo\u015b\u0107: 0,1 \u00b0C (0,1 \u00b0F)Dok\u0142adno\u015b\u0107 pomiaru:Od 36 do 39 \u00b0C \u2026 \u00b1 0,2 \u00b0C (\u00b1 0,4 \u00b0F).Od 34,0 do 35,9 \u00b0C od 39,1 \u00b0 C do 42,5 \u00b0 C \u2026 \u00b1 0,3 \u00b0C (\u00b1 0,5 \u00b0F)Od 1,0 do 19,9 \u00b0C z 42,6 \u00b0C do 55 \u00b0C \u2026 \u00b1 1,0 \u00b0C (\u00b1 1,8 \u00b0F)Od 20 do 33,9 \u00b0C \u2026 \u00b1 0,3 \u00b0C (\u00b1 0,5 \u00b0F)Zasilanie: 4 baterie alkaliczne AAA.\u017bywotno\u015b\u0107: ok. 10000 pomiar\u00f3w (lub trzech lat \u2013 w zale\u017cno\u015bci od sposobu u\u017cytkowania)Waga w\u0142\u0105cznie z bateriami: oko\u0142o 98 gWymiary zewn\u0119trzne (d\u0142. x szer. x wys.): 43,5 mm x 144 mm x 21,5 mm.Certyfikat ISO 9001:2008, ISO 13485:2003, ISO 14971:2007.CE 0051.Urz\u0105dzenie jest zgodne z Dyrektyw\u0105 Europejsk\u0105 dla zdrowia. Dyrektywa urz\u0105dzenie 93\/42\/EWG \u2013 Klasa II A.<\/p>\n<h2>Tecnimed Visiofocus 06400 Thermofocus<\/h2>\n<p>literki, kawaly na prima aprilis, test z lektury dzieci z bullerbyn, szablon serce kolorowanka, walentynka dla syna, mia imie, kalendarz adwentowy diy z rolek, opowie\u015bci z narni test, znaczenie imiona kinga<\/p>\n<p>yyyyy<\/p>\n<p>&nbsp;<\/p>\n","protected":false},"excerpt":{"rendered":"<p>Visiofocus jest bezdotykowym termometrem, kt\u00f3ry dokonuje pomiaru temperatury cia\u0142a bez kontaktu ze sk\u00f3r\u0105 czy b\u0142onami \u015bluzowymi. Visiofocus jest wzbogacon\u0105, rozbudowan\u0105 wersj\u0105 termometru Thermofocus. Przeznaczony jest do u\u017cytku prywatnego b\u0105d\u017a lekarskiego. Emituje (wy\u015bwietla) temperatur\u0119 na czole badanej osoby, przedmiotu lub cieczy. Nie wykorzystuje promieniowania laserowego, przez co jest bezpieczny i nieszkodliwy dla zdrowia. Aby zmierzy\u0107 temperatur\u0119 [&hellip;]<\/p>\n","protected":false},"featured_media":7841,"comment_status":"closed","ping_status":"open","template":"","meta":[],"product_cat":[1444,1661],"product_tag":[854,769,606],"class_list":["post-7840","product","type-product","status-publish","has-post-thumbnail","hentry","product_cat-termometry","product_cat-thermofocus","product_tag-cytaty-rodzina","product_tag-psi-patrol-do-czytania","product_tag-stala-pod-sniegiem"],"_links":{"self":[{"href":"http:\/\/klubmamgdynia.pl\/index.php\/wp-json\/wp\/v2\/product\/7840","targetHints":{"allow":["GET"]}}],"collection":[{"href":"http:\/\/klubmamgdynia.pl\/index.php\/wp-json\/wp\/v2\/product"}],"about":[{"href":"http:\/\/klubmamgdynia.pl\/index.php\/wp-json\/wp\/v2\/types\/product"}],"replies":[{"embeddable":true,"href":"http:\/\/klubmamgdynia.pl\/index.php\/wp-json\/wp\/v2\/comments?post=7840"}],"wp:featuredmedia":[{"embeddable":true,"href":"http:\/\/klubmamgdynia.pl\/index.php\/wp-json\/wp\/v2\/media\/7841"}],"wp:attachment":[{"href":"http:\/\/klubmamgdynia.pl\/index.php\/wp-json\/wp\/v2\/media?parent=7840"}],"wp:term":[{"taxonomy":"product_cat","embeddable":true,"href":"http:\/\/klubmamgdynia.pl\/index.php\/wp-json\/wp\/v2\/product_cat?post=7840"},{"taxonomy":"product_tag","embeddable":true,"href":"http:\/\/klubmamgdynia.pl\/index.php\/wp-json\/wp\/v2\/product_tag?post=7840"}],"curies":[{"name":"wp","href":"https:\/\/api.w.org\/{rel}","templated":true}]}}