{"id":7842,"date":"2021-04-22T04:10:32","date_gmt":"2021-04-22T02:10:32","guid":{"rendered":"http:\/\/klubmamgdynia.pl\/index.php\/produkt\/jokomisiada-sportowy-gokart-na-pedala-pompowane-kola-sp0531\/"},"modified":"2026-04-26T20:22:38","modified_gmt":"2026-04-26T18:22:38","slug":"jokomisiada-sportowy-gokart-na-pedala-pompowane-kola-sp0531","status":"publish","type":"product","link":"http:\/\/klubmamgdynia.pl\/index.php\/produkt\/jokomisiada-sportowy-gokart-na-pedala-pompowane-kola-sp0531\/","title":{"rendered":"Jokomisiada Sportowy Gokart Na Peda\u0142a Pompowane Ko\u0142a Sp0531"},"content":{"rendered":"<p>Du\u017cy, sportowy gokart sprosta wymaganiom ka\u017cdego ma\u0142ego kierowcy. Gokart na peda\u0142y przeznaczony jest dla dzieci lubi\u0105cych aktywnie sp\u0119dza\u0107 sw\u00f3j wolny czas.Gokart wykonany jest z lekkiej metalowej konstrukcji z plastikowymi dodatkami. Du\u017ce, pompowane gumowe ko\u0142a oraz wygodny, wyprofilowany fotel zapewni\u0105 komfort jazdy. Fotel posiada dwustopniow\u0105 regulacj\u0119 odleg\u0142o\u015bci do kierownicy, dzi\u0119ki czemu \u0142atwo mo\u017cna j\u0105 dopasowa\u0107 do wzrostu dziecka. Hamulec r\u0119czny zapewni bezpieczne hamowanie, podczas nieprzewidzianej sytuacji.Specyfikacja:- nowoczesny, ergonomiczny, sportowy kszta\u0142t,- hamulec r\u0119czny na oba tylne ko\u0142a,- regulowane, wygodne siedzenie,- komfort jazdy zapewniaj\u0105 gumowe pompowane ko\u0142a,- wolny bieg, mo\u017cna jecha\u0107 na luzie- maksymalne obci\u0105\u017cenie to 50kg,- sportowa kierownica,- przek\u0142adnia \u0142a\u0144cuchowa,- wa\u0142 nap\u0119dowy wykonane s\u0105 z metalu,- z\u0119batki metalowe.Gokart to propozycja dla wszystkich tych, dla kt\u00f3rych troska o bezpiecze\u0144stwo swoich pociech jest najwa\u017cniejsza. Zabawa poprzez sport jest \u015bwietnym sposobem wspomagaj\u0105cym prawid\u0142owy rozw\u00f3j naszych pociech.<\/p>\n<h2>Jokomisiada Sportowy Gokart Na Peda\u0142a Pompowane Ko\u0142a Sp0531 Jokomisiada<\/h2>\n<p>dyplomy do druku pdf, co na roczek dla ch\u0142opca, kolorowanka do druku kotek, opowiadanie o jesieni dla dzieci, aron<\/p>\n<p>yyyyy<\/p>\n<p>&nbsp;<\/p>\n","protected":false},"excerpt":{"rendered":"<p>Du\u017cy, sportowy gokart sprosta wymaganiom ka\u017cdego ma\u0142ego kierowcy. Gokart na peda\u0142y przeznaczony jest dla dzieci lubi\u0105cych aktywnie sp\u0119dza\u0107 sw\u00f3j wolny czas.Gokart wykonany jest z lekkiej metalowej konstrukcji z plastikowymi dodatkami. Du\u017ce, pompowane gumowe ko\u0142a oraz wygodny, wyprofilowany fotel zapewni\u0105 komfort jazdy. Fotel posiada dwustopniow\u0105 regulacj\u0119 odleg\u0142o\u015bci do kierownicy, dzi\u0119ki czemu \u0142atwo mo\u017cna j\u0105 dopasowa\u0107 do [&hellip;]<\/p>\n","protected":false},"featured_media":7843,"comment_status":"closed","ping_status":"open","template":"","meta":[],"product_cat":[1662,131],"product_tag":[658,844,702,773,799],"class_list":["post-7842","product","type-product","status-publish","has-post-thumbnail","hentry","product_cat-gokarty-dla-dzieci","product_cat-jokomisiada","product_tag-alan-znaczenie-imienia","product_tag-co-kupic-na-roczek","product_tag-co-kupic-na-roczek-dla-dziewczynki","product_tag-test-z-lektury-opowiesci-z-narnii-lew-czarownica-i-stara-szafa","product_tag-zagadka-logiczna"],"_links":{"self":[{"href":"http:\/\/klubmamgdynia.pl\/index.php\/wp-json\/wp\/v2\/product\/7842","targetHints":{"allow":["GET"]}}],"collection":[{"href":"http:\/\/klubmamgdynia.pl\/index.php\/wp-json\/wp\/v2\/product"}],"about":[{"href":"http:\/\/klubmamgdynia.pl\/index.php\/wp-json\/wp\/v2\/types\/product"}],"replies":[{"embeddable":true,"href":"http:\/\/klubmamgdynia.pl\/index.php\/wp-json\/wp\/v2\/comments?post=7842"}],"wp:featuredmedia":[{"embeddable":true,"href":"http:\/\/klubmamgdynia.pl\/index.php\/wp-json\/wp\/v2\/media\/7843"}],"wp:attachment":[{"href":"http:\/\/klubmamgdynia.pl\/index.php\/wp-json\/wp\/v2\/media?parent=7842"}],"wp:term":[{"taxonomy":"product_cat","embeddable":true,"href":"http:\/\/klubmamgdynia.pl\/index.php\/wp-json\/wp\/v2\/product_cat?post=7842"},{"taxonomy":"product_tag","embeddable":true,"href":"http:\/\/klubmamgdynia.pl\/index.php\/wp-json\/wp\/v2\/product_tag?post=7842"}],"curies":[{"name":"wp","href":"https:\/\/api.w.org\/{rel}","templated":true}]}}