{"id":7846,"date":"2019-12-12T20:54:54","date_gmt":"2019-12-12T19:54:54","guid":{"rendered":"http:\/\/klubmamgdynia.pl\/index.php\/produkt\/animal-planet-figurka-figurka-tyranozaur\/"},"modified":"2026-05-17T22:05:32","modified_gmt":"2026-05-17T20:05:32","slug":"animal-planet-figurka-figurka-tyranozaur","status":"publish","type":"product","link":"http:\/\/klubmamgdynia.pl\/index.php\/produkt\/animal-planet-figurka-figurka-tyranozaur\/","title":{"rendered":"Animal Planet Figurka Figurka Tyranozaur"},"content":{"rendered":"<p>Figurka T-Rex with Articulated Jaw Animal PlanetWykonana r\u0119cznie figurkaWyj\u0105tkowa jako\u015b\u0107Figurki Animal Planet tworzone s\u0105 r\u0119cznie, przy u\u017cyciu innowacyjnych technologii oraz wysokiej jako\u015bci trwa\u0142ych materia\u0142\u00f3w. Dzi\u0119ki wysokiej jako\u015bci wykonania oferowane figurki wierne odwzorowywuj\u0105 anatomiczny wygl\u0105d zwierz\u0105t, a dodatkowo s\u0105 trwa\u0142e i bezpieczne dla najm\u0142odszych. Figurki dzi\u0119ki swojej jako\u015bci s\u0105 obiektem zainteresowa\u0144 nie tylko dzieci, ale tak\u017ce kolekcjoner\u00f3w zabawek. Figurka spe\u0142nia wszystkie wymagania i procedury bezpiecze\u0144stwa, r\u00f3wnie\u017c dzi\u0119ki wysokiej jako\u015bci wykonania.<\/p>\n<h2>Animal Planet Figurka Figurka Tyranozaur Small Foot Design<\/h2>\n<p>zabawki na roczek dla dziewczynki, kolorowanka antystresowa, wiersz na dobranoc dla dzieci, milan znaczenie imienia, jak narysowa\u0107 nos, psi patrol kolorowanka, kolorowanki dla dziewczynek 10 lat, marcel znaczenie imienia, literki do druku, kolorowanki do druku dla dziewczyn, bajki dla ch\u0142opc\u00f3w do czytania, kolysanki tekst, wystawy dla dzieci warszawa, imi\u0119 alan, atrakcje dla dzieci warszawa 2021, zawiedziona przyja\u017a\u0144 cytaty, atrakcje we wroc\u0142awiu dla dzieci<\/p>\n<p>yyyyy<\/p>\n<p>&nbsp;<\/p>\n","protected":false},"excerpt":{"rendered":"<p>Figurka T-Rex with Articulated Jaw Animal PlanetWykonana r\u0119cznie figurkaWyj\u0105tkowa jako\u015b\u0107Figurki Animal Planet tworzone s\u0105 r\u0119cznie, przy u\u017cyciu innowacyjnych technologii oraz wysokiej jako\u015bci trwa\u0142ych materia\u0142\u00f3w. Dzi\u0119ki wysokiej jako\u015bci wykonania oferowane figurki wierne odwzorowywuj\u0105 anatomiczny wygl\u0105d zwierz\u0105t, a dodatkowo s\u0105 trwa\u0142e i bezpieczne dla najm\u0142odszych. Figurki dzi\u0119ki swojej jako\u015bci s\u0105 obiektem zainteresowa\u0144 nie tylko dzieci, ale tak\u017ce [&hellip;]<\/p>\n","protected":false},"featured_media":7847,"comment_status":"closed","ping_status":"open","template":"","meta":[],"product_cat":[97,147],"product_tag":[825,660,818,738],"class_list":["post-7846","product","type-product","status-publish","has-post-thumbnail","hentry","product_cat-figurki-kolekcjonerskie","product_cat-small-foot-design","product_tag-bajka-na-dobranoc-do-czytania","product_tag-bianka","product_tag-oliwier","product_tag-wroclaw-dla-dzieci"],"_links":{"self":[{"href":"http:\/\/klubmamgdynia.pl\/index.php\/wp-json\/wp\/v2\/product\/7846","targetHints":{"allow":["GET"]}}],"collection":[{"href":"http:\/\/klubmamgdynia.pl\/index.php\/wp-json\/wp\/v2\/product"}],"about":[{"href":"http:\/\/klubmamgdynia.pl\/index.php\/wp-json\/wp\/v2\/types\/product"}],"replies":[{"embeddable":true,"href":"http:\/\/klubmamgdynia.pl\/index.php\/wp-json\/wp\/v2\/comments?post=7846"}],"wp:featuredmedia":[{"embeddable":true,"href":"http:\/\/klubmamgdynia.pl\/index.php\/wp-json\/wp\/v2\/media\/7847"}],"wp:attachment":[{"href":"http:\/\/klubmamgdynia.pl\/index.php\/wp-json\/wp\/v2\/media?parent=7846"}],"wp:term":[{"taxonomy":"product_cat","embeddable":true,"href":"http:\/\/klubmamgdynia.pl\/index.php\/wp-json\/wp\/v2\/product_cat?post=7846"},{"taxonomy":"product_tag","embeddable":true,"href":"http:\/\/klubmamgdynia.pl\/index.php\/wp-json\/wp\/v2\/product_tag?post=7846"}],"curies":[{"name":"wp","href":"https:\/\/api.w.org\/{rel}","templated":true}]}}