{"id":7848,"date":"2020-06-09T03:09:34","date_gmt":"2020-06-09T01:09:34","guid":{"rendered":"http:\/\/klubmamgdynia.pl\/index.php\/produkt\/omegamed-pregna-dha-z-alg-60-kaps\/"},"modified":"2026-04-04T00:09:38","modified_gmt":"2026-04-03T22:09:38","slug":"omegamed-pregna-dha-z-alg-60-kaps","status":"publish","type":"product","link":"http:\/\/klubmamgdynia.pl\/index.php\/produkt\/omegamed-pregna-dha-z-alg-60-kaps\/","title":{"rendered":"Omegamed pregna DHA z alg 60 kaps"},"content":{"rendered":"<p>OMEGAMED PREGNA 60 KAPSU\u0141EK<\/p>\n<p>Dodatkowa suplementacja DHA jest niezb\u0119dna u kobiet w ci\u0105\u017cy (zw\u0142aszcza od 24 tygodnia), matek karmi\u0105cych, niemowl\u0105t i dzieci. DHA jest sk\u0142adnikiem budulcowym centralnego uk\u0142adu nerwowego. W ostatnim trymestrze ci\u0105\u017cy i pierwszych trzech latach \u017cycia nast\u0119puje najbardziej intensywny jego wzrost, dlatego te\u017c szczeg\u00f3lnie w tym okresie poda\u017c DHA musi by\u0107 odpowiednio wysoka.                            <\/p>\n<p>            Dawkowanie:<\/p>\n<p>Kobiety w ci\u0105\u017cy i karmi\u0105ce piersi\u0105 powinny przyjmowa\u0107 500mg DHA dziennie, czyli 2 kapsu\u0142ki Omegamed Pregna. W zale\u017cno\u015bci od indywidualnego zapotrzebowania, lekarz mo\u017ce wskaza\u0107 inaczej.                            <\/p>\n<p>            Informacje o produkcie:<\/p>\n<p>Omegamed zawiera Lifes DHA &#8211; czysty DHA (kwas dokozaheksaenowy) pochodzenia ro\u015blinnego.Lifes DHA zosta\u0142 wyprodukowany z alg wed\u0142ug najnowszych standard\u00f3w technologicznych, co odr\u00f3\u017cnia go od kwas\u00f3w t\u0142uszczowych Omega-3 pozyskiwanych z ryb.Lifes DHA jest wolny od ryzyka zanieczyszczenia metalami szkodliwymi dla zdrowia (takimi jak rt\u0119\u0107, kadm, o\u0142\u00f3w, arsen czy mied\u017a), kt\u00f3re s\u0105 szczeg\u00f3lnie niebezpieczne dla niemowl\u0105t, dzieci oraz kobiet w ci\u0105\u017cy (ryzyko dla rozwijaj\u0105cego si\u0119 p\u0142odu).Lifes DHA jest najlepiej poznanym i przebadanym kwasem t\u0142uszczowym z ca\u0142ej rodziny kwas\u00f3w t\u0142uszczowych LCPUFA (Long Chain Poliunsaturated Fatty Acids, czyli d\u0142ugo\u0142a\u0144cuchowe wielonienasycone kwasy t\u0142uszczowe).Korzystny wp\u0142yw Lifes DHA na zdrowie zosta\u0142 potwierdzony w licznych badaniach klinicznych.DHA pozytywnie wp\u0142ywa na rozw\u00f3j wzroku u niemowl\u0105t i dzieci.                            <\/p>\n<p>            Sk\u0142ad:<\/p>\n<p>2 kapsu\u0142ki zawieraj\u0105: 500mg DHA<\/p>\n<h2>Omegamed pregna DHA z alg 60 kaps Sequoia<\/h2>\n<p>ko\u0142ysanka tekst, zagadki o przyborach szkolnych, opowie\u015bci z narni test, bajka o \u017cabie, kolorowe kanapki kanapki dla dzieci, dobranoc zimowe, zabawy na dzie\u0144 dziecka w szkole, mi\u0142o\u015b\u0107 do dziecka cytaty, cytaty o dziecku, \u015bwinka peppa kolorowanka do druku, kr\u00f3tkie bajki dla dzieci do czytania, zagadki o psach, karyna, kotek kolorowanka do druku, drzewo genealogiczne do druku, cytaty korczak, zabawa dla 7 latka<\/p>\n<p>yyyyy<\/p>\n<p>&nbsp;<\/p>\n","protected":false},"excerpt":{"rendered":"<p>OMEGAMED PREGNA 60 KAPSU\u0141EK Dodatkowa suplementacja DHA jest niezb\u0119dna u kobiet w ci\u0105\u017cy (zw\u0142aszcza od 24 tygodnia), matek karmi\u0105cych, niemowl\u0105t i dzieci. DHA jest sk\u0142adnikiem budulcowym centralnego uk\u0142adu nerwowego. W ostatnim trymestrze ci\u0105\u017cy i pierwszych trzech latach \u017cycia nast\u0119puje najbardziej intensywny jego wzrost, dlatego te\u017c szczeg\u00f3lnie w tym okresie poda\u017c DHA musi by\u0107 odpowiednio wysoka. [&hellip;]<\/p>\n","protected":false},"featured_media":7849,"comment_status":"closed","ping_status":"open","template":"","meta":[],"product_cat":[1499,1649],"product_tag":[784,605,653,799],"class_list":["post-7848","product","type-product","status-publish","has-post-thumbnail","hentry","product_cat-dla-mam-i-kobiet-w-ciazy","product_cat-sequoia","product_tag-hymn-gorniczy","product_tag-milena","product_tag-warszawa-dla-dzieci","product_tag-zagadka-logiczna"],"_links":{"self":[{"href":"http:\/\/klubmamgdynia.pl\/index.php\/wp-json\/wp\/v2\/product\/7848","targetHints":{"allow":["GET"]}}],"collection":[{"href":"http:\/\/klubmamgdynia.pl\/index.php\/wp-json\/wp\/v2\/product"}],"about":[{"href":"http:\/\/klubmamgdynia.pl\/index.php\/wp-json\/wp\/v2\/types\/product"}],"replies":[{"embeddable":true,"href":"http:\/\/klubmamgdynia.pl\/index.php\/wp-json\/wp\/v2\/comments?post=7848"}],"wp:featuredmedia":[{"embeddable":true,"href":"http:\/\/klubmamgdynia.pl\/index.php\/wp-json\/wp\/v2\/media\/7849"}],"wp:attachment":[{"href":"http:\/\/klubmamgdynia.pl\/index.php\/wp-json\/wp\/v2\/media?parent=7848"}],"wp:term":[{"taxonomy":"product_cat","embeddable":true,"href":"http:\/\/klubmamgdynia.pl\/index.php\/wp-json\/wp\/v2\/product_cat?post=7848"},{"taxonomy":"product_tag","embeddable":true,"href":"http:\/\/klubmamgdynia.pl\/index.php\/wp-json\/wp\/v2\/product_tag?post=7848"}],"curies":[{"name":"wp","href":"https:\/\/api.w.org\/{rel}","templated":true}]}}