{"id":7850,"date":"2013-09-03T20:40:42","date_gmt":"2013-09-03T18:40:42","guid":{"rendered":"http:\/\/klubmamgdynia.pl\/index.php\/produkt\/lego-bionicle-70785-pohatu-wladca-skal\/"},"modified":"2026-05-17T22:29:06","modified_gmt":"2026-05-17T20:29:06","slug":"lego-bionicle-70785-pohatu-wladca-skal","status":"publish","type":"product","link":"http:\/\/klubmamgdynia.pl\/index.php\/produkt\/lego-bionicle-70785-pohatu-wladca-skal\/","title":{"rendered":"LEGO Bionicle 70785 Pohatu W\u0142adca Ska\u0142"},"content":{"rendered":"<p>Przywo\u0142aj niezwyk\u0142\u0105 moc \u017cywio\u0142\u00f3w Pohatu \u2013 w\u0142adcy ska\u0142, aby pozby\u0107 si\u0119 Paj\u0105ka Zg\u0142ady! Przyczep wielofunkcyjne rakietowe bumerangi do st\u00f3p tej pot\u0119\u017cnej figurki BIONICLE\u00ae o ruchomych ko\u0144czynach i wystrzel prosto w niebo. Gdy znajdziesz Paj\u0105ka Zag\u0142ady, zmie\u0144 rakietowe bumerangi w 2 ogromne bumerangi bojowe i przygotuj si\u0119 do walki o Z\u0142ot\u0105 Mask\u0119 Ska\u0142. Nie pozw\u00f3l, by wr\u00f3g zdj\u0105\u0142 mask\u0119 Pohatu i w\u0142\u0105cz rami\u0119 bojowe, kt\u00f3rego potworna si\u0142a wyrzuci Paj\u0105ka Zag\u0142ady w powietrze!LegoNasze podej\u015bcieChcemy maksymalnie zwi\u0119ksza\u0107 nasz pozytywny wp\u0142yw na poszczeg\u00f3lne osoby i na spo\u0142ecze\u0144stwo,a tak\u017ce nieustannie dostarcza\u0107 dzieciom na ca\u0142ym \u015bwiecie wysokiej jako\u015bci, kreatywne zabawki.Grupa LEGO to prywatna firma z siedzib\u0105 w Billund w Danii.Firma nadal pozostaje w\u0142asno\u015bci\u0105 rodziny Kirka Kristiansena, kt\u00f3ry za\u0142o\u017cy\u0142 j\u0105 w 1932 r.Nazwa \u201eLEGO\u201d pochodzi z po\u0142\u0105czenia dw\u00f3ch du\u0144skich s\u0142\u00f3w \u201eleg godt\u201d co oznacza \u201ebaw si\u0119 dobrze\u201d.Jest to nie tylko nasza nazwa, ale r\u00f3wnie\u017c filozofia.Grupa LEGO anga\u017cuje si\u0119 w rozw\u00f3j dzieci\u0119cej kreatywno\u015bci poprzez nauk\u0119 i zabaw\u0119.Firma zyska\u0142a s\u0142aw\u0119 dzi\u0119ki klockom LEGO\u00ae, a dzi\u015b dostarcza zabawkioraz zapewnia wyj\u0105tkowe do\u015bwiadczeniai materia\u0142y edukacyjne dzieciom w ponad 130 krajach.Klocki LEGO to nasz najwa\u017cniejszy produkt. Dlatego jeste\u015bmy niezwykle dumni,\u017ce dwukrotnie nadano im tytu\u0142 \u201ezabawki stulecia\u201d.Nasze produkty intensywnie ewoluowa\u0142y przez lata,jednak ich fundamentem pozostaje tradycyjny klocek LEGO.Klocek w obecnej formie zaprezentowano po raz pierwszy w 1958 roku.O jego wyj\u0105tkowo\u015bci stanowi zasada \u0142\u0105czenia za pomoc\u0105 wypustek,zapewniaj\u0105ca nieograniczone mo\u017cliwo\u015bci budowania.Wystarczy tylko uruchomi\u0107 wyobra\u017ani\u0119, aby dzi\u0119ki zabawie znale\u017a\u0107 si\u0119w \u015bwiecie pe\u0142nym tw\u00f3rczych pomys\u0142\u00f3w.Stosowane materia\u0142y s\u0105 od lat starannie dobieranei udoskonalane pod wzgl\u0119dem swoich w\u0142a\u015bciwo\u015bci fizycznych.Dzi\u0119ki tym wyj\u0105tkowym w\u0142a\u015bciwo\u015bciom \u2014 takim jak wytrzyma\u0142o\u015b\u0107,trwa\u0142o\u015b\u0107, odporno\u015b\u0107 na \u015bciskanie i trwa\u0142o\u015b\u0107 barw \u2014 mo\u017ce istnie\u0107 system klock\u00f3w.Wspomniane w\u0142a\u015bciwo\u015bci stanowi\u0105 podstaw\u0119i niezb\u0119dny element wszystkich zabawek produkowanych przez Grup\u0119 LEGO\u00ae.Zachowanie tych w\u0142a\u015bciwo\u015bci w klocku LEGO\u00ae po zastosowaniu alternatywnych materia\u0142\u00f3wto dla naszych badaczy prawdziwe wyzwanie.Zapewnienie dzieciom bezpiecznej zabawy od zawsze stanowi priorytet Grupy LEGO,dlatego nie pozwalamy sobie na jakiekolwiek kompromisy w zakresie bezpiecze\u0144stwa naszych produkt\u00f3w.Co roku inwestujemy znaczne zasoby w nowe pomys\u0142yi zachowanie najwy\u017cszego poziomu bezpiecze\u0144stwa zabawek,dzi\u0119ki czemu wci\u0105\u017c wytwarzamy bezpieczne produkty najwy\u017cszej jako\u015bci.Warto\u015bci marki LEGO\u00aeWyobra\u017ania:Ciekawo\u015b\u0107 ka\u017ce zapyta\u0107 \u201edlaczego\u201d i wyobra\u017ca\u0107 sobie wyja\u015bnienialub mo\u017cliwo\u015bci(\u201eje\u015bli zrobi\u0119 tak, stanie si\u0119 to\u201d).Ch\u0119\u0107 do zabawy ka\u017ce zapyta\u0107 \u201eco by by\u0142o, gdyby\u201d i wyobra\u017ca\u0107 sobie,\u017ce rzeczy zwyk\u0142e staj\u0105 si\u0119 niezwyk\u0142e, fantazyjne lub ca\u0142kowicie wymy\u015blone.Marzenia to pierwszy krok na tej drodze.Poprzez swobodn\u0105 zabaw\u0119 dzieci rozwijaj\u0105 wyobra\u017ani\u0119 \u2014 fundament kreatywno\u015bciKreatywno\u015b\u0107Kreatywno\u015b\u0107 to zdolno\u015b\u0107 do wymy\u015blania nowych, zaskakuj\u0105cychi cennych pomys\u0142\u00f3w i przedmiot\u00f3w.Systematyczna kreatywno\u015b\u0107 to jedna z form kreatywno\u015bci,\u0142\u0105cz\u0105ca logik\u0119 i rozumowanie z ch\u0119ci\u0105 do zabawy i wyobra\u017ani\u0105.ZabawaZabawa to przyjemno\u015b\u0107, kt\u00f3rej do\u015bwiadczamy podczas pe\u0142nego zaanga\u017cowaniaw czynno\u015b\u0107 wymagaj\u0105c\u0105 bieg\u0142o\u015bci (trudna zabawa), gdy nasze umiej\u0119tno\u015bci dor\u00f3wnuj\u0105 wyzwaniui dzi\u0119ki nim czynimy post\u0119pu w drodze do celu. Zabawa tkwi zar\u00f3wno w d\u0105\u017ceniu do celu,jak i jego osi\u0105gni\u0119ciu.Zabawa to wsp\u00f3lna aktywno\u015b\u0107, emocje z przygody, radosny entuzjazm dzieckai satysfakcja z nieoczekiwanego pokazania sobiei innym w\u0142asnych mo\u017cliwo\u015bci tworzenia lub realizacji.Uczenie si\u0119Istot\u0105 uczenia si\u0119 s\u0105 okazje do eksperymentowania, improwizacji i poznawania,dzi\u0119ki kt\u00f3rym poszerzamy horyzonty my\u015blowe i umiej\u0119tno\u015bcioraz uczymy si\u0119 zauwa\u017ca\u0107 i docenia\u0107 r\u00f3\u017cne punkty widzenia.TroskaTroska wyra\u017ca si\u0119 poprzez ch\u0119\u0107 wprowadzania pozytywnych zmian w \u017cyciu dzieci,naszych kontrahent\u00f3w, naszych wsp\u00f3\u0142pracownik\u00f3w i otaczaj\u0105cego nas \u015bwiata,oraz uwzgl\u0119dnianie ich punktu widzenia we wszystkich naszych dzia\u0142aniach.To dok\u0142adanie dodatkowych stara\u0144 dla dobra innych \u2014 nie dlatego,\u017ce musimy, ale dlatego, \u017ce jest to w\u0142a\u015bciwe i \u017ce nam zale\u017cy.Troska wymaga pokory \u2014 znamy w\u0142asn\u0105 warto\u015b\u0107, ale cz\u0119\u015bciej ni\u017c o sobie my\u015blimy o innych.<\/p>\n<h2>LEGO Bionicle 70785 Pohatu W\u0142adca Ska\u0142 LEGO<\/h2>\n<p>dyplom dla przedszkolaka do wydruku, proste \u017carty na prima aprilis, bardzo trudne zagadki, bursztynek, felix net i nika oraz gang niewidzialnych ludzi quiz, lucyna, najlepsze \u017carty na prima aprilis, co na prezent dla 7 latki, tabliczka mno\u017cenia kolorowanki do wydruku, kanapki na urodziny dziecka, lego ninjago kolorowanki<\/p>\n<p>yyyyy<\/p>\n<p>&nbsp;<\/p>\n","protected":false},"excerpt":{"rendered":"<p>Przywo\u0142aj niezwyk\u0142\u0105 moc \u017cywio\u0142\u00f3w Pohatu \u2013 w\u0142adcy ska\u0142, aby pozby\u0107 si\u0119 Paj\u0105ka Zg\u0142ady! Przyczep wielofunkcyjne rakietowe bumerangi do st\u00f3p tej pot\u0119\u017cnej figurki BIONICLE\u00ae o ruchomych ko\u0144czynach i wystrzel prosto w niebo. Gdy znajdziesz Paj\u0105ka Zag\u0142ady, zmie\u0144 rakietowe bumerangi w 2 ogromne bumerangi bojowe i przygotuj si\u0119 do walki o Z\u0142ot\u0105 Mask\u0119 Ska\u0142. Nie pozw\u00f3l, by [&hellip;]<\/p>\n","protected":false},"featured_media":7851,"comment_status":"closed","ping_status":"open","template":"","meta":[],"product_cat":[113,540],"product_tag":[839,866,609,782,805],"class_list":["post-7850","product","type-product","status-publish","has-post-thumbnail","hentry","product_cat-klocki","product_cat-lego","product_tag-bajki-na-dobranoc-do-czytania","product_tag-opis-do-zdjecia-dziecka-na-fb","product_tag-quiz-flagi-europy","product_tag-zagadki-dla-dzieci-z-odpowiedziami","product_tag-znaczenie-imienia-alan"],"_links":{"self":[{"href":"http:\/\/klubmamgdynia.pl\/index.php\/wp-json\/wp\/v2\/product\/7850","targetHints":{"allow":["GET"]}}],"collection":[{"href":"http:\/\/klubmamgdynia.pl\/index.php\/wp-json\/wp\/v2\/product"}],"about":[{"href":"http:\/\/klubmamgdynia.pl\/index.php\/wp-json\/wp\/v2\/types\/product"}],"replies":[{"embeddable":true,"href":"http:\/\/klubmamgdynia.pl\/index.php\/wp-json\/wp\/v2\/comments?post=7850"}],"wp:featuredmedia":[{"embeddable":true,"href":"http:\/\/klubmamgdynia.pl\/index.php\/wp-json\/wp\/v2\/media\/7851"}],"wp:attachment":[{"href":"http:\/\/klubmamgdynia.pl\/index.php\/wp-json\/wp\/v2\/media?parent=7850"}],"wp:term":[{"taxonomy":"product_cat","embeddable":true,"href":"http:\/\/klubmamgdynia.pl\/index.php\/wp-json\/wp\/v2\/product_cat?post=7850"},{"taxonomy":"product_tag","embeddable":true,"href":"http:\/\/klubmamgdynia.pl\/index.php\/wp-json\/wp\/v2\/product_tag?post=7850"}],"curies":[{"name":"wp","href":"https:\/\/api.w.org\/{rel}","templated":true}]}}