{"id":7852,"date":"2024-09-15T04:30:58","date_gmt":"2024-09-15T02:30:58","guid":{"rendered":"http:\/\/klubmamgdynia.pl\/?post_type=product&#038;p=7852"},"modified":"2026-04-30T06:50:05","modified_gmt":"2026-04-30T04:50:05","slug":"topfer-kaszka-owsiana-pelnoziarnista-bio-175g","status":"publish","type":"product","link":"http:\/\/klubmamgdynia.pl\/index.php\/produkt\/topfer-kaszka-owsiana-pelnoziarnista-bio-175g\/","title":{"rendered":"Topfer Kaszka Owsiana Pe\u0142noziarnista Bio 175G"},"content":{"rendered":"<h2>Topfer Kaszka Owsiana Pe\u0142noziarnista Bio 175G Topfer<\/h2>\n<p>quiz o minecraft, pytania do lektury asiunia, traktor z przyczep\u0105 kolorowanka, zagadki logiczne na inteligencj\u0119<\/p>\n<p>yyyyy<\/p>\n<p>&nbsp;<\/p>\n","protected":false},"excerpt":{"rendered":"<p>Topfer Kaszka Owsiana Pe\u0142noziarnista Bio 175G Topfer quiz o minecraft, pytania do lektury asiunia, traktor z przyczep\u0105 kolorowanka, zagadki logiczne na inteligencj\u0119 yyyyy &nbsp;<\/p>\n","protected":false},"featured_media":7853,"comment_status":"closed","ping_status":"open","template":"","meta":[],"product_cat":[107,1663],"product_tag":[864,702,752,748,627],"class_list":["post-7852","product","type-product","status-publish","has-post-thumbnail","hentry","product_cat-kaszki-dla-dzieci","product_cat-topfer","product_tag-basen-warszawa","product_tag-co-kupic-na-roczek-dla-dziewczynki","product_tag-kuba-imie","product_tag-okolice-wroclawia-atrakcje","product_tag-quiz-dzieci-z-bullerbyn"],"_links":{"self":[{"href":"http:\/\/klubmamgdynia.pl\/index.php\/wp-json\/wp\/v2\/product\/7852","targetHints":{"allow":["GET"]}}],"collection":[{"href":"http:\/\/klubmamgdynia.pl\/index.php\/wp-json\/wp\/v2\/product"}],"about":[{"href":"http:\/\/klubmamgdynia.pl\/index.php\/wp-json\/wp\/v2\/types\/product"}],"replies":[{"embeddable":true,"href":"http:\/\/klubmamgdynia.pl\/index.php\/wp-json\/wp\/v2\/comments?post=7852"}],"wp:featuredmedia":[{"embeddable":true,"href":"http:\/\/klubmamgdynia.pl\/index.php\/wp-json\/wp\/v2\/media\/7853"}],"wp:attachment":[{"href":"http:\/\/klubmamgdynia.pl\/index.php\/wp-json\/wp\/v2\/media?parent=7852"}],"wp:term":[{"taxonomy":"product_cat","embeddable":true,"href":"http:\/\/klubmamgdynia.pl\/index.php\/wp-json\/wp\/v2\/product_cat?post=7852"},{"taxonomy":"product_tag","embeddable":true,"href":"http:\/\/klubmamgdynia.pl\/index.php\/wp-json\/wp\/v2\/product_tag?post=7852"}],"curies":[{"name":"wp","href":"https:\/\/api.w.org\/{rel}","templated":true}]}}