{"id":7854,"date":"2025-09-23T12:44:47","date_gmt":"2025-09-23T10:44:47","guid":{"rendered":"http:\/\/klubmamgdynia.pl\/?post_type=product&#038;p=7854"},"modified":"2026-05-17T22:04:58","modified_gmt":"2026-05-17T20:04:58","slug":"supradyn-energia-30-tabl","status":"publish","type":"product","link":"http:\/\/klubmamgdynia.pl\/index.php\/produkt\/supradyn-energia-30-tabl\/","title":{"rendered":"Supradyn Energia 30 tabl."},"content":{"rendered":"<p>Supradyn Energia to suplement diety stworzony z my\u015bl\u0105 o osobach prowadz\u0105cych aktywny tryb \u017cycia. Po\u0142\u0105czenie witamin, sk\u0142adnik\u00f3w mineralnych i pierwiastk\u00f3w \u015bladowych w dawkach dopasowanych do zwi\u0119kszonych potrzeb energetycznych, pozwoli zachowa\u0107 odpowiedni poziom energii przez ca\u0142y dzie\u0144.<br \/>\nAby dopasowa\u0107 si\u0119 do stylu \u017cycia Supradyn Intensia Energy jest dost\u0119pny w dw\u00f3ch formach: tabletek oraz tabletek musuj\u0105cych. <\/p>\n<p>L.PL.MKT.11.2018.7048<\/p>\n<h2>Supradyn Energia 30 tabl. Bayer<\/h2>\n<p>litery kolorowanka, literki do nauki pisania do druku, maska do druku, co dla rocznego dziecka, kolorowanki dla dziewczyn, kolorowanka pikachu, bajki na dobranoc dla dzieci, kolorowe kredki tekst, kolorowanki do druku lol, imiona z bajek, dorian, kolorowanki do druku dla dziewczynek, kolorowanki super zings, dla dzieci warszawa, pokoloruj wed\u0142ug wzoru<\/p>\n<p>yyyyy<\/p>\n<p>&nbsp;<\/p>\n","protected":false},"excerpt":{"rendered":"<p>Supradyn Energia to suplement diety stworzony z my\u015bl\u0105 o osobach prowadz\u0105cych aktywny tryb \u017cycia. Po\u0142\u0105czenie witamin, sk\u0142adnik\u00f3w mineralnych i pierwiastk\u00f3w \u015bladowych w dawkach dopasowanych do zwi\u0119kszonych potrzeb energetycznych, pozwoli zachowa\u0107 odpowiedni poziom energii przez ca\u0142y dzie\u0144. Aby dopasowa\u0107 si\u0119 do stylu \u017cycia Supradyn Intensia Energy jest dost\u0119pny w dw\u00f3ch formach: tabletek oraz tabletek musuj\u0105cych. L.PL.MKT.11.2018.7048 [&hellip;]<\/p>\n","protected":false},"featured_media":7855,"comment_status":"closed","ping_status":"open","template":"","meta":[],"product_cat":[1163,187],"product_tag":[776,580,677,613,586,581],"class_list":["post-7854","product","type-product","status-publish","has-post-thumbnail","hentry","product_cat-bayer","product_cat-mineraly-i-witaminy","product_tag-dobrej-nocy","product_tag-janusz","product_tag-milosz-imie","product_tag-na-wyspach-bergamutach","product_tag-smieszne-zagadki","product_tag-zagadki-dla-8-latka"],"_links":{"self":[{"href":"http:\/\/klubmamgdynia.pl\/index.php\/wp-json\/wp\/v2\/product\/7854","targetHints":{"allow":["GET"]}}],"collection":[{"href":"http:\/\/klubmamgdynia.pl\/index.php\/wp-json\/wp\/v2\/product"}],"about":[{"href":"http:\/\/klubmamgdynia.pl\/index.php\/wp-json\/wp\/v2\/types\/product"}],"replies":[{"embeddable":true,"href":"http:\/\/klubmamgdynia.pl\/index.php\/wp-json\/wp\/v2\/comments?post=7854"}],"wp:featuredmedia":[{"embeddable":true,"href":"http:\/\/klubmamgdynia.pl\/index.php\/wp-json\/wp\/v2\/media\/7855"}],"wp:attachment":[{"href":"http:\/\/klubmamgdynia.pl\/index.php\/wp-json\/wp\/v2\/media?parent=7854"}],"wp:term":[{"taxonomy":"product_cat","embeddable":true,"href":"http:\/\/klubmamgdynia.pl\/index.php\/wp-json\/wp\/v2\/product_cat?post=7854"},{"taxonomy":"product_tag","embeddable":true,"href":"http:\/\/klubmamgdynia.pl\/index.php\/wp-json\/wp\/v2\/product_tag?post=7854"}],"curies":[{"name":"wp","href":"https:\/\/api.w.org\/{rel}","templated":true}]}}