{"id":7856,"date":"2015-05-21T15:10:38","date_gmt":"2015-05-21T13:10:38","guid":{"rendered":"http:\/\/klubmamgdynia.pl\/index.php\/produkt\/small-foot-zabawki-ogrodowe\/"},"modified":"2026-04-29T23:28:17","modified_gmt":"2026-04-29T21:28:17","slug":"small-foot-zabawki-ogrodowe","status":"publish","type":"product","link":"http:\/\/klubmamgdynia.pl\/index.php\/produkt\/small-foot-zabawki-ogrodowe\/","title":{"rendered":"Small Foot Zabawki Ogrodowe"},"content":{"rendered":"<p>Zestaw ma\u0142ego ogrodnika dla dzieci, zestaw narz\u0119dzi ogrodowych dla dzieciTa zabawka przyda si\u0119 ka\u017cdemu wielbicielowi ogrodu, kt\u00f3ry kocha wykopywa\u0107 grz\u0105dki, pracowa\u0107 i robi\u0107 porz\u0105dki po\u015br\u00f3d rabatek. Dziecko mo\u017ce dzi\u0119ki temu sp\u0119dza\u0107 wi\u0119cej czasu z rodzicami, kt\u00f3rzy poch\u0142oni\u0119ci prac\u0105 b\u0119d\u0105 mie\u0107 maluszka na oku.Zestaw ma\u0142ego ogrodnika dla dzieci, zestaw narz\u0119dzi ogrodowych dla dzieci jest doskona\u0142ym rozwi\u0105zaniem dla dzieci w wieku 3+. Praca w ogrodzie odpr\u0119\u017ca, dzia\u0142a na zmys\u0142y i stanowi doskona\u0142y spos\u00f3b na rekreacje, dla ka\u017cdego niezale\u017cnie od lat!Podstawowe korzy\u015bci:Dziecko rozwija koordynacj\u0119 ruchow\u0105, wzbogaca swoj\u0105 wyobra\u017anie, przebywa na \u015bwie\u017cym powietrzu i uczy si\u0119 codziennych \u017cyciowych czynno\u015bci, kt\u00f3re s\u0105 wspania\u0142\u0105 przygod\u0105!Dane techniczne:Wymiary: \u0142opatka 13 cm; \u015brednica wiaderka 16 cmZabawka jest metalowa z drewnianymi uchwytamiWiek: 3+Metoda Marii MontessoriCelem pedagogiki M. Montessori jest wspieranie spontanicznej i tw\u00f3rczej aktywno\u015bci dziecka, rozwijanie indywidualnych cech osobowo\u015bci dziecka, wp\u0142yw na zdobywanie wiedzy, formowanie prawid\u0142owego charakteru oraz umiej\u0119tno\u015bci szkolnych i umiej\u0119tno\u015bci wsp\u00f3\u0142dzia\u0142ania w grupie.Cele te realizowane s\u0105 poprzez pomoc dziecku w: osi\u0105ganiu d\u0142ugotrwa\u0142ej koncentracji, uniezale\u017cnieniu od nagrody, rozwijaniu samodzielno\u015bci i wiary we w\u0142asne si\u0142y, rozwijaniu indywidualnych uzdolnie\u0144 przy jednoczesnej umiej\u0119tno\u015bci wsp\u00f3\u0142pracy z innymi.Zadania pedagogiki Montessori realizowane s\u0105 przez uczenie przez dzia\u0142anie, nacisk na samodzielno\u015b\u0107, koncentracj\u0119 i wytrwa\u0142o\u015b\u0107, nauk\u0119 w ciszy, obserwacj\u0119 i przestrzeganie regu\u0142 \u2013 nie ra\u0144, nie niszcz, nie przeszkadzaj.Wa\u017cn\u0105 cz\u0119\u015bci\u0105 Pedagogiki Montessori s\u0105 pomoce dydaktyczne, najwa\u017cniejsze cechy tych pomocy to: prostota, precyzja i estetyka wykonania, uwzgl\u0119dnienie zasady stopniowania trudno\u015bci i mo\u017cliwo\u015b\u0107 samodzielnej kontroli b\u0142\u0119d\u00f3w.Dzi\u0119ki w\u0142a\u015bciwemu otoczeniu dziecko rozwija si\u0119 w harmonijny spos\u00f3b, czuje si\u0119 radosne i szcz\u0119\u015bliwe, szybko si\u0119 uczy i rozwija z \u0142atwo\u015bci\u0105 przyswajaj\u0105c kolejne zadania.<\/p>\n<h2>Small Foot Zabawki Ogrodowe Small Foot Design<\/h2>\n<p>miasto dzieci.pl, kontynenty do druku, aurelia, pokemon kolorowanki, \u0142\u0105czenie kropek, zagadki o zwierz\u0119tach domowych, kwiecien plecien, tupcio chrupcio bajka do czytania, kr\u00f3tkie zagadki logiczne, zagadki logiczne \u015bmieszne, prezent dla 7 letniej dziewczynki, z\u0142ote my\u015bli kubu\u015b puchatek cytaty, maski dla dzieci do druku, nowe quizy do rozwi\u0105zania<\/p>\n<p>yyyyy<\/p>\n<p>&nbsp;<\/p>\n","protected":false},"excerpt":{"rendered":"<p>Zestaw ma\u0142ego ogrodnika dla dzieci, zestaw narz\u0119dzi ogrodowych dla dzieciTa zabawka przyda si\u0119 ka\u017cdemu wielbicielowi ogrodu, kt\u00f3ry kocha wykopywa\u0107 grz\u0105dki, pracowa\u0107 i robi\u0107 porz\u0105dki po\u015br\u00f3d rabatek. Dziecko mo\u017ce dzi\u0119ki temu sp\u0119dza\u0107 wi\u0119cej czasu z rodzicami, kt\u00f3rzy poch\u0142oni\u0119ci prac\u0105 b\u0119d\u0105 mie\u0107 maluszka na oku.Zestaw ma\u0142ego ogrodnika dla dzieci, zestaw narz\u0119dzi ogrodowych dla dzieci jest doskona\u0142ym rozwi\u0105zaniem [&hellip;]<\/p>\n","protected":false},"featured_media":7857,"comment_status":"closed","ping_status":"open","template":"","meta":[],"product_cat":[147,286],"product_tag":[624,704,629,857],"class_list":["post-7856","product","type-product","status-publish","has-post-thumbnail","hentry","product_cat-small-foot-design","product_cat-zabawki-do-piasku","product_tag-krotkie-zagadki","product_tag-prezent-dla-nastolatka","product_tag-smieszne-zagadki-z-odpowiedziami","product_tag-zagadki-dla-dzieci-7-8-lat"],"_links":{"self":[{"href":"http:\/\/klubmamgdynia.pl\/index.php\/wp-json\/wp\/v2\/product\/7856","targetHints":{"allow":["GET"]}}],"collection":[{"href":"http:\/\/klubmamgdynia.pl\/index.php\/wp-json\/wp\/v2\/product"}],"about":[{"href":"http:\/\/klubmamgdynia.pl\/index.php\/wp-json\/wp\/v2\/types\/product"}],"replies":[{"embeddable":true,"href":"http:\/\/klubmamgdynia.pl\/index.php\/wp-json\/wp\/v2\/comments?post=7856"}],"wp:featuredmedia":[{"embeddable":true,"href":"http:\/\/klubmamgdynia.pl\/index.php\/wp-json\/wp\/v2\/media\/7857"}],"wp:attachment":[{"href":"http:\/\/klubmamgdynia.pl\/index.php\/wp-json\/wp\/v2\/media?parent=7856"}],"wp:term":[{"taxonomy":"product_cat","embeddable":true,"href":"http:\/\/klubmamgdynia.pl\/index.php\/wp-json\/wp\/v2\/product_cat?post=7856"},{"taxonomy":"product_tag","embeddable":true,"href":"http:\/\/klubmamgdynia.pl\/index.php\/wp-json\/wp\/v2\/product_tag?post=7856"}],"curies":[{"name":"wp","href":"https:\/\/api.w.org\/{rel}","templated":true}]}}