{"id":7858,"date":"2012-07-07T07:32:02","date_gmt":"2012-07-07T05:32:02","guid":{"rendered":"http:\/\/klubmamgdynia.pl\/index.php\/produkt\/prokids-samochod-metalowy-ambulans\/"},"modified":"2026-04-27T04:03:05","modified_gmt":"2026-04-27T02:03:05","slug":"prokids-samochod-metalowy-ambulans","status":"publish","type":"product","link":"http:\/\/klubmamgdynia.pl\/index.php\/produkt\/prokids-samochod-metalowy-ambulans\/","title":{"rendered":"ProKids Samoch\u00f3d metalowy Ambulans"},"content":{"rendered":"<p>Pro Kids Samoch\u00f3d metalowy Ambulans 3+ Ambulans to samoch\u00f3d ratunkowy wykonany z metalu, dzi\u0119ki czemu jest solidny i wytrzyma\u0142y. Ambulans 15 cm posiada nap\u0119d, a po ruszeniu w\u0142\u0105cza si\u0119 syrena oraz \u015bwiat\u0142a. Samoch\u00f3d posiada otwierane drzwi kierowcy, pasa\u017cera oraz baga\u017cnik.<\/p>\n<h2>ProKids Samoch\u00f3d metalowy Ambulans Pro Kids<\/h2>\n<p>trudne zagadki na inteligencj\u0119, listy do \u015bwi\u0119tego miko\u0142aja, ko\u0142ysanka dla dzieci tekst, kolorowanka super zings, kolorowanki do wydruku, wydarzenia warszawa dzisiaj, posz\u0142a ola na spacerek, kr\u00f3tkie bajki do czytania<\/p>\n<p>yyyyy<\/p>\n<p>&nbsp;<\/p>\n","protected":false},"excerpt":{"rendered":"<p>Pro Kids Samoch\u00f3d metalowy Ambulans 3+ Ambulans to samoch\u00f3d ratunkowy wykonany z metalu, dzi\u0119ki czemu jest solidny i wytrzyma\u0142y. Ambulans 15 cm posiada nap\u0119d, a po ruszeniu w\u0142\u0105cza si\u0119 syrena oraz \u015bwiat\u0142a. Samoch\u00f3d posiada otwierane drzwi kierowcy, pasa\u017cera oraz baga\u017cnik. ProKids Samoch\u00f3d metalowy Ambulans Pro Kids trudne zagadki na inteligencj\u0119, listy do \u015bwi\u0119tego miko\u0142aja, ko\u0142ysanka [&hellip;]<\/p>\n","protected":false},"featured_media":7859,"comment_status":"closed","ping_status":"open","template":"","meta":[],"product_cat":[83,1229],"product_tag":[603,807,783,835,628,869,701],"class_list":["post-7858","product","type-product","status-publish","has-post-thumbnail","hentry","product_cat-auta-i-inne-pojazdy-do-zabawy","product_cat-pro-kids","product_tag-bajki-do-czytania","product_tag-logiczne-zagadki","product_tag-prezenty-na-roczek-dla-chlopca","product_tag-radosc-dziecka-cytaty","product_tag-zagadka","product_tag-zagadki-na-logike","product_tag-zgadywanki-dla-dzieci"],"_links":{"self":[{"href":"http:\/\/klubmamgdynia.pl\/index.php\/wp-json\/wp\/v2\/product\/7858","targetHints":{"allow":["GET"]}}],"collection":[{"href":"http:\/\/klubmamgdynia.pl\/index.php\/wp-json\/wp\/v2\/product"}],"about":[{"href":"http:\/\/klubmamgdynia.pl\/index.php\/wp-json\/wp\/v2\/types\/product"}],"replies":[{"embeddable":true,"href":"http:\/\/klubmamgdynia.pl\/index.php\/wp-json\/wp\/v2\/comments?post=7858"}],"wp:featuredmedia":[{"embeddable":true,"href":"http:\/\/klubmamgdynia.pl\/index.php\/wp-json\/wp\/v2\/media\/7859"}],"wp:attachment":[{"href":"http:\/\/klubmamgdynia.pl\/index.php\/wp-json\/wp\/v2\/media?parent=7858"}],"wp:term":[{"taxonomy":"product_cat","embeddable":true,"href":"http:\/\/klubmamgdynia.pl\/index.php\/wp-json\/wp\/v2\/product_cat?post=7858"},{"taxonomy":"product_tag","embeddable":true,"href":"http:\/\/klubmamgdynia.pl\/index.php\/wp-json\/wp\/v2\/product_tag?post=7858"}],"curies":[{"name":"wp","href":"https:\/\/api.w.org\/{rel}","templated":true}]}}