{"id":786,"date":"2020-07-13T02:33:40","date_gmt":"2020-07-13T00:33:40","guid":{"rendered":"http:\/\/klubmamgdynia.pl\/index.php\/produkt\/baby-born-swiateczny-zestaw-ubran-i-akcesoriow-827222\/"},"modified":"2026-05-17T23:01:34","modified_gmt":"2026-05-17T21:01:34","slug":"baby-born-swiateczny-zestaw-ubran-i-akcesoriow-827222","status":"publish","type":"product","link":"http:\/\/klubmamgdynia.pl\/index.php\/produkt\/baby-born-swiateczny-zestaw-ubran-i-akcesoriow-827222\/","title":{"rendered":"Baby Born \u015awi\u0105teczny Zestaw Ubra\u0144 I Akcesori\u00f3w 827222"},"content":{"rendered":"<p>BABY born &#8211; Zestaw \u015awi\u0105teczny ubranek i akcesori\u00f3w dla lalki                            <\/p>\n<p>Uroczy i kompleksowy zestaw ubranek i akcesori\u00f3w \u015bwi\u0105tecznych dla lalki to wspania\u0142y prezent nie tylko dla dziewczynek rozpoczynaj\u0105cych przygod\u0119 z lalk\u0105 Baby born. To doskona\u0142a stylizacja dla lalki na czas \u015bwi\u0105t i nie tylko, W zestawie znajduj\u0105 si\u0119 \u015bliczne ubranka i niezb\u0119dne akcesoria, daj\u0105ce mo\u017cliwo\u015b\u0107 przebierania lalki w r\u00f3\u017cnych wariantach. Ubranka przeznaczone s\u0105 dla lalek 40-43 cm. Zestaw zawiera te same elementy co kalendarz adwentowy. W zestawie nie wyst\u0119puje lalka.<\/p>\n<p>Zawarto\u015b\u0107 i cechy zestawu:<\/p>\n<p>Body<br \/>\nWi\u0105zana czapka z pomponem<br \/>\nR\u0119kawiczki<br \/>\nOpaska z uszami i rogami renifera<br \/>\nSweter<br \/>\nSpodnie sportowe<br \/>\nSp\u00f3dnica<br \/>\nKamizelka<br \/>\n\u015aliniaczek<br \/>\nTr\u00f3jk\u0105tna chusta<br \/>\nBi\u017cuteria m.in. bransoletki i \u0142a\u0144cuszki<br \/>\nTorba<br \/>\nTorebka<br \/>\nSmoczek z przypink\u0105<br \/>\nButeleczka<br \/>\nOkulary<br \/>\nBuciki zimowe<br \/>\nBuciki baleriny<br \/>\nW sumie ponad 24 element\u00f3w<br \/>\nUbranka przeznaczone dla lalek 40-43 cm                            <\/p>\n<p>Zapf Creation &#8211; Baby Born<br \/>\nBaby Born to urocza lalka, kt\u00f3ra ro\u015bnie razem z dziewczynk\u0105. Czasami Baby Born jest jak ma\u0142e dziecko, kt\u00f3re potrzebuje troskliwej opieki, a innym razem to towarzysz zabaw i najlepszy przyjaciel, kt\u00f3ry pod\u0105\u017ca za swoj\u0105 &#8222;mam\u0105&#8221;. W tym celu marka Zapf Creation stworzy\u0142a lalki tematyczne takie jak ksi\u0119\u017cniczka, lekarz czy baletnica, a tak\u017ce mn\u00f3stwo interaktywnych akcesori\u00f3w.<\/p>\n<h2>Baby Born \u015awi\u0105teczny Zestaw Ubra\u0144 I Akcesori\u00f3w 827222 BABY BORN<\/h2>\n<p>wzory dyplom\u00f3w do pobrania, na roczek, adriana imie, pytania do lektury asiunia, szablon zaproszenia na urodziny do wydruku czarno bia\u0142e, zagadki matematyczne dla dzieci 7 lat, opisy do zdj\u0119\u0107 z dzieckiem, jak dobra\u0107 narty dla dziecka, quiz stolice europy, maska wilka szablon<\/p>\n<p>yyyyy<\/p>\n<p>&nbsp;<\/p>\n","protected":false},"excerpt":{"rendered":"<p>BABY born &#8211; Zestaw \u015awi\u0105teczny ubranek i akcesori\u00f3w dla lalki Uroczy i kompleksowy zestaw ubranek i akcesori\u00f3w \u015bwi\u0105tecznych dla lalki to wspania\u0142y prezent nie tylko dla dziewczynek rozpoczynaj\u0105cych przygod\u0119 z lalk\u0105 Baby born. To doskona\u0142a stylizacja dla lalki na czas \u015bwi\u0105t i nie tylko, W zestawie znajduj\u0105 si\u0119 \u015bliczne ubranka i niezb\u0119dne akcesoria, daj\u0105ce mo\u017cliwo\u015b\u0107 [&hellip;]<\/p>\n","protected":false},"featured_media":787,"comment_status":"closed","ping_status":"open","template":"","meta":[],"product_cat":[172,176],"product_tag":[666,790,585,595,849,869],"class_list":["post-786","product","type-product","status-publish","has-post-thumbnail","hentry","product_cat-akcesoria-dla-lalek","product_cat-baby-born","product_tag-afrykanskie-imiona","product_tag-gry-planszowe-dla-nastolatkow","product_tag-kolorowanki-dla-chlopcow","product_tag-zagadki-dla-6-latka","product_tag-zagadki-matematyczne-dla-dzieci","product_tag-zagadki-na-logike"],"_links":{"self":[{"href":"http:\/\/klubmamgdynia.pl\/index.php\/wp-json\/wp\/v2\/product\/786","targetHints":{"allow":["GET"]}}],"collection":[{"href":"http:\/\/klubmamgdynia.pl\/index.php\/wp-json\/wp\/v2\/product"}],"about":[{"href":"http:\/\/klubmamgdynia.pl\/index.php\/wp-json\/wp\/v2\/types\/product"}],"replies":[{"embeddable":true,"href":"http:\/\/klubmamgdynia.pl\/index.php\/wp-json\/wp\/v2\/comments?post=786"}],"wp:featuredmedia":[{"embeddable":true,"href":"http:\/\/klubmamgdynia.pl\/index.php\/wp-json\/wp\/v2\/media\/787"}],"wp:attachment":[{"href":"http:\/\/klubmamgdynia.pl\/index.php\/wp-json\/wp\/v2\/media?parent=786"}],"wp:term":[{"taxonomy":"product_cat","embeddable":true,"href":"http:\/\/klubmamgdynia.pl\/index.php\/wp-json\/wp\/v2\/product_cat?post=786"},{"taxonomy":"product_tag","embeddable":true,"href":"http:\/\/klubmamgdynia.pl\/index.php\/wp-json\/wp\/v2\/product_tag?post=786"}],"curies":[{"name":"wp","href":"https:\/\/api.w.org\/{rel}","templated":true}]}}