{"id":7860,"date":"2015-07-22T20:11:21","date_gmt":"2015-07-22T18:11:21","guid":{"rendered":"http:\/\/klubmamgdynia.pl\/index.php\/produkt\/pralka-electrolux-ew8f229sp-perfectcare\/"},"modified":"2026-04-06T13:46:05","modified_gmt":"2026-04-06T11:46:05","slug":"pralka-electrolux-ew8f229sp-perfectcare","status":"publish","type":"product","link":"http:\/\/klubmamgdynia.pl\/index.php\/produkt\/pralka-electrolux-ew8f229sp-perfectcare\/","title":{"rendered":"Pralka Electrolux EW8F229SP PerfectCare"},"content":{"rendered":"<h2>Pralka Electrolux EW8F229SP PerfectCare Electrolux<\/h2>\n<p>ko\u0142ysanki tekst, posz\u0142a ola na spacerek, miriam imi\u0119, najpi\u0119kniejsze cytaty cytaty dla mamy, kr\u00f3tkie \u017cyczenia wielkanocne dla dzieci, \u0142amig\u0142\u00f3wki logiczne, rysowanki, celina, bajka terapeutyczna o emocjach, karty pracy dla dzieci z ukrainy do druku, kr\u00f3tkie zagadki dla doros\u0142ych, maska kota, trudne zagadki z odpowiedziami, jednoro\u017cec kolorowanka do druku<\/p>\n<p>yyyyy<\/p>\n<p>&nbsp;<\/p>\n","protected":false},"excerpt":{"rendered":"<p>Pralka Electrolux EW8F229SP PerfectCare Electrolux ko\u0142ysanki tekst, posz\u0142a ola na spacerek, miriam imi\u0119, najpi\u0119kniejsze cytaty cytaty dla mamy, kr\u00f3tkie \u017cyczenia wielkanocne dla dzieci, \u0142amig\u0142\u00f3wki logiczne, rysowanki, celina, bajka terapeutyczna o emocjach, karty pracy dla dzieci z ukrainy do druku, kr\u00f3tkie zagadki dla doros\u0142ych, maska kota, trudne zagadki z odpowiedziami, jednoro\u017cec kolorowanka do druku yyyyy &nbsp;<\/p>\n","protected":false},"featured_media":7861,"comment_status":"closed","ping_status":"open","template":"","meta":[],"product_cat":[1664,1665],"product_tag":[790,617,853,689,858,843],"class_list":["post-7860","product","type-product","status-publish","has-post-thumbnail","hentry","product_cat-electrolux","product_cat-pralki","product_tag-gry-planszowe-dla-nastolatkow","product_tag-keyword","product_tag-kolorowanki-do-druku-dla-doroslych","product_tag-linda","product_tag-podchwytliwe-zagadki","product_tag-smieszne-zagadki-dla-dzieci"],"_links":{"self":[{"href":"http:\/\/klubmamgdynia.pl\/index.php\/wp-json\/wp\/v2\/product\/7860","targetHints":{"allow":["GET"]}}],"collection":[{"href":"http:\/\/klubmamgdynia.pl\/index.php\/wp-json\/wp\/v2\/product"}],"about":[{"href":"http:\/\/klubmamgdynia.pl\/index.php\/wp-json\/wp\/v2\/types\/product"}],"replies":[{"embeddable":true,"href":"http:\/\/klubmamgdynia.pl\/index.php\/wp-json\/wp\/v2\/comments?post=7860"}],"wp:featuredmedia":[{"embeddable":true,"href":"http:\/\/klubmamgdynia.pl\/index.php\/wp-json\/wp\/v2\/media\/7861"}],"wp:attachment":[{"href":"http:\/\/klubmamgdynia.pl\/index.php\/wp-json\/wp\/v2\/media?parent=7860"}],"wp:term":[{"taxonomy":"product_cat","embeddable":true,"href":"http:\/\/klubmamgdynia.pl\/index.php\/wp-json\/wp\/v2\/product_cat?post=7860"},{"taxonomy":"product_tag","embeddable":true,"href":"http:\/\/klubmamgdynia.pl\/index.php\/wp-json\/wp\/v2\/product_tag?post=7860"}],"curies":[{"name":"wp","href":"https:\/\/api.w.org\/{rel}","templated":true}]}}