{"id":7864,"date":"2017-03-15T13:42:00","date_gmt":"2017-03-15T12:42:00","guid":{"rendered":"http:\/\/klubmamgdynia.pl\/index.php\/produkt\/mega-creative-maszyna-do-szycia-plus-zelazko-creaive-501096-zabawka\/"},"modified":"2026-05-01T09:21:52","modified_gmt":"2026-05-01T07:21:52","slug":"mega-creative-maszyna-do-szycia-plus-zelazko-creaive-501096-zabawka","status":"publish","type":"product","link":"http:\/\/klubmamgdynia.pl\/index.php\/produkt\/mega-creative-maszyna-do-szycia-plus-zelazko-creaive-501096-zabawka\/","title":{"rendered":"Mega Creative Maszyna Do Szycia Plus \u017belazko Creaive 501096 &#8211; Zabawka"},"content":{"rendered":"<p>Zalety produktu: Maszyna \u0142atwa w obs\u0142udze, specjalna os\u0142onka na ig\u0142\u0119 zabezpieczaj\u0105ca palce przed skaleczeniem, lekka i \u0142atwa do przenoszenia, rozwijanie pasji, rozwija kreatywno\u015b\u0107 dziecka. Maszyna do szycia MEGA CREATIVE pomo\u017ce dziecku poczu\u0107 si\u0119 jak prawdziwa projektantka mody Produkt ten posiada wiele r\u00f3\u017cnych funkcji takich jak: nak\u0142adanie szpulki z nitk\u0105, tryb r\u0119czny, prze\u0142\u0105cznik \u015bwiat\u0142a, wysuwan\u0105 szufladk\u0119 na r\u00f3\u017cne akcesoria potrzebne do szycia. Do zestawu do\u0142\u0105czony jest peda\u0142 kt\u00f3rym nap\u0119dza si\u0119 maszyn\u0119. \u017belazko posiada efekt d\u017awi\u0119kowy. Zawarto\u015b\u0107 zestawu: maszyna do szycia, 2x szpulki z bia\u0142\u0105 oraz r\u00f3\u017cow\u0105 nitk\u0105, kawa\u0142ek materia\u0142u, \u017celazko. Produkt wykonany z plastiku i materia\u0142u, produkty s\u0105 imitacj\u0105 prawdziwych Wymiary\/waga\/baterie: wymiary produktu d\u0142. x wys. x g\u0142. cm : -maszyna 20x16x7, -\u017celazko 22x12x10, wymiary opakowania d\u0142. x wys. x g\u0142. cm : 46x23x11, waga produktu bez opakowania kg : 0,43 kg, waga produktu w opakowaniu kg : 0,80 kg, wymaga zasilania bateriami: maszyna- 3 x AALR06 1,5V- \u017celazko 2 x AALR 06 1,5V nie za\u0142\u0105czono do zestawu. Przeznaczona dla dzieci w wieku: 3 . Pakowana w kartonik z okienkiem. W kartonie zbiorczym po 16\/32 szt.<\/p>\n<h2>Mega Creative Maszyna Do Szycia Plus \u017belazko Creaive 501096 &#8211; Zabawka Mega Creative<\/h2>\n<p>ferie warszawa 2022, co mo\u017cna zrobi\u0107 z rolek po papierze toaletowym, chase psi patrol kolorowanka, zabawy na bal karnawa\u0142owy w przedszkolu, imie iwo, wzruszaj\u0105ce s\u0142owa dla przyjaci\u00f3\u0142ki, spongebob kolorowanka, prezent dla dwunastolatka, z\u0142ote my\u015bli pedagogiczne<\/p>\n<p>yyyyy<\/p>\n<p>&nbsp;<\/p>\n","protected":false},"excerpt":{"rendered":"<p>Zalety produktu: Maszyna \u0142atwa w obs\u0142udze, specjalna os\u0142onka na ig\u0142\u0119 zabezpieczaj\u0105ca palce przed skaleczeniem, lekka i \u0142atwa do przenoszenia, rozwijanie pasji, rozwija kreatywno\u015b\u0107 dziecka. Maszyna do szycia MEGA CREATIVE pomo\u017ce dziecku poczu\u0107 si\u0119 jak prawdziwa projektantka mody Produkt ten posiada wiele r\u00f3\u017cnych funkcji takich jak: nak\u0142adanie szpulki z nitk\u0105, tryb r\u0119czny, prze\u0142\u0105cznik \u015bwiat\u0142a, wysuwan\u0105 szufladk\u0119 [&hellip;]<\/p>\n","protected":false},"featured_media":7865,"comment_status":"closed","ping_status":"open","template":"","meta":[],"product_cat":[53,64],"product_tag":[707,643,625,736,869],"class_list":["post-7864","product","type-product","status-publish","has-post-thumbnail","hentry","product_cat-kaciki-zabaw","product_cat-mega-creative","product_tag-karty-pracy-dla-dzieci-z-ukrainy","product_tag-prezent-dla-17-latki","product_tag-trojmiasto-atrakcje-dla-dzieci","product_tag-zabawki-na-roczek","product_tag-zagadki-na-logike"],"_links":{"self":[{"href":"http:\/\/klubmamgdynia.pl\/index.php\/wp-json\/wp\/v2\/product\/7864","targetHints":{"allow":["GET"]}}],"collection":[{"href":"http:\/\/klubmamgdynia.pl\/index.php\/wp-json\/wp\/v2\/product"}],"about":[{"href":"http:\/\/klubmamgdynia.pl\/index.php\/wp-json\/wp\/v2\/types\/product"}],"replies":[{"embeddable":true,"href":"http:\/\/klubmamgdynia.pl\/index.php\/wp-json\/wp\/v2\/comments?post=7864"}],"wp:featuredmedia":[{"embeddable":true,"href":"http:\/\/klubmamgdynia.pl\/index.php\/wp-json\/wp\/v2\/media\/7865"}],"wp:attachment":[{"href":"http:\/\/klubmamgdynia.pl\/index.php\/wp-json\/wp\/v2\/media?parent=7864"}],"wp:term":[{"taxonomy":"product_cat","embeddable":true,"href":"http:\/\/klubmamgdynia.pl\/index.php\/wp-json\/wp\/v2\/product_cat?post=7864"},{"taxonomy":"product_tag","embeddable":true,"href":"http:\/\/klubmamgdynia.pl\/index.php\/wp-json\/wp\/v2\/product_tag?post=7864"}],"curies":[{"name":"wp","href":"https:\/\/api.w.org\/{rel}","templated":true}]}}