{"id":7866,"date":"2022-06-05T00:26:46","date_gmt":"2022-06-04T22:26:46","guid":{"rendered":"http:\/\/klubmamgdynia.pl\/index.php\/produkt\/pro-kids-konstrukcje-przestrzenne-roz-walizka-212el\/"},"modified":"2026-04-20T19:15:13","modified_gmt":"2026-04-20T17:15:13","slug":"pro-kids-konstrukcje-przestrzenne-roz-walizka-212el","status":"publish","type":"product","link":"http:\/\/klubmamgdynia.pl\/index.php\/produkt\/pro-kids-konstrukcje-przestrzenne-roz-walizka-212el\/","title":{"rendered":"Pro Kids Konstrukcje przestrzenne r\u00f3\u017c walizka 212El."},"content":{"rendered":"<p>Klocki konstrukcyjne w r\u00f3\u017cowej walizce to masa zabawy, podczas kt\u00f3rej dziecko rozwija wyobra\u017ani\u0119 przestrzenn\u0105. Kreatywnej zabawy dostarcza a\u017c 212 element\u00f3w do skr\u0119cania. Zabaw\u0119 u\u0142atwiaj\u0105 bezpieczne narz\u0119dzia do skr\u0119cania. Konstrukcje mo\u017cna budowa\u0107 na walizce poziomo lub pionowo.EAN: 5903943000050<\/p>\n<h2>Pro Kids Konstrukcje przestrzenne r\u00f3\u017c walizka 212El. Pro Kids<\/h2>\n<p>bajki dla dzieci online, zadania logiczne dla dzieci, zagadka matematyczna, kolorowanki \u015bwinka peppa, rodzina cytaty, na roczek, super zings kolorowanka, wycinanki puzzle do druku, aniela znaczenie imienia, zaj\u0119cia wielkanocne dla dzieci, karty pracy dla dzieci z ukrainy pdf, kolorowanki jesie\u0144 do druku, wzory zaprosze\u0144 zaproszenie na urodziny do druku pdf, \u017carty na prima aprilis dla ch\u0142opaka, wakacje kolorowanka, logiczne zagadki<\/p>\n<p>yyyyy<\/p>\n<p>&nbsp;<\/p>\n","protected":false},"excerpt":{"rendered":"<p>Klocki konstrukcyjne w r\u00f3\u017cowej walizce to masa zabawy, podczas kt\u00f3rej dziecko rozwija wyobra\u017ani\u0119 przestrzenn\u0105. Kreatywnej zabawy dostarcza a\u017c 212 element\u00f3w do skr\u0119cania. Zabaw\u0119 u\u0142atwiaj\u0105 bezpieczne narz\u0119dzia do skr\u0119cania. Konstrukcje mo\u017cna budowa\u0107 na walizce poziomo lub pionowo.EAN: 5903943000050 Pro Kids Konstrukcje przestrzenne r\u00f3\u017c walizka 212El. Pro Kids bajki dla dzieci online, zadania logiczne dla dzieci, zagadka [&hellip;]<\/p>\n","protected":false},"featured_media":7867,"comment_status":"closed","ping_status":"open","template":"","meta":[],"product_cat":[113,1229],"product_tag":[855,806,679],"class_list":["post-7866","product","type-product","status-publish","has-post-thumbnail","hentry","product_cat-klocki","product_cat-pro-kids","product_tag-nietypowe-imiona-zenskie","product_tag-prezent-dla-dziecka-na-roczek","product_tag-zabawki-na-roczek-dla-dziewczynki"],"_links":{"self":[{"href":"http:\/\/klubmamgdynia.pl\/index.php\/wp-json\/wp\/v2\/product\/7866","targetHints":{"allow":["GET"]}}],"collection":[{"href":"http:\/\/klubmamgdynia.pl\/index.php\/wp-json\/wp\/v2\/product"}],"about":[{"href":"http:\/\/klubmamgdynia.pl\/index.php\/wp-json\/wp\/v2\/types\/product"}],"replies":[{"embeddable":true,"href":"http:\/\/klubmamgdynia.pl\/index.php\/wp-json\/wp\/v2\/comments?post=7866"}],"wp:featuredmedia":[{"embeddable":true,"href":"http:\/\/klubmamgdynia.pl\/index.php\/wp-json\/wp\/v2\/media\/7867"}],"wp:attachment":[{"href":"http:\/\/klubmamgdynia.pl\/index.php\/wp-json\/wp\/v2\/media?parent=7866"}],"wp:term":[{"taxonomy":"product_cat","embeddable":true,"href":"http:\/\/klubmamgdynia.pl\/index.php\/wp-json\/wp\/v2\/product_cat?post=7866"},{"taxonomy":"product_tag","embeddable":true,"href":"http:\/\/klubmamgdynia.pl\/index.php\/wp-json\/wp\/v2\/product_tag?post=7866"}],"curies":[{"name":"wp","href":"https:\/\/api.w.org\/{rel}","templated":true}]}}