{"id":7876,"date":"2011-02-24T04:52:48","date_gmt":"2011-02-24T03:52:48","guid":{"rendered":"http:\/\/klubmamgdynia.pl\/index.php\/produkt\/bruder-01007-kierownica-do-traktorow\/"},"modified":"2026-04-06T02:47:40","modified_gmt":"2026-04-06T00:47:40","slug":"bruder-01007-kierownica-do-traktorow","status":"publish","type":"product","link":"http:\/\/klubmamgdynia.pl\/index.php\/produkt\/bruder-01007-kierownica-do-traktorow\/","title":{"rendered":"Bruder 01007 Kierownica do traktor\u00f3w"},"content":{"rendered":"<p>Producent: BruderNr katalogowy: 01007Waga: 0,05kgWiek dziecka: 3+ &#8211; kierownica pasuje do wszystkich traktor\u00f3w firmy Bruder Akc01Trak01czes<\/p>\n<h2>Bruder 01007 Kierownica do traktor\u00f3w Bruder<\/h2>\n<p>prezent dla m\u0142odzie\u017cy, dawne ko\u0142ysanki teksty, znaki drogowe test, matematyczne zagadki, quiz pi\u0142karski, bajka do czytania na dobranoc, origami kotek, szlaczki do druku, zagadki logiczne na inteligencj\u0119<\/p>\n<p>yyyyy<\/p>\n<p>&nbsp;<\/p>\n","protected":false},"excerpt":{"rendered":"<p>Producent: BruderNr katalogowy: 01007Waga: 0,05kgWiek dziecka: 3+ &#8211; kierownica pasuje do wszystkich traktor\u00f3w firmy Bruder Akc01Trak01czes Bruder 01007 Kierownica do traktor\u00f3w Bruder prezent dla m\u0142odzie\u017cy, dawne ko\u0142ysanki teksty, znaki drogowe test, matematyczne zagadki, quiz pi\u0142karski, bajka do czytania na dobranoc, origami kotek, szlaczki do druku, zagadki logiczne na inteligencj\u0119 yyyyy &nbsp;<\/p>\n","protected":false},"featured_media":7877,"comment_status":"closed","ping_status":"open","template":"","meta":[],"product_cat":[1076,295],"product_tag":[817,790,704,732,726],"class_list":["post-7876","product","type-product","status-publish","has-post-thumbnail","hentry","product_cat-bruder","product_cat-pozostale-zabawki","product_tag-bajka-terapeutyczna-o-emocjach","product_tag-gry-planszowe-dla-nastolatkow","product_tag-prezent-dla-nastolatka","product_tag-prezent-dla-rocznego-chlopca","product_tag-quiz-zemsta"],"_links":{"self":[{"href":"http:\/\/klubmamgdynia.pl\/index.php\/wp-json\/wp\/v2\/product\/7876","targetHints":{"allow":["GET"]}}],"collection":[{"href":"http:\/\/klubmamgdynia.pl\/index.php\/wp-json\/wp\/v2\/product"}],"about":[{"href":"http:\/\/klubmamgdynia.pl\/index.php\/wp-json\/wp\/v2\/types\/product"}],"replies":[{"embeddable":true,"href":"http:\/\/klubmamgdynia.pl\/index.php\/wp-json\/wp\/v2\/comments?post=7876"}],"wp:featuredmedia":[{"embeddable":true,"href":"http:\/\/klubmamgdynia.pl\/index.php\/wp-json\/wp\/v2\/media\/7877"}],"wp:attachment":[{"href":"http:\/\/klubmamgdynia.pl\/index.php\/wp-json\/wp\/v2\/media?parent=7876"}],"wp:term":[{"taxonomy":"product_cat","embeddable":true,"href":"http:\/\/klubmamgdynia.pl\/index.php\/wp-json\/wp\/v2\/product_cat?post=7876"},{"taxonomy":"product_tag","embeddable":true,"href":"http:\/\/klubmamgdynia.pl\/index.php\/wp-json\/wp\/v2\/product_tag?post=7876"}],"curies":[{"name":"wp","href":"https:\/\/api.w.org\/{rel}","templated":true}]}}