{"id":7878,"date":"2012-01-29T09:35:04","date_gmt":"2012-01-29T08:35:04","guid":{"rendered":"http:\/\/klubmamgdynia.pl\/index.php\/produkt\/picca-loulou-przytulanka-wrozka-feline-11cm-gift-box\/"},"modified":"2026-04-06T21:09:41","modified_gmt":"2026-04-06T19:09:41","slug":"picca-loulou-przytulanka-wrozka-feline-11cm-gift-box","status":"publish","type":"product","link":"http:\/\/klubmamgdynia.pl\/index.php\/produkt\/picca-loulou-przytulanka-wrozka-feline-11cm-gift-box\/","title":{"rendered":"Picca Loulou Przytulanka Wr\u00f3\u017cka Feline 11Cm Gift Box"},"content":{"rendered":"<p>W magicznym \u015bwiecie, niedaleko naszego, \u017cyj\u0105 m\u0105dre i szcz\u0119\u015bliwe stworzenia z Picca Loulou.Razem z Ksi\u0119\u017cycem nios\u0105 rado\u015b\u0107 i szcz\u0119\u015bcie dzieciom dooko\u0142a.I tak zaczyna si\u0119 ta historia. A jakie b\u0119dzie mia\u0142a zako\u0144czenie zale\u017cy od Ciebie.Przytulanka Wr\u00f3\u017cka Feline.Wspania\u0142e historie s\u0105 podstaw\u0105 do tworzenia tych bajkowych produkt\u00f3w.Kolorowe postacie maj\u0105 pobudza\u0107 kreatywno\u015b\u0107 i wyobra\u017ani\u0119 Twojego malucha kiedy tworzysz z ich udzia\u0142em w\u0142asne bajki.W kolekcji znajdziecie wyj\u0105tkowe pluszowe zabawki i pi\u0119kne artyku\u0142y dekoracyjne do ka\u017cdego pokoju dzieci\u0119cego.Wszystkie produkty wykonane z trwa\u0142ych i naturalnych materia\u0142\u00f3w i zapakowane w najpi\u0119kniejsze pude\u0142ka upominkowe.Niezapomniany prezent i rado\u015b\u0107 w oczach Malucha to w\u0142a\u015bnie jedyne i niepowtarzalne Picca Loulou.Spojrzysz raz i je pokochasz.Wielko\u015b\u0107 przytulanki 11 cm.<\/p>\n<h2>Picca Loulou Przytulanka Wr\u00f3\u017cka Feline 11Cm Gift Box Picca Loulou<\/h2>\n<p>wierszyki o wakacjach kr\u00f3tkie, kolorowanki do druku peppa, antystresowe mandale do druku, co kupi\u0107 nastolatce na urodziny, rzadkie imiona japo\u0144skie<\/p>\n<p>yyyyy<\/p>\n<p>&nbsp;<\/p>\n","protected":false},"excerpt":{"rendered":"<p>W magicznym \u015bwiecie, niedaleko naszego, \u017cyj\u0105 m\u0105dre i szcz\u0119\u015bliwe stworzenia z Picca Loulou.Razem z Ksi\u0119\u017cycem nios\u0105 rado\u015b\u0107 i szcz\u0119\u015bcie dzieciom dooko\u0142a.I tak zaczyna si\u0119 ta historia. A jakie b\u0119dzie mia\u0142a zako\u0144czenie zale\u017cy od Ciebie.Przytulanka Wr\u00f3\u017cka Feline.Wspania\u0142e historie s\u0105 podstaw\u0105 do tworzenia tych bajkowych produkt\u00f3w.Kolorowe postacie maj\u0105 pobudza\u0107 kreatywno\u015b\u0107 i wyobra\u017ani\u0119 Twojego malucha kiedy tworzysz z [&hellip;]<\/p>\n","protected":false},"featured_media":7879,"comment_status":"closed","ping_status":"open","template":"","meta":[],"product_cat":[65,1667],"product_tag":[660,777,685,657,746],"class_list":["post-7878","product","type-product","status-publish","has-post-thumbnail","hentry","product_cat-lalki","product_cat-picca-loulou","product_tag-bianka","product_tag-co-na-roczek","product_tag-cytaty-o-rodzinie","product_tag-lol-kolorowanka","product_tag-zagadki-typu-co-to-jest"],"_links":{"self":[{"href":"http:\/\/klubmamgdynia.pl\/index.php\/wp-json\/wp\/v2\/product\/7878","targetHints":{"allow":["GET"]}}],"collection":[{"href":"http:\/\/klubmamgdynia.pl\/index.php\/wp-json\/wp\/v2\/product"}],"about":[{"href":"http:\/\/klubmamgdynia.pl\/index.php\/wp-json\/wp\/v2\/types\/product"}],"replies":[{"embeddable":true,"href":"http:\/\/klubmamgdynia.pl\/index.php\/wp-json\/wp\/v2\/comments?post=7878"}],"wp:featuredmedia":[{"embeddable":true,"href":"http:\/\/klubmamgdynia.pl\/index.php\/wp-json\/wp\/v2\/media\/7879"}],"wp:attachment":[{"href":"http:\/\/klubmamgdynia.pl\/index.php\/wp-json\/wp\/v2\/media?parent=7878"}],"wp:term":[{"taxonomy":"product_cat","embeddable":true,"href":"http:\/\/klubmamgdynia.pl\/index.php\/wp-json\/wp\/v2\/product_cat?post=7878"},{"taxonomy":"product_tag","embeddable":true,"href":"http:\/\/klubmamgdynia.pl\/index.php\/wp-json\/wp\/v2\/product_tag?post=7878"}],"curies":[{"name":"wp","href":"https:\/\/api.w.org\/{rel}","templated":true}]}}