{"id":788,"date":"2021-12-28T18:27:20","date_gmt":"2021-12-28T17:27:20","guid":{"rendered":"http:\/\/klubmamgdynia.pl\/index.php\/produkt\/medela-majtki-ciazowe-jasnoniebieskie-xs-s\/"},"modified":"2026-04-03T22:24:35","modified_gmt":"2026-04-03T20:24:35","slug":"medela-majtki-ciazowe-jasnoniebieskie-xs-s","status":"publish","type":"product","link":"http:\/\/klubmamgdynia.pl\/index.php\/produkt\/medela-majtki-ciazowe-jasnoniebieskie-xs-s\/","title":{"rendered":"Medela Majtki Ci\u0105\u017cowe Jasnoniebieskie XS\/S"},"content":{"rendered":"<p>Medela Majtki Ci\u0105\u017cowe Jasnoniebieskie                            <\/p>\n<p>Komfort i dyskrecja. Lekkie, dopasowuj\u0105ce si\u0119 do Twojego zmieniaj\u0105cego si\u0119 cia\u0142a, jednocze\u015bnie niewidoczne pod odzie\u017c\u0105.Lekka, oddychaj\u0105ca tkanina jest przyjemna w dotyku i zapewnia wygod\u0119\u00a0Wyprofilowane wyci\u0119cie pod brzuchem zapewnia komfort noszeniaMateria\u0142 zapewniaj\u0105cy odprowadzenie wilgoci ze sk\u00f3ry i uczucie \u015bwie\u017co\u015bciBezszwowa technologia niewidoczna pod odzie\u017c\u0105                            <\/p>\n<p>Ka\u017cda kobieta jest inna, a Medela uwzgl\u0119dnia te r\u00f3\u017cnice. Je\u017celi nie mo\u017cesz znale\u017a\u0107 swojego rozmiaru w naszej tabeli rozmiar\u00f3w, radzimy wybra\u0107 rozmiar Medela najbardziej zbli\u017cony do Twoich wymiar\u00f3w.                            <\/p>\n<p>\u00a0MAJTKI CI\u0104\u017bOWE MEDELA                            <\/p>\n<p>Medela majtki ci\u0105\u017cowe\u00a0bia\u0142e                            <\/p>\n<p>Medela majtki ci\u0105\u017cowe\u00a0czarne                            <\/p>\n<p>Medela majtki ci\u0105\u017cowe\u00a0nude                            <\/p>\n<p>Medela majtki ci\u0105\u017cowe\u00a0rose                            <\/p>\n<p>Medela majtki ci\u0105\u017cowe\u00a0b\u0142\u0119kit<\/p>\n<h2>Medela Majtki Ci\u0105\u017cowe Jasnoniebieskie XS\/S Medela<\/h2>\n<p>nauka zegara, quiz stolice europy, kolorowanka pokemon, \u017cyczenia bo\u017ce narodzenie oryginalne, ciekawe zagadki, co kupi\u0107 dziewczynce na roczek, cytaty korczak, prezenty na roczek, zagadki z odpowiedziami dla dzieci, rozalia imie, adriana znaczenie imienia, nauka polskiego dla dzieci z ukrainy, test lew czarownica i stara szafa<\/p>\n<p>yyyyy<\/p>\n<p>&nbsp;<\/p>\n","protected":false},"excerpt":{"rendered":"<p>Medela Majtki Ci\u0105\u017cowe Jasnoniebieskie Komfort i dyskrecja. Lekkie, dopasowuj\u0105ce si\u0119 do Twojego zmieniaj\u0105cego si\u0119 cia\u0142a, jednocze\u015bnie niewidoczne pod odzie\u017c\u0105.Lekka, oddychaj\u0105ca tkanina jest przyjemna w dotyku i zapewnia wygod\u0119\u00a0Wyprofilowane wyci\u0119cie pod brzuchem zapewnia komfort noszeniaMateria\u0142 zapewniaj\u0105cy odprowadzenie wilgoci ze sk\u00f3ry i uczucie \u015bwie\u017co\u015bciBezszwowa technologia niewidoczna pod odzie\u017c\u0105 Ka\u017cda kobieta jest inna, a Medela uwzgl\u0119dnia te r\u00f3\u017cnice. [&hellip;]<\/p>\n","protected":false},"featured_media":789,"comment_status":"closed","ping_status":"open","template":"","meta":[],"product_cat":[258,267],"product_tag":[750,766,640,743,628],"class_list":["post-788","product","type-product","status-publish","has-post-thumbnail","hentry","product_cat-bielizna-ciazowa","product_cat-medela","product_tag-imie-kostek","product_tag-kira","product_tag-prezent-dla-rocznej-dziewczynki","product_tag-quiz-dla-dzieci","product_tag-zagadka"],"_links":{"self":[{"href":"http:\/\/klubmamgdynia.pl\/index.php\/wp-json\/wp\/v2\/product\/788","targetHints":{"allow":["GET"]}}],"collection":[{"href":"http:\/\/klubmamgdynia.pl\/index.php\/wp-json\/wp\/v2\/product"}],"about":[{"href":"http:\/\/klubmamgdynia.pl\/index.php\/wp-json\/wp\/v2\/types\/product"}],"replies":[{"embeddable":true,"href":"http:\/\/klubmamgdynia.pl\/index.php\/wp-json\/wp\/v2\/comments?post=788"}],"wp:featuredmedia":[{"embeddable":true,"href":"http:\/\/klubmamgdynia.pl\/index.php\/wp-json\/wp\/v2\/media\/789"}],"wp:attachment":[{"href":"http:\/\/klubmamgdynia.pl\/index.php\/wp-json\/wp\/v2\/media?parent=788"}],"wp:term":[{"taxonomy":"product_cat","embeddable":true,"href":"http:\/\/klubmamgdynia.pl\/index.php\/wp-json\/wp\/v2\/product_cat?post=788"},{"taxonomy":"product_tag","embeddable":true,"href":"http:\/\/klubmamgdynia.pl\/index.php\/wp-json\/wp\/v2\/product_tag?post=788"}],"curies":[{"name":"wp","href":"https:\/\/api.w.org\/{rel}","templated":true}]}}