{"id":7880,"date":"2018-06-01T10:35:59","date_gmt":"2018-06-01T08:35:59","guid":{"rendered":"http:\/\/klubmamgdynia.pl\/index.php\/produkt\/hipp-bio-kaszka-owsiana-po-4-miesiacu-200g\/"},"modified":"2026-04-06T22:31:07","modified_gmt":"2026-04-06T20:31:07","slug":"hipp-bio-kaszka-owsiana-po-4-miesiacu-200g","status":"publish","type":"product","link":"http:\/\/klubmamgdynia.pl\/index.php\/produkt\/hipp-bio-kaszka-owsiana-po-4-miesiacu-200g\/","title":{"rendered":"Hipp Bio Kaszka Owsiana Po 4. Miesi\u0105cu 200G"},"content":{"rendered":"<p>HIPP BIO &#8211; kaszka owsiana przeznaczona jest dla dzieci po 4. miesi\u0105cu \u017cycia. Bezmleczny i bezglutenowy produkt zawiera witamin\u0119 B1 i stanowi zdrowe po\u017cywienie dla dziecka.Sk\u0142adniki:Pe\u0142noziarnista m\u0105ka owsiana* 100%, witamina B1.*z rolnictwa ekologicznegoMasa netto:200gW\u0142a\u015bciwo\u015bci i przeznaczenie:Kaszka owsiana przeznaczona jest dla niemowl\u0105t powy\u017cej 4-go miesi\u0105ca \u017cycia.Bez dodatku cukru &#8211; zawiera naturalnie wyst\u0119puj\u0105ce cukry.Wyselekcjonowane ekologiczne zbo\u017ca.Zgodnie w przepisami prawa zawiera witamin\u0119 B1 &#8211; wa\u017cn\u0105 dla prawid\u0142owego funkcjonowania uk\u0142adu nerwowego.Bez aromat\u00f3w.Kaszk\u0119 mo\u017cna przygotowa\u0107 r\u00f3wnie\u017c z mlekiem hipoalergicznym (HA) lub jako bezmleczn\u0105 kaszk\u0119 zbo\u017cow\u0105 z owocami.Produkt bezglutenowy.Stosowanie:Z mlekiem: 200 ml mleka wlej na talerz, wymiesza\u0107 z 22 g (3-4 \u0142y\u017cki) kaszki. Je\u017celi u dziecka wyst\u0119puje ryzyko alergii, stosowa\u0107 odpowiednie mleko. Wersja bez mleka: kaszka z owocami &#8211; zagotuj 100 ml wody i ostud\u017a do temp. 50 st., dodaj 2-3 \u0142y\u017cki kaszki (11 g) oraz p\u00f3\u0142 s\u0142oika owoc\u00f3w, stosownie do wieku dziecka. Na koniec dodaj ma\u0142\u0105 \u0142y\u017ceczk\u0119 oleju rzepakowego. Sprawd\u017a temperatur\u0119.Przeciwwskazania:Nadwra\u017cliwo\u015b\u0107 lub alergia na kt\u00f3rykolwiek ze sk\u0142adnik\u00f3w produktu.Przechowywanie:Po ka\u017cdym u\u017cyciu starannie zamknij torebk\u0119. Przechowuj j\u0105 w higienicznych warunkach, w suchym miejscu, w temperaturze pokojowej. Zawarto\u015b\u0107 opakowania zu\u017cyj w ci\u0105gu 2 tygodni po otwarciu.Producent:HiPP Polska Sp. z o.o.,ul. Gie\u0142dowa 101-211 WarszawaWa\u017cne informacje:Nie podgrzewaj kaszki w kuchence mikrofalowej (niebezpiecze\u0144stwo poparzenia!). Jako\u015b\u0107 tego produktu w momencie opuszczania zak\u0142adu produkcyjnego by\u0142a bez zarzutu &#8211; przed u\u017cyciem upewnij si\u0119, \u017ce opakowanie nie zosta\u0142o naruszone. Foliowe opakowanie gwarantuje optymaln\u0105 \u015bwie\u017co\u015b\u0107 i zachowanie aromatu produktu.<\/p>\n<h2>Hipp Bio Kaszka Owsiana Po 4. Miesi\u0105cu 200G Hipp<\/h2>\n<p>swinka peppa do czytania, trudne zagadki matematyczne, przyjazn, atrakcje dla dzieci warszawa 2021<\/p>\n<p>yyyyy<\/p>\n<p>&nbsp;<\/p>\n","protected":false},"excerpt":{"rendered":"<p>HIPP BIO &#8211; kaszka owsiana przeznaczona jest dla dzieci po 4. miesi\u0105cu \u017cycia. Bezmleczny i bezglutenowy produkt zawiera witamin\u0119 B1 i stanowi zdrowe po\u017cywienie dla dziecka.Sk\u0142adniki:Pe\u0142noziarnista m\u0105ka owsiana* 100%, witamina B1.*z rolnictwa ekologicznegoMasa netto:200gW\u0142a\u015bciwo\u015bci i przeznaczenie:Kaszka owsiana przeznaczona jest dla niemowl\u0105t powy\u017cej 4-go miesi\u0105ca \u017cycia.Bez dodatku cukru &#8211; zawiera naturalnie wyst\u0119puj\u0105ce cukry.Wyselekcjonowane ekologiczne zbo\u017ca.Zgodnie w [&hellip;]<\/p>\n","protected":false},"featured_media":7881,"comment_status":"closed","ping_status":"open","template":"","meta":[],"product_cat":[66,107],"product_tag":[834,763,645,599,751],"class_list":["post-7880","product","type-product","status-publish","has-post-thumbnail","hentry","product_cat-hipp","product_cat-kaszki-dla-dzieci","product_tag-bajka-do-czytania-na-dobranoc","product_tag-fabian","product_tag-latwe-zagadki","product_tag-prezent-dla-nastolatkow-2021","product_tag-psi-patrol-kolorowanka"],"_links":{"self":[{"href":"http:\/\/klubmamgdynia.pl\/index.php\/wp-json\/wp\/v2\/product\/7880","targetHints":{"allow":["GET"]}}],"collection":[{"href":"http:\/\/klubmamgdynia.pl\/index.php\/wp-json\/wp\/v2\/product"}],"about":[{"href":"http:\/\/klubmamgdynia.pl\/index.php\/wp-json\/wp\/v2\/types\/product"}],"replies":[{"embeddable":true,"href":"http:\/\/klubmamgdynia.pl\/index.php\/wp-json\/wp\/v2\/comments?post=7880"}],"wp:featuredmedia":[{"embeddable":true,"href":"http:\/\/klubmamgdynia.pl\/index.php\/wp-json\/wp\/v2\/media\/7881"}],"wp:attachment":[{"href":"http:\/\/klubmamgdynia.pl\/index.php\/wp-json\/wp\/v2\/media?parent=7880"}],"wp:term":[{"taxonomy":"product_cat","embeddable":true,"href":"http:\/\/klubmamgdynia.pl\/index.php\/wp-json\/wp\/v2\/product_cat?post=7880"},{"taxonomy":"product_tag","embeddable":true,"href":"http:\/\/klubmamgdynia.pl\/index.php\/wp-json\/wp\/v2\/product_tag?post=7880"}],"curies":[{"name":"wp","href":"https:\/\/api.w.org\/{rel}","templated":true}]}}