{"id":7884,"date":"2017-09-17T05:46:01","date_gmt":"2017-09-17T03:46:01","guid":{"rendered":"http:\/\/klubmamgdynia.pl\/index.php\/produkt\/tm-toys-fru-blu-zestaw-deluxe-2xplyn-05l\/"},"modified":"2026-04-06T04:43:54","modified_gmt":"2026-04-06T02:43:54","slug":"tm-toys-fru-blu-zestaw-deluxe-2xplyn-05l","status":"publish","type":"product","link":"http:\/\/klubmamgdynia.pl\/index.php\/produkt\/tm-toys-fru-blu-zestaw-deluxe-2xplyn-05l\/","title":{"rendered":"Tm Toys Fru Blu Zestaw Deluxe + 2Xp\u0142yn 0,5L"},"content":{"rendered":"<p>FRU BLU DELUXE RINGS SETOBR\u0118CZE, P\u0118TLE + P\u0141YNZestaw wspania\u0142ych narz\u0119dzi do tworzenia niesamowitych, okaza\u0142ych i r\u00f3\u017cnorodnych baniek mydlanych.Ten bogato wyposa\u017cony zestaw zapewni mn\u00f3stwo rozrywki.Wspania\u0142a zabawa gwarantowana.ZAWARTO\u015a\u0106:- Talerzyk- Obr\u0119cz z du\u017cym otworem- Obr\u0119cz z 4 otworami- 2 r\u0105czki do obr\u0119czy &#8211; d\u0142. ok. 17 cm- Motylek &#8211; d\u0142. r\u0105czki ok. 25 cm- P\u0119tla &#8211; d\u0142. r\u0105czki ok. 25 cm- 2 x p\u0142yn do baniek 500 mlWIEK:- Od 3 latWYMIARY OPAKOWANIA:- Ok. 21 x 45 x 5,5WAGA OPAKOWANIA:- Ok. 1400 gUWAGI:Nieodpowiednie dla dzieci w wieku poni\u017cej 3 lat.P\u0142yn nie nadaje si\u0119 do spo\u017cycia.Chroni\u0107 oczy przed kontaktem z p\u0142ynem.Niestosowanie si\u0119 do zalecanych \u015brodk\u00f3w ostro\u017cno\u015bci mo\u017ce prowadzi\u0107 do uszczerbku na zdrowiu.<\/p>\n<h2>Tm Toys Fru Blu Zestaw Deluxe + 2Xp\u0142yn 0,5L TM Toys<\/h2>\n<p>prezent dla dziecka 1 rok, kajko i kokosz szko\u0142a latania test z odpowiedziami, halloween dla dzieci 2021, test z lektury spos\u00f3b na alcybiadesa, rodzina sentencja, prezenty na roczek dla dziewczynki, quizy dla dzieci, miriam imie, ko\u0142ysanka tekst, mandala kolorowanka, kawa\u0142 na prima aprilis, prezent roczek dziewczynka, cytaty o macierzy\u0144stwie, na wyspach bergamuta<\/p>\n<p>yyyyy<\/p>\n<p>&nbsp;<\/p>\n","protected":false},"excerpt":{"rendered":"<p>FRU BLU DELUXE RINGS SETOBR\u0118CZE, P\u0118TLE + P\u0141YNZestaw wspania\u0142ych narz\u0119dzi do tworzenia niesamowitych, okaza\u0142ych i r\u00f3\u017cnorodnych baniek mydlanych.Ten bogato wyposa\u017cony zestaw zapewni mn\u00f3stwo rozrywki.Wspania\u0142a zabawa gwarantowana.ZAWARTO\u015a\u0106:- Talerzyk- Obr\u0119cz z du\u017cym otworem- Obr\u0119cz z 4 otworami- 2 r\u0105czki do obr\u0119czy &#8211; d\u0142. ok. 17 cm- Motylek &#8211; d\u0142. r\u0105czki ok. 25 cm- P\u0119tla &#8211; d\u0142. r\u0105czki [&hellip;]<\/p>\n","protected":false},"featured_media":7885,"comment_status":"closed","ping_status":"open","template":"","meta":[],"product_cat":[472,145],"product_tag":[817,832,592,710,635],"class_list":["post-7884","product","type-product","status-publish","has-post-thumbnail","hentry","product_cat-banki-mydlane","product_cat-tm-toys","product_tag-bajka-terapeutyczna-o-emocjach","product_tag-desery-dla-dzieci","product_tag-zagadki-dla-dzieci","product_tag-zagadki-dla-dzieci-10-12-lat","product_tag-znaki-drogowe-do-druku"],"_links":{"self":[{"href":"http:\/\/klubmamgdynia.pl\/index.php\/wp-json\/wp\/v2\/product\/7884","targetHints":{"allow":["GET"]}}],"collection":[{"href":"http:\/\/klubmamgdynia.pl\/index.php\/wp-json\/wp\/v2\/product"}],"about":[{"href":"http:\/\/klubmamgdynia.pl\/index.php\/wp-json\/wp\/v2\/types\/product"}],"replies":[{"embeddable":true,"href":"http:\/\/klubmamgdynia.pl\/index.php\/wp-json\/wp\/v2\/comments?post=7884"}],"wp:featuredmedia":[{"embeddable":true,"href":"http:\/\/klubmamgdynia.pl\/index.php\/wp-json\/wp\/v2\/media\/7885"}],"wp:attachment":[{"href":"http:\/\/klubmamgdynia.pl\/index.php\/wp-json\/wp\/v2\/media?parent=7884"}],"wp:term":[{"taxonomy":"product_cat","embeddable":true,"href":"http:\/\/klubmamgdynia.pl\/index.php\/wp-json\/wp\/v2\/product_cat?post=7884"},{"taxonomy":"product_tag","embeddable":true,"href":"http:\/\/klubmamgdynia.pl\/index.php\/wp-json\/wp\/v2\/product_tag?post=7884"}],"curies":[{"name":"wp","href":"https:\/\/api.w.org\/{rel}","templated":true}]}}