{"id":7886,"date":"2014-12-30T20:32:31","date_gmt":"2014-12-30T19:32:31","guid":{"rendered":"http:\/\/klubmamgdynia.pl\/index.php\/produkt\/matchstick-monkey-2-plywajace-kiwaczki-malpki-pink-grey-zabawka-do-kapieli\/"},"modified":"2026-04-30T17:29:17","modified_gmt":"2026-04-30T15:29:17","slug":"matchstick-monkey-2-plywajace-kiwaczki-malpki-pink-grey-zabawka-do-kapieli","status":"publish","type":"product","link":"http:\/\/klubmamgdynia.pl\/index.php\/produkt\/matchstick-monkey-2-plywajace-kiwaczki-malpki-pink-grey-zabawka-do-kapieli\/","title":{"rendered":"Matchstick Monkey 2 P\u0142ywaj\u0105ce Kiwaczki Ma\u0142pki Pink &amp; Grey Zabawka Do K\u0105pieli"},"content":{"rendered":"<p>Zobacz na t\u0119 ma\u0142\u0105 Ma\u0142pk\u0119, jak \u015bmiesznie kiwa si\u0119 na boki, obraca, kr\u0119ci i wcale si\u0119 nie przewraca.Oryginalna zabawka typu Kiwaczek, Wa\u0144ka Wsta\u0144ka o wizerunku ma\u0142ej Ma\u0142pki.Ma\u0142pka b\u0119dzie p\u0142ywa\u0107 zanurzona w wodzie lub \u015bmiesznie kiwa\u0107 si\u0119 kiedy b\u0119dziesz si\u0119 ni\u0105 bawi\u0107 na pod\u0142odze.Weso\u0142y kszta\u0142t kiwaczka zach\u0119ci do zabawy ka\u017cdego Malucha.Zabawka nie posiada \u017cadnych otwor\u00f3w poprzez, kt\u00f3re woda mog\u0142aby dostawa\u0107 si\u0119 do \u015brodka.Rozmiar zabawki zosta\u0142 idealnie dopasowany do ma\u0142ych r\u0105czek aby mog\u0142y \u0142atwo uchwyci\u0107 zabawk\u0119.G\u00f3ra Ma\u0142pki wykonana jest z silikonu spo\u017cywczego a podstawa z plastiku.Zestaw zawiera:2 x kiwaczek Ma\u0142pkaZalety u\u017cywania:idealny kszta\u0142t dla ma\u0142ych r\u0105czekpobudza wyobra\u017ani\u0119 i kreatywn\u0105 zabaw\u0119pomaga rozwija\u0107 funkcje motoryczneOchrona:ochrona antybakteryjna i antygrzybiczna pow\u0142oka BioCote\u00ae zapobiega rozwojowi ple\u015bniMateria\u0142y:produkt wykonany z silikonu (bez BPA), PP i ABSWiek: 12 m+Wymiary:wysoko\u015b\u0107 Ma\u0142pki: 9,5 cmU\u017cytkowanie:mo\u017cna my\u0107 w zmywarceprzed pierwszym u\u017cyciem przemy\u0107 ciep\u0142\u0105 wod\u0105 z delikatnym myd\u0142empo ka\u017cdym u\u017cyciu nale\u017cy op\u0142uka\u0107 wod\u0105 i pozostawi\u0107 do wyschni\u0119ciaprzed ka\u017cdym u\u017cyciem sprawdzi\u0107 stan zabawkiPAMI\u0118TAJ !!! DLA BEZPIECZE\u0143STWA I ZDROWIA TWOJEGO DZIECKAProdukt mo\u017ce by\u0107 u\u017cywany wy\u0142\u0105cznie pod nadzorem osoby doros\u0142ejNigdy nie pozostawiaj produktu w miejscu nas\u0142onecznienia (bezpo\u015bredniej propagacji s\u0142onecznej), bezpo\u015bredniego ciep\u0142a lub w p\u0142ynach lub urz\u0105dzenia dezynfekuj\u0105cych d\u0142u\u017cej ni\u017c jest to wskazane (w opisie p\u0142ynu lub urz\u0105dzenia), poniewa\u017c mo\u017ce to skutkowa\u0107 os\u0142abieniem materia\u0142u a w skrajnych przypadkach jego zniszczeniem.Przed ka\u017cdym u\u017cyciem nale\u017cy sprawdzi\u0107 stan produktuNale\u017cy wyrzuci\u0107 w przypadku jakichkolwiek oznak uszkodzenia lub os\u0142abienia materia\u0142u.<\/p>\n<h2>Matchstick Monkey 2 P\u0142ywaj\u0105ce Kiwaczki Ma\u0142pki Pink &amp; Grey Zabawka Do K\u0105pieli Matchstick Monkey<\/h2>\n<p>anio\u0142ki w niebie pisz\u0105, lektura asiunia &#8211; test, kaligrafia nauka pisania wyraz\u00f3w dla dzieci do druku pdf, bo\u017ce narodzenie quiz, nauka zegara do druku pdf<\/p>\n<p>yyyyy<\/p>\n<p>&nbsp;<\/p>\n","protected":false},"excerpt":{"rendered":"<p>Zobacz na t\u0119 ma\u0142\u0105 Ma\u0142pk\u0119, jak \u015bmiesznie kiwa si\u0119 na boki, obraca, kr\u0119ci i wcale si\u0119 nie przewraca.Oryginalna zabawka typu Kiwaczek, Wa\u0144ka Wsta\u0144ka o wizerunku ma\u0142ej Ma\u0142pki.Ma\u0142pka b\u0119dzie p\u0142ywa\u0107 zanurzona w wodzie lub \u015bmiesznie kiwa\u0107 si\u0119 kiedy b\u0119dziesz si\u0119 ni\u0105 bawi\u0107 na pod\u0142odze.Weso\u0142y kszta\u0142t kiwaczka zach\u0119ci do zabawy ka\u017cdego Malucha.Zabawka nie posiada \u017cadnych otwor\u00f3w poprzez, [&hellip;]<\/p>\n","protected":false},"featured_media":7887,"comment_status":"closed","ping_status":"open","template":"","meta":[],"product_cat":[103,1498],"product_tag":[836,648,759],"class_list":["post-7886","product","type-product","status-publish","has-post-thumbnail","hentry","product_cat-matchstick-monkey","product_cat-zabawki-do-kapieli","product_tag-co-kupic-dziecku-na-roczek","product_tag-dobrej-nocy-i-sza","product_tag-pomysly-na-prezent-dla-nastolatkow"],"_links":{"self":[{"href":"http:\/\/klubmamgdynia.pl\/index.php\/wp-json\/wp\/v2\/product\/7886","targetHints":{"allow":["GET"]}}],"collection":[{"href":"http:\/\/klubmamgdynia.pl\/index.php\/wp-json\/wp\/v2\/product"}],"about":[{"href":"http:\/\/klubmamgdynia.pl\/index.php\/wp-json\/wp\/v2\/types\/product"}],"replies":[{"embeddable":true,"href":"http:\/\/klubmamgdynia.pl\/index.php\/wp-json\/wp\/v2\/comments?post=7886"}],"wp:featuredmedia":[{"embeddable":true,"href":"http:\/\/klubmamgdynia.pl\/index.php\/wp-json\/wp\/v2\/media\/7887"}],"wp:attachment":[{"href":"http:\/\/klubmamgdynia.pl\/index.php\/wp-json\/wp\/v2\/media?parent=7886"}],"wp:term":[{"taxonomy":"product_cat","embeddable":true,"href":"http:\/\/klubmamgdynia.pl\/index.php\/wp-json\/wp\/v2\/product_cat?post=7886"},{"taxonomy":"product_tag","embeddable":true,"href":"http:\/\/klubmamgdynia.pl\/index.php\/wp-json\/wp\/v2\/product_tag?post=7886"}],"curies":[{"name":"wp","href":"https:\/\/api.w.org\/{rel}","templated":true}]}}