{"id":7888,"date":"2025-03-07T03:25:26","date_gmt":"2025-03-07T02:25:26","guid":{"rendered":"http:\/\/klubmamgdynia.pl\/?post_type=product&#038;p=7888"},"modified":"2026-05-17T20:53:18","modified_gmt":"2026-05-17T18:53:18","slug":"playmobil-9122-1-2-3-karetka","status":"publish","type":"product","link":"http:\/\/klubmamgdynia.pl\/index.php\/produkt\/playmobil-9122-1-2-3-karetka\/","title":{"rendered":"Playmobil 9122 1.2.3 Karetka"},"content":{"rendered":"<p>Playmobil 1\u00b72\u00b73 to radosny blask dzieci\u0119cych oczu! Uwielbiane przez dzieci zabawki o r\u00f3\u017cnorodnych kolorach i kszta\u0142tach, pobudzaj\u0105 wyobra\u017ani\u0119 i rozw\u00f3j maluch\u00f3w. Najwy\u017cszej jako\u015bci tworzywo jest \u0142atwe w myciu, co pozwala na zapewnienie higieny. Seria nie zawiera ma\u0142ych element\u00f3w, kt\u00f3re mog\u0142yby zosta\u0107 po\u0142kni\u0119te lub wch\u0142oni\u0119te. Playmobil 1\u00b72\u00b73 przeznaczony jest dla maluch\u00f3w od 18 miesi\u0105ca \u017cycia i podarowany jako prezent urodzinowy, lub z innej okazji, na pewno uciesz naszych milusi\u0144skich.Karetka 9122. Ambulans jest zawsze gotowy, by nie\u015b\u0107 pomoc. Pojazd posiada miejsce dla figurki w kabinie i otwierane tylne drzwi.Zawarto\u015b\u0107 zestawu:ambulansfigurka ratownikafigurka ch\u0142opcaotwierane tylne drzwi pojazdumiejsce dla figurki w kabinie pojazduParametryPrzedzia\u0142 wiekowyOd 18 miesi\u0119cyDziewczynkaTakCh\u0142opiecTakWymiary opakowania14 x 19 x 10 cmWaga (kg)0.4Playmobil to bogata paleta zestaw\u00f3w, nawi\u0105zuj\u0105cych w swej tematyce do otaczaj\u0105cej dzieci rzeczywisto\u015bci, a tak\u017ce do historii znanych z bajek i \u015bwiata fantazji. Serie Playmobil pozwalaj\u0105 dzieciom stworzy\u0107 w\u0142asne, miniaturowe &#8222;kr\u00f3lestwo&#8221;, odgrywa\u0107 scenki i wchodzi\u0107 w role poszczeg\u00f3lnych postaci. Te cechy zabawek Playmobil sprawiaj\u0105, \u017ce wp\u0142ywaj\u0105 one na rozw\u00f3j kreatywno\u015bci, fantazji i wra\u017cliwo\u015bci u dzieci, a tak\u017ce zach\u0119caj\u0105 do poznawania \u015bwiata. R\u00f3\u017cnorodna tematyka: zoo, lecznica, farma, stadnina, wakacje, szko\u0142a, las, Afryka, piraci &#8211; sprawia, \u017ce ka\u017cde dziecko znajdzie tu co\u015b dla siebie. Najwy\u017csza jako\u015b\u0107 produkt\u00f3w, zaawansowana technologia i linia produkcyjna wy\u0142\u0105cznie na terenie Europy, a tak\u017ce pi\u0119kna, \u017cywa kolorystyka to kolejne, istotne cechy zabawek Playmobil, dzi\u0119ki kt\u00f3rym zyska\u0142y one zaufanie rodzic\u00f3w na ca\u0142ym \u015bwiecie, a dzieciom dostarczaj\u0105 wiele godzin fantastycznej zabawy.<\/p>\n<h2>Playmobil 9122 1.2.3 Karetka Playmobil<\/h2>\n<p>co na roczek dla ch\u0142opca, god\u0142o polski do druku, god\u0142o polski do druku, prezent dla ch\u0142opca 7 lat, cytaty na dzie\u0144 nauczyciela, ciekawe zagadki, \u017carty na prima aprilis dla ch\u0142opaka, bajki na dobranoc dla dzieci<\/p>\n<p>yyyyy<\/p>\n<p>&nbsp;<\/p>\n","protected":false},"excerpt":{"rendered":"<p>Playmobil 1\u00b72\u00b73 to radosny blask dzieci\u0119cych oczu! Uwielbiane przez dzieci zabawki o r\u00f3\u017cnorodnych kolorach i kszta\u0142tach, pobudzaj\u0105 wyobra\u017ani\u0119 i rozw\u00f3j maluch\u00f3w. Najwy\u017cszej jako\u015bci tworzywo jest \u0142atwe w myciu, co pozwala na zapewnienie higieny. Seria nie zawiera ma\u0142ych element\u00f3w, kt\u00f3re mog\u0142yby zosta\u0107 po\u0142kni\u0119te lub wch\u0142oni\u0119te. Playmobil 1\u00b72\u00b73 przeznaczony jest dla maluch\u00f3w od 18 miesi\u0105ca \u017cycia i [&hellip;]<\/p>\n","protected":false},"featured_media":7889,"comment_status":"closed","ping_status":"open","template":"","meta":[],"product_cat":[113,466],"product_tag":[755,670,818,782,869],"class_list":["post-7888","product","type-product","status-publish","has-post-thumbnail","hentry","product_cat-klocki","product_cat-playmobil","product_tag-henryk","product_tag-irma","product_tag-oliwier","product_tag-zagadki-dla-dzieci-z-odpowiedziami","product_tag-zagadki-na-logike"],"_links":{"self":[{"href":"http:\/\/klubmamgdynia.pl\/index.php\/wp-json\/wp\/v2\/product\/7888","targetHints":{"allow":["GET"]}}],"collection":[{"href":"http:\/\/klubmamgdynia.pl\/index.php\/wp-json\/wp\/v2\/product"}],"about":[{"href":"http:\/\/klubmamgdynia.pl\/index.php\/wp-json\/wp\/v2\/types\/product"}],"replies":[{"embeddable":true,"href":"http:\/\/klubmamgdynia.pl\/index.php\/wp-json\/wp\/v2\/comments?post=7888"}],"wp:featuredmedia":[{"embeddable":true,"href":"http:\/\/klubmamgdynia.pl\/index.php\/wp-json\/wp\/v2\/media\/7889"}],"wp:attachment":[{"href":"http:\/\/klubmamgdynia.pl\/index.php\/wp-json\/wp\/v2\/media?parent=7888"}],"wp:term":[{"taxonomy":"product_cat","embeddable":true,"href":"http:\/\/klubmamgdynia.pl\/index.php\/wp-json\/wp\/v2\/product_cat?post=7888"},{"taxonomy":"product_tag","embeddable":true,"href":"http:\/\/klubmamgdynia.pl\/index.php\/wp-json\/wp\/v2\/product_tag?post=7888"}],"curies":[{"name":"wp","href":"https:\/\/api.w.org\/{rel}","templated":true}]}}