{"id":7890,"date":"2011-12-11T07:09:19","date_gmt":"2011-12-11T06:09:19","guid":{"rendered":"http:\/\/klubmamgdynia.pl\/index.php\/produkt\/omegamed-optima-start-dha-z-alg-30-kaps\/"},"modified":"2026-04-04T20:21:52","modified_gmt":"2026-04-04T18:21:52","slug":"omegamed-optima-start-dha-z-alg-30-kaps","status":"publish","type":"product","link":"http:\/\/klubmamgdynia.pl\/index.php\/produkt\/omegamed-optima-start-dha-z-alg-30-kaps\/","title":{"rendered":"Omegamed Optima Start DHA z alg 30 kaps"},"content":{"rendered":"<p>Omegamed Optima START to preparat opracowany specjalnie dla kobiet planuj\u0105cych ci\u0105\u017c\u0119 oraz w pierwszych miesi\u0105cach ci\u0105\u017cy. Optymalny sk\u0142ad opracowany z udzia\u0142em specjalist\u00f3w, zapewnia codzienn\u0105 porcj\u0119 niezb\u0119dnych sk\u0142adnik\u00f3w od\u017cywczych, kt\u00f3re pomagaj\u0105 przygotowa\u0107 organizm do ci\u0105\u017cy, s\u0105 wa\u017cne dla prawid\u0142owego rozwoju dziecka, przebiegu ci\u0105\u017cy oraz zdrowia przysz\u0142ej mamy. Omegamed Optima START zawiera unikalne, opatentowane formy sk\u0142adnik\u00f3w: DHA z alg, witaminy D, \u017celaza, jodu oraz dodatkowe \u017ar\u00f3d\u0142o folian\u00f3w (Actifolin). Nie zawiera oleju rybiego, dzi\u0119ki czemu produkt jest dobrze tolerowany, nie odbija si\u0119 ryb\u0105 i nie pot\u0119guje md\u0142o\u015bci. Mo\u017ce by\u0107 przyjmowany przez osoby uczulone na bia\u0142ko ryb.                            <\/p>\n<p>            Sk\u0142ad<\/p>\n<p>Kwas dokozaheksaenowy (DHA z alg), sk\u0142adnik otoczki kapsu\u0142ki: \u017celatyna, substancja utrzymuj\u0105ca wilgo\u0107: glicerol, substancja zag\u0119szczaj\u0105ca: monostearynian glicerolu, emulgator: lecytyna s\u0142onecznikowa, barwnik: tlenek \u017celaza; s\u00f3l glukozaminowa kwasu (6S)-5-metylotetrahydrofoliowego Actifolin\/Quatrefolic (foliany), kwas pteroilomonoglutaminowy (foliany: kwas foliowy), jodan potasu, cholekalcyferol (witamina D3), woda.                            <\/p>\n<p>            Warto\u015b\u0107 energetyczna<\/p>\n<p>100g produktu zawiera:- warto\u015b\u0107 energetyczna 2445,54kJ\/584,11kcal;- t\u0142uszcz 44,9g w tym: nasycone kwasy t\u0142uszczowe 18,16g; w\u0119glowodany 15,17g w tym: cukry 0g; b\u0142onnik 0g; bia\u0142ko 30,94g; s\u00f3l 0g; DHA 32132,5mg; foliany 102824mcg w tym: Actifolin 51412mcg; kwas foliowy 51412mcg; jod 25706mcg, witamina D3 6426,5mcg.1 kapsu\u0142ka zawiera:- warto\u015b\u0107 energetyczna 19kJ\/4,5kcal;- t\u0142uszcz 0,3g w tym: nasycone kwasy t\u0142uszczowe 0,1g; w\u0119glowodany 0,1g w tym: cukry 0g; b\u0142onnik 0g; bia\u0142ko 0,2g; s\u00f3l 0g; DHA 250mg; foliany 800mcg w tym: Actifolin 400mcg; kwas foliowy 400mcg (100%)*; jod 200mcg (100%)*, witamina D3 50mcg 2000 j.m. (100%)*.* RWS &#8211; Referencyjna Warto\u015b\u0107 Spo\u017cycia.                            <\/p>\n<p>            Dawkowanie<\/p>\n<p>1 kapsu\u0142ka dziennie. W zale\u017cno\u015bci od indywidualnego zapotrzebowania lekarz mo\u017ce wskaza\u0107 inn\u0105 porcj\u0119 do dziennego spo\u017cycia.<\/p>\n<h2>Omegamed Optima Start DHA z alg 30 kaps Sequoia<\/h2>\n<p>pozna\u0144 atrakcje dla dzieci, zagadki dla dzieci logiczne, prezent na roczek dla dziecka, zaproszenie na urodziny dziecka tekst do druku, alan imie, cookie dough przepis, nela imi\u0119, zagadki matematyczne dla dzieci, m\u0105dre bajki dla dzieci do czytania, stare bajki, eneduerabe, szablon serce kolorowanka, testy z zemsty, imiona dla ch\u0142opc\u00f3w, lol surprise kolorowanka, test z lektury asiunia joanna papuzi\u0144ska, warszawa atrakcje dla m\u0142odzie\u017cy, rzadkie imiona \u017ce\u0144skie, gabriela imie, karolcia test z lektury, kr\u00f3tkie zagadki matematyczne z odpowiedziami<\/p>\n<p>yyyyy<\/p>\n<p>&nbsp;<\/p>\n","protected":false},"excerpt":{"rendered":"<p>Omegamed Optima START to preparat opracowany specjalnie dla kobiet planuj\u0105cych ci\u0105\u017c\u0119 oraz w pierwszych miesi\u0105cach ci\u0105\u017cy. Optymalny sk\u0142ad opracowany z udzia\u0142em specjalist\u00f3w, zapewnia codzienn\u0105 porcj\u0119 niezb\u0119dnych sk\u0142adnik\u00f3w od\u017cywczych, kt\u00f3re pomagaj\u0105 przygotowa\u0107 organizm do ci\u0105\u017cy, s\u0105 wa\u017cne dla prawid\u0142owego rozwoju dziecka, przebiegu ci\u0105\u017cy oraz zdrowia przysz\u0142ej mamy. Omegamed Optima START zawiera unikalne, opatentowane formy sk\u0142adnik\u00f3w: DHA [&hellip;]<\/p>\n","protected":false},"featured_media":7891,"comment_status":"closed","ping_status":"open","template":"","meta":[],"product_cat":[1499,1649],"product_tag":[691,729,748,615],"class_list":["post-7890","product","type-product","status-publish","has-post-thumbnail","hentry","product_cat-dla-mam-i-kobiet-w-ciazy","product_cat-sequoia","product_tag-gabriel","product_tag-madre-bajki-dla-dzieci-do-czytania","product_tag-okolice-wroclawia-atrakcje","product_tag-znane-misie-z-filmow-animowanych"],"_links":{"self":[{"href":"http:\/\/klubmamgdynia.pl\/index.php\/wp-json\/wp\/v2\/product\/7890","targetHints":{"allow":["GET"]}}],"collection":[{"href":"http:\/\/klubmamgdynia.pl\/index.php\/wp-json\/wp\/v2\/product"}],"about":[{"href":"http:\/\/klubmamgdynia.pl\/index.php\/wp-json\/wp\/v2\/types\/product"}],"replies":[{"embeddable":true,"href":"http:\/\/klubmamgdynia.pl\/index.php\/wp-json\/wp\/v2\/comments?post=7890"}],"wp:featuredmedia":[{"embeddable":true,"href":"http:\/\/klubmamgdynia.pl\/index.php\/wp-json\/wp\/v2\/media\/7891"}],"wp:attachment":[{"href":"http:\/\/klubmamgdynia.pl\/index.php\/wp-json\/wp\/v2\/media?parent=7890"}],"wp:term":[{"taxonomy":"product_cat","embeddable":true,"href":"http:\/\/klubmamgdynia.pl\/index.php\/wp-json\/wp\/v2\/product_cat?post=7890"},{"taxonomy":"product_tag","embeddable":true,"href":"http:\/\/klubmamgdynia.pl\/index.php\/wp-json\/wp\/v2\/product_tag?post=7890"}],"curies":[{"name":"wp","href":"https:\/\/api.w.org\/{rel}","templated":true}]}}