{"id":7894,"date":"2019-10-29T16:45:48","date_gmt":"2019-10-29T15:45:48","guid":{"rendered":"http:\/\/klubmamgdynia.pl\/index.php\/produkt\/nestle-kaszka-do-picia-wielozbozowa-dla-niemowlat-po-6-miesiacu-2x250ml\/"},"modified":"2026-04-05T20:16:42","modified_gmt":"2026-04-05T18:16:42","slug":"nestle-kaszka-do-picia-wielozbozowa-dla-niemowlat-po-6-miesiacu-2x250ml","status":"publish","type":"product","link":"http:\/\/klubmamgdynia.pl\/index.php\/produkt\/nestle-kaszka-do-picia-wielozbozowa-dla-niemowlat-po-6-miesiacu-2x250ml\/","title":{"rendered":"Nestle Kaszka do picia wielozbo\u017cowa dla niemowl\u0105t po 6 miesi\u0105cu 2x250ml"},"content":{"rendered":"<p>Kaszka do picia wielozbo\u017cowaKaszka do picia wielozbo\u017cowa jest wygodna w u\u017cyciu i natychmiast gotowa do spo\u017cycia po przelaniu do butelki lub kubeczka. Produkt przed otwarciem nie wymaga przechowywania w lod\u00f3wce. To propozycja dla niemowl\u0105t po 6. miesi\u0105cu \u017cycia i ma\u0142ych dzieci, kt\u00f3ra dostarcza korzy\u015bci p\u0142yn\u0105cych zar\u00f3wno z kaszki zbo\u017cowej, jak i mleka.                            <\/p>\n<p>Odkryj zalety\u00a0produktuKaszka do picia wielozbo\u017cowa dzi\u0119ki swojej p\u0142ynnej konsystencji jest wyj\u0105tkowo wygodna w u\u017cyciu. Wystarczy przela\u0107 j\u0105 do butelki lub kubeczka i poda\u0107 dziecku. Mo\u017cesz j\u0105 serwowa\u0107 zar\u00f3wno w temperaturze pokojowej, jak i po lekkim podgrzaniu. Produkt przed otwarciem nie wymaga przechowywania w lod\u00f3wce dzi\u0119ki odpowiedniej obr\u00f3bce termicznej, jak\u0105 jest sterylizacja. Powsta\u0142 z my\u015bl\u0105 o niemowl\u0119tach po 6. miesi\u0105cu \u017cycia i ma\u0142ych dzieciach, aby dostarcza\u0107 im korzy\u015bci p\u0142yn\u0105cych z mleka i zb\u00f3\u017c.                            <\/p>\n<p>\u00a0Tabela Warto\u015bci od\u017cywczych i sk\u0142adniki produktu\u00a0                            <\/p>\n<p>Sk\u0142adnikimleko odt\u0142uszczone 45,5%, woda, m\u0105ki zbo\u017cowe 7,3% [pszenna (w tym hydrolizowana), \u017cytnia, j\u0119czmienna, ry\u017cowa, kukurydziana, owsiana pe\u0142noziarnista], skrobia kukurydziana, oleje ro\u015blinne (s\u0142onecznikowy, kokosowy, rzepakowy), maltodekstryna, zag\u0119szczony sok winogronowy, \u015bmietanka, sk\u0142adniki mineralne (w\u0119glan wapnia, fumaran \u017celaza (II), siarczan cynku, jodek potasu), witaminy (C, E, niacyna, kwas pantotenowy, B1, A, B6, B2, kwas foliowy, K, biotyna, D, B12), aromaty.Spos\u00f3b przygotowania                            <\/p>\n<p>Otw\u00f3rz kartonik z kaszk\u0105 do picia.                            <\/p>\n<p>Przelej produkt do butelki lub kubeczka dziecka.                            <\/p>\n<p>Podawaj dziecku kaszk\u0119 w temperaturze pokojowej lub po lekkim podgrzaniu.                            <\/p>\n<p>Zachowaj zasady bezpiecze\u0144stwa                            <\/p>\n<p>Przechowuj w suchym, ch\u0142odnym i zacienionym miejscu.\u00a0\u00a0                            <\/p>\n<p>Nie zamra\u017caj. Nie przechowuj resztek podgrzanego jedzenia.                            <\/p>\n<p>Nie spo\u017cywa\u0107, je\u015bli opakowanie jest uszkodzone.\u00a0                            <\/p>\n<p>Po otwarciu przechowuj w lod\u00f3wce nie d\u0142u\u017cej ni\u017c 24 godziny.                            <\/p>\n<p>Najlepiej spo\u017cy\u0107 przed: patrz wierzch opakowania jednostkowego.\u00a0                            <\/p>\n<p>Warto wiedzie\u0107Je\u015bli Twojemu maluszkowi posmakowa\u0142a Kaszka do picia wielozbo\u017cowa, mo\u017cesz zaproponowa\u0107 mu r\u00f3wnie\u017c nasze inne kaszki zbo\u017cowe \u2013 mleczne oraz bez dodatku mleka.\u00a0Ma\u0142e brzuszki to wielkie potrzeby, dlatego pami\u0119taj, \u017ce dla zdrowia dziecka wa\u017cna jest urozmaicona i zbilansowana dieta oraz zdrowy tryb \u017cycia.\u00a0                            <\/p>\n<p>Wa\u017cna informacjaZe wzgl\u0119du na indywidualne tempo rozwoju Twojego dziecka skonsultuj z lekarzem moment wprowadzania kaszki oraz innych produkt\u00f3w do diety dziecka. Podawanie pokarm\u00f3w mlecznych, najlepiej karmienie piersi\u0105, powinno by\u0107 kontynuowane tak d\u0142ugo, jak to jest mo\u017cliwe.<\/p>\n<h2>Nestle Kaszka do picia wielozbo\u017cowa dla niemowl\u0105t po 6 miesi\u0105cu 2x250ml Nestle Kaszki<\/h2>\n<p>henryk, andrea, wzory zaprosze\u0144 zaproszenie na urodziny do druku pdf, policja kolorowanka, aurora imi\u0119, \u015bmieszne zagadki, jaki prezent na roczek, prezent na roczek, filmy disneya, lego ninjago kolorowanki, oryginalny prezent na roczek dla dziewczynki<\/p>\n<p>yyyyy<\/p>\n<p>&nbsp;<\/p>\n","protected":false},"excerpt":{"rendered":"<p>Kaszka do picia wielozbo\u017cowaKaszka do picia wielozbo\u017cowa jest wygodna w u\u017cyciu i natychmiast gotowa do spo\u017cycia po przelaniu do butelki lub kubeczka. Produkt przed otwarciem nie wymaga przechowywania w lod\u00f3wce. To propozycja dla niemowl\u0105t po 6. miesi\u0105cu \u017cycia i ma\u0142ych dzieci, kt\u00f3ra dostarcza korzy\u015bci p\u0142yn\u0105cych zar\u00f3wno z kaszki zbo\u017cowej, jak i mleka. Odkryj zalety\u00a0produktuKaszka do [&hellip;]<\/p>\n","protected":false},"featured_media":7895,"comment_status":"closed","ping_status":"open","template":"","meta":[],"product_cat":[107,1668],"product_tag":[853,787,773,659],"class_list":["post-7894","product","type-product","status-publish","has-post-thumbnail","hentry","product_cat-kaszki-dla-dzieci","product_cat-nestle-kaszki","product_tag-kolorowanki-do-druku-dla-doroslych","product_tag-nauka-pisania-wyrazow-dla-dzieci-do-druku-pdf","product_tag-test-z-lektury-opowiesci-z-narnii-lew-czarownica-i-stara-szafa","product_tag-tupu-tup-po-sniegu-tekst"],"_links":{"self":[{"href":"http:\/\/klubmamgdynia.pl\/index.php\/wp-json\/wp\/v2\/product\/7894","targetHints":{"allow":["GET"]}}],"collection":[{"href":"http:\/\/klubmamgdynia.pl\/index.php\/wp-json\/wp\/v2\/product"}],"about":[{"href":"http:\/\/klubmamgdynia.pl\/index.php\/wp-json\/wp\/v2\/types\/product"}],"replies":[{"embeddable":true,"href":"http:\/\/klubmamgdynia.pl\/index.php\/wp-json\/wp\/v2\/comments?post=7894"}],"wp:featuredmedia":[{"embeddable":true,"href":"http:\/\/klubmamgdynia.pl\/index.php\/wp-json\/wp\/v2\/media\/7895"}],"wp:attachment":[{"href":"http:\/\/klubmamgdynia.pl\/index.php\/wp-json\/wp\/v2\/media?parent=7894"}],"wp:term":[{"taxonomy":"product_cat","embeddable":true,"href":"http:\/\/klubmamgdynia.pl\/index.php\/wp-json\/wp\/v2\/product_cat?post=7894"},{"taxonomy":"product_tag","embeddable":true,"href":"http:\/\/klubmamgdynia.pl\/index.php\/wp-json\/wp\/v2\/product_tag?post=7894"}],"curies":[{"name":"wp","href":"https:\/\/api.w.org\/{rel}","templated":true}]}}