{"id":7896,"date":"2017-07-10T22:51:33","date_gmt":"2017-07-10T20:51:33","guid":{"rendered":"http:\/\/klubmamgdynia.pl\/index.php\/produkt\/lean-zestaw-weterynarz-dentysta-dla-psa-stolik-43-eleme-zabawka\/"},"modified":"2026-04-26T14:07:15","modified_gmt":"2026-04-26T12:07:15","slug":"lean-zestaw-weterynarz-dentysta-dla-psa-stolik-43-eleme-zabawka","status":"publish","type":"product","link":"http:\/\/klubmamgdynia.pl\/index.php\/produkt\/lean-zestaw-weterynarz-dentysta-dla-psa-stolik-43-eleme-zabawka\/","title":{"rendered":"Lean Zestaw Weterynarz Dentysta Dla Psa Stolik 43 Eleme &#8211; Zabawka"},"content":{"rendered":"<p>Zestaw Weterynarz Dentysta dla Psa StolikS\u0105 dzieci, kt\u00f3re ju\u017c od najm\u0142odszych lat wiedz\u0105, co chc\u0105 robi\u0107. Je\u015bli Twoje dziecko leczy wszystkie zabawki i twierdzi, \u017ce chce zosta\u0107 weterynarzem, wyposa\u017c je w stoliczek weterynarza. Jego bogate, wielocz\u0119\u015bciowe wyposa\u017cenie i estetycznie wykonane przyrz\u0105dy medyczne pobudz\u0105 wyobra\u017ani\u0119 dziecka i pozwol\u0105 mu po\u0142\u0105czy\u0107 fantastyczn\u0105 zabaw\u0119 z nauk\u0105 i rozwojem w\u0142asnych pasji. Starannie zrobione imitacje prawdziwych narz\u0119dzi medycznych uciesz\u0105 dziecko. Wplatanie takich zestaw\u00f3w do zabaw jest r\u00f3wnie\u017c \u015bwietn\u0105 metod\u0105 pozwalaj\u0105c\u0105 w prosty spos\u00f3b wyt\u0142umaczy\u0107 dziecku, \u017ce weterynarze ratuj\u0105 \u017cycie zwierz\u0105t. Ogromn\u0105 zalet\u0105 zestawu jest jego uniwersalizm. Mo\u017cna wyrywa\u0107, my\u0107 i leczy\u0107 z\u0119by pieskowi.Podaruj swojemu ma\u0142emu mi\u0142o\u015bnikowi zwierz\u0105t wszystko, czego potrzebuj\u0105, \u017ceby zadba\u0107 o swoich futrzanych podopiecznych! Dowiedz\u0105 si\u0119, \u017ce rola weterynarza jest bardzo wa\u017cna.W sk\u0142ad zestawu wchodzi:- elementy do z\u0142o\u017cenia stoliczka- otwieraj\u0105ca si\u0119 buzia pieska z z\u0105bkami- dwa pude\u0142ka do samodzielnego z\u0142o\u017cenia atrap \u015brodk\u00f3w medycznych- 23 r\u00f3\u017cne sprz\u0119ty medyczne- dwa elementy do w\u0142o\u017cenia do z\u0119b\u00f3w pieska- zestaw naklejek do samodzielnego przyklejenia na elementy Wymiary z\u0142o\u017conego stoliczka:50 cm x 34 cm x 90 cm Wymiary opakowania:55 cm x 18 cm x 38.5 cm Zestaw weterynarza wyprodukowany jest zgodnie z norm\u0105 EN 71, oznaczono go r\u00f3wnie\u017c certyfikatem CE. Wszystkie elementy wchodz\u0105ce w sk\u0142ad zestawu zosta\u0142y wykonane z dba\u0142o\u015bci\u0105 o najmniejszy szczeg\u00f3\u0142 z najwy\u017cszej jako\u015bci tworzywa, co jest gwarancj\u0105 zar\u00f3wno bezpiecze\u0144stwa, jak i komfortu u\u017cytkowania. Zestaw przeznaczony jest dla wszystkich ma\u0142ych weterynarzy powy\u017cej 3. roku \u017cycia.EAN: 5904204753050Kod Producenta: 6665<\/p>\n<h2>Lean Zestaw Weterynarz Dentysta Dla Psa Stolik 43 Eleme &#8211; Zabawka Lean<\/h2>\n<p>w uk\u0142adzie s\u0142onecznym tekst, oryginalny prezent na roczek dla dziewczynki, koty kolorowanki, tupcio chrupcio bajka do czytania, kolorowanka ze zdj\u0119cia, kolorowanka lol surprise, na wyspach bergamutach tekst, gry edukacyjne dla dzieci online za darmo, lodowiska w warszawie, pa\u0144stwa miasta wz\u00f3r, jak narysowac kota, wiersz na wielkanocnym stole, \u017c\u0105rty na prima aprilis, pomysl na prezent na roczek, park so\u0142acki, malowanie past\u0105 do z\u0119b\u00f3w, prezent dla dziewczynki 7 lat<\/p>\n<p>yyyyy<\/p>\n<p>&nbsp;<\/p>\n","protected":false},"excerpt":{"rendered":"<p>Zestaw Weterynarz Dentysta dla Psa StolikS\u0105 dzieci, kt\u00f3re ju\u017c od najm\u0142odszych lat wiedz\u0105, co chc\u0105 robi\u0107. Je\u015bli Twoje dziecko leczy wszystkie zabawki i twierdzi, \u017ce chce zosta\u0107 weterynarzem, wyposa\u017c je w stoliczek weterynarza. Jego bogate, wielocz\u0119\u015bciowe wyposa\u017cenie i estetycznie wykonane przyrz\u0105dy medyczne pobudz\u0105 wyobra\u017ani\u0119 dziecka i pozwol\u0105 mu po\u0142\u0105czy\u0107 fantastyczn\u0105 zabaw\u0119 z nauk\u0105 i rozwojem [&hellip;]<\/p>\n","protected":false},"featured_media":7897,"comment_status":"closed","ping_status":"open","template":"","meta":[],"product_cat":[53,1067],"product_tag":[789,594,599,782,600],"class_list":["post-7896","product","type-product","status-publish","has-post-thumbnail","hentry","product_cat-kaciki-zabaw","product_cat-lean","product_tag-kaczuszka","product_tag-podchwytliwe-zagadki-dla-dzieci","product_tag-prezent-dla-nastolatkow-2021","product_tag-zagadki-dla-dzieci-z-odpowiedziami","product_tag-zaproszenia-na-urodziny-do-druku"],"_links":{"self":[{"href":"http:\/\/klubmamgdynia.pl\/index.php\/wp-json\/wp\/v2\/product\/7896","targetHints":{"allow":["GET"]}}],"collection":[{"href":"http:\/\/klubmamgdynia.pl\/index.php\/wp-json\/wp\/v2\/product"}],"about":[{"href":"http:\/\/klubmamgdynia.pl\/index.php\/wp-json\/wp\/v2\/types\/product"}],"replies":[{"embeddable":true,"href":"http:\/\/klubmamgdynia.pl\/index.php\/wp-json\/wp\/v2\/comments?post=7896"}],"wp:featuredmedia":[{"embeddable":true,"href":"http:\/\/klubmamgdynia.pl\/index.php\/wp-json\/wp\/v2\/media\/7897"}],"wp:attachment":[{"href":"http:\/\/klubmamgdynia.pl\/index.php\/wp-json\/wp\/v2\/media?parent=7896"}],"wp:term":[{"taxonomy":"product_cat","embeddable":true,"href":"http:\/\/klubmamgdynia.pl\/index.php\/wp-json\/wp\/v2\/product_cat?post=7896"},{"taxonomy":"product_tag","embeddable":true,"href":"http:\/\/klubmamgdynia.pl\/index.php\/wp-json\/wp\/v2\/product_tag?post=7896"}],"curies":[{"name":"wp","href":"https:\/\/api.w.org\/{rel}","templated":true}]}}