{"id":7898,"date":"2011-07-19T03:44:02","date_gmt":"2011-07-19T01:44:02","guid":{"rendered":"http:\/\/klubmamgdynia.pl\/index.php\/produkt\/leantoys-hulajnoga-trojkolowa-niebieska-swiecace-kola-led-dla-chlopca\/"},"modified":"2026-04-30T07:59:13","modified_gmt":"2026-04-30T05:59:13","slug":"leantoys-hulajnoga-trojkolowa-niebieska-swiecace-kola-led-dla-chlopca","status":"publish","type":"product","link":"http:\/\/klubmamgdynia.pl\/index.php\/produkt\/leantoys-hulajnoga-trojkolowa-niebieska-swiecace-kola-led-dla-chlopca\/","title":{"rendered":"Leantoys Hulajnoga Tr\u00f3jko\u0142owa Niebieska \u015awiec\u0105ce Ko\u0142a Led Dla Ch\u0142opca"},"content":{"rendered":"<p>Hulajnoga Tr\u00f3jko\u0142owa Niebieska \u015awiec\u0105ce Ko\u0142a LED Hulajnoga to idealny pomys\u0142 na prezent dla ka\u017cdego dziecka. Zabawka, kt\u00f3ra pomaga \u0107wiczy\u0107 r\u00f3wnowag\u0119 oraz balans cia\u0142a! Twoje dziecko zwi\u0119kszy si\u0142\u0119 i mi\u0119\u015bnie n\u00f3g, oraz zadba o koordynacj\u0119 ruchow\u0105. Konstrukcja osadzona jest na 3 k\u00f3\u0142kach, co pozwala na bezpieczn\u0105 jazd\u0119. Hulajnoga nauczy malucha jak sterowa\u0107 pojazd, ale tak\u017ce i balansowa\u0107 cia\u0142em. Zabawa wspomo\u017ce rozw\u00f3j motoryczny dziecka. Jest to \u015bwietne rozwi\u0105zanie dla dzieci, kt\u00f3rym tradycyjny, dwuko\u0142owy pojazd nie przypad\u0142 do gustu.Kierowanie pojazdem jest niezwykle proste, aby skr\u0119ci\u0107 wystarczy pochyli\u0107 si\u0119 w odpowiedni\u0105 stron\u0119, jednocze\u015bnie przechylaj\u0105c kierownic\u0119. Dzi\u0119ki tak skonstruowanej hulajnodze dziecko trenuje utrzymywanie r\u00f3wnowagi oraz uczy si\u0119 prawid\u0142owego zachowania na drodze.Hulajnoga posiada wytrzyma\u0142e poliuretanowe ko\u0142a z hamulcem no\u017cny (jedno z przodu, dwa z ty\u0142u). Wystarczy, \u017ce dziecko naci\u015bnie na niego st\u00f3pk\u0105, a pojazd zacznie hamowa\u0107. Amortyzuj\u0105 drgania i \u015bwietnie przylegaj\u0105 do pod\u0142o\u017ca. Rama oraz podstawa wykonane s\u0105 z aluminium i stali, co gwarantuje wytrzyma\u0142o\u015b\u0107 produktu. Super zaleta! Przy zwi\u0119kszaj\u0105cej pr\u0119dko\u015bci, ko\u0142a \u015bwiec\u0105 kolorowymi diodami LED.Kolor niebieski oraz ch\u0142opi\u0119ce elementy graficzne sprawi\u0105, \u017ce ma\u0142y sportowiec ucieszy si\u0119 z tego pojazdu, podczas spaceru nie b\u0119dzie chcia\u0142a si\u0119 z ni\u0105 rozsta\u0107.Cechy produktu: &#8211; kolor: niebieski- ko\u0142a: przezroczyste, PVC, kolorowe diody- rama: stal + aluminium- regulowana wysoko\u015b\u0107 ramy- mi\u0119kka pianka na uchwytach- kolorowa grafika na obudowieWymiary: D\u0142ugo\u015b\u0107:62 cmSzeroko\u015b\u0107:10 cmWysoko\u015b\u0107 kierownicy (regulowana):70 cm &#8211; 74 cmSzeroko\u015b\u0107 r\u0105czki:28 cm\u015brednica przedniego k\u00f3\u0142ka: 9 cm\u015brednica tylnego k\u00f3\u0142ka: 9 cmMaksymalne obci\u0105\u017cenie: 35 kgWymiary opakowania:58 cm x 18 cm x 10 cmHulajnoga przeznaczona jest dla dzieci powy\u017cej 3 roku \u017cycia.<\/p>\n<h2>Leantoys Hulajnoga Tr\u00f3jko\u0142owa Niebieska \u015awiec\u0105ce Ko\u0142a Led Dla Ch\u0142opca Lean<\/h2>\n<p>dinozaury kolorowanki, zagadki dla doros\u0142ych, ferie warszawa 2022, pomys\u0142 na prima aprilis, zagadki dla 5 latka, bajka terapeutyczna o emocjach, \u017cyczenia wielkanocne dla dzieci kr\u00f3tkie, pytania zagadki, w uk\u0142adzie s\u0142onecznym tekst, wieliczka bon turystyczny, minecraft kolorowanki<\/p>\n<p>yyyyy<\/p>\n<p>&nbsp;<\/p>\n","protected":false},"excerpt":{"rendered":"<p>Hulajnoga Tr\u00f3jko\u0142owa Niebieska \u015awiec\u0105ce Ko\u0142a LED Hulajnoga to idealny pomys\u0142 na prezent dla ka\u017cdego dziecka. Zabawka, kt\u00f3ra pomaga \u0107wiczy\u0107 r\u00f3wnowag\u0119 oraz balans cia\u0142a! Twoje dziecko zwi\u0119kszy si\u0142\u0119 i mi\u0119\u015bnie n\u00f3g, oraz zadba o koordynacj\u0119 ruchow\u0105. Konstrukcja osadzona jest na 3 k\u00f3\u0142kach, co pozwala na bezpieczn\u0105 jazd\u0119. Hulajnoga nauczy malucha jak sterowa\u0107 pojazd, ale tak\u017ce i [&hellip;]<\/p>\n","protected":false},"featured_media":7899,"comment_status":"closed","ping_status":"open","template":"","meta":[],"product_cat":[315,1067],"product_tag":[829,692,587,672],"class_list":["post-7898","product","type-product","status-publish","has-post-thumbnail","hentry","product_cat-hulajnogi-dla-dzieci","product_cat-lean","product_tag-bajki-do-czytania-na-dobranoc","product_tag-prezenty-na-roczek","product_tag-skalne-miasto","product_tag-trudne-zagadki-z-odpowiedziami"],"_links":{"self":[{"href":"http:\/\/klubmamgdynia.pl\/index.php\/wp-json\/wp\/v2\/product\/7898","targetHints":{"allow":["GET"]}}],"collection":[{"href":"http:\/\/klubmamgdynia.pl\/index.php\/wp-json\/wp\/v2\/product"}],"about":[{"href":"http:\/\/klubmamgdynia.pl\/index.php\/wp-json\/wp\/v2\/types\/product"}],"replies":[{"embeddable":true,"href":"http:\/\/klubmamgdynia.pl\/index.php\/wp-json\/wp\/v2\/comments?post=7898"}],"wp:featuredmedia":[{"embeddable":true,"href":"http:\/\/klubmamgdynia.pl\/index.php\/wp-json\/wp\/v2\/media\/7899"}],"wp:attachment":[{"href":"http:\/\/klubmamgdynia.pl\/index.php\/wp-json\/wp\/v2\/media?parent=7898"}],"wp:term":[{"taxonomy":"product_cat","embeddable":true,"href":"http:\/\/klubmamgdynia.pl\/index.php\/wp-json\/wp\/v2\/product_cat?post=7898"},{"taxonomy":"product_tag","embeddable":true,"href":"http:\/\/klubmamgdynia.pl\/index.php\/wp-json\/wp\/v2\/product_tag?post=7898"}],"curies":[{"name":"wp","href":"https:\/\/api.w.org\/{rel}","templated":true}]}}