{"id":790,"date":"2025-05-14T08:32:55","date_gmt":"2025-05-14T06:32:55","guid":{"rendered":"http:\/\/klubmamgdynia.pl\/?post_type=product&#038;p=790"},"modified":"2026-04-17T01:01:51","modified_gmt":"2026-04-16T23:01:51","slug":"medela-easy-expression-gorset-do-odciagania-pokarmu-m-bialy","status":"publish","type":"product","link":"http:\/\/klubmamgdynia.pl\/index.php\/produkt\/medela-easy-expression-gorset-do-odciagania-pokarmu-m-bialy\/","title":{"rendered":"Medela Easy Expression Gorset Do Odci\u0105gania Pokarmu M Bia\u0142y"},"content":{"rendered":"<p>Medela Easy Expression Gorset Do Odci\u0105gania Pokarmu Bia\u0142y                            <\/p>\n<p>Nowy, zaawansowany gorset Medela Easy Expression pomaga mamom odci\u0105ga\u0107 pokarm jeszcze \u0142atwiej ni\u017c do tej pory. Dzi\u0119ki niemu podczas odci\u0105gania pokarmu mo\u017cna wykonywa\u0107 inne czynno\u015bci.Nowy gorset Easy Expression firmy Medela mo\u017ce by\u0107 stosowany z laktatorami elektrycznymi, w tym Swing, Swing Maxi, Swing Flex, Swing Maxi Flex, Freestyle i Symphony. Biustonosz Medela do odci\u0105gania pokarmu bez u\u017cycia r\u0105k wykonany jest z nylonu\/mieszanki spandeksu w technologii bez szw\u00f3w. Nowe wzmocnienia wzd\u0142u\u017c g\u00f3rnej kraw\u0119dzi oraz wok\u00f3\u0142 otwor\u00f3w zapewniaj\u0105 lepsze podtrzymywanie lejk\u00f3w i butelek. To daje swobod\u0119 wykonywania innych czynno\u015bci podczas odci\u0105gania.                            <\/p>\n<p>Gorset firmy Medela umo\u017cliwia odci\u0105ganie pokarmu za pomoc\u0105 podw\u00f3jnego laktatora elektrycznego Medela bez u\u017cycia r\u0105k, dzi\u0119ki czemu podczas odci\u0105gania mo\u017cesz wykonywa\u0107 inne czynno\u015bci.\u00a0Gorset sk\u0142ada si\u0119 z jednego elementu, nie ma dodatkowych pask\u00f3w, mo\u017cna go \u0142atwo za\u0142o\u017cy\u0107 i zdj\u0105\u0107 dzi\u0119ki suwakowi z przodu oraz wszytemu haczykowi.Gorset Easy Expression wykonany jest z mi\u0119kkiej mieszanki nylonu i spandeksu, co sprawia, \u017ce jest rozci\u0105gliwy oraz nie podra\u017cnia sk\u00f3ry.Materia\u0142 gorsetu posiada certyfikat Oeko-Tex\u00ae Standard 100 i mo\u017ce by\u0107 prany w pralce w temperaturze do 30 \u00b0C.Doskona\u0142e uzupe\u0142nienie podw\u00f3jnego elektrycznego laktatoraDost\u0119pny w trzech r\u00f3\u017cnych rozmiarach\u00a0\u00a0(S, M, L)                            <\/p>\n<p>JAK DOBRA\u0106 ROZMIAR?                            <\/p>\n<p>W\u0142asna technologia Adaptive-Stretch\u2122 umo\u017cliwia dok\u0142adne dostosowanie do ka\u017cdej budowy cia\u0142a oraz zapewnia wyj\u0105tkowy komfort, dopasowanie i wsparcie.Bezszwowa budowa w po\u0142\u0105czeniu z dwustronn\u0105 wstawk\u0105 z przodu oraz jednostronn\u0105 z ty\u0142u, zapewnia lepsze podparcie dla piersi oraz lejk\u00f3w. Elastyczno\u015b\u0107 materia\u0142u jest du\u017co lepsza ni\u017c w przypadku zwyk\u0142ych ubra\u0144 posiadaj\u0105cych szwy.Haczyk wszyty u g\u00f3ry u\u0142atwia zamykanie i zapewnia bezpiecze\u0144stwo.Zaprojektowany na nowo otw\u00f3r na sutek, ze wzmocnionym szwem, zapewnia dodatkowe wsparcie dla lejka i butelki.                            <\/p>\n<p>SPRAWD\u0179 INNE GORSETY MEDELA                            <\/p>\n<p>Medela Easy Expression Bia\u0142y                            <\/p>\n<p>Medela Easy Expression Czarny                            <\/p>\n<p>Medela Hands-Free Bia\u0142y                            <\/p>\n<p>Medela Hands-Free Czarny<\/p>\n<h2>Medela Easy Expression Gorset Do Odci\u0105gania Pokarmu M Bia\u0142y Medela<\/h2>\n<p>wzruszaj\u0105ce s\u0142owa dla przyjaci\u00f3\u0142ki, prezent dla 19 latka, \u015bwi\u0119ty przemys\u0142aw, darmowe kolorowanki do druku, bajki terapeutyczne o emocjach pdf, kolorowanka ninjago, zaproszenie na urodziny dziecka do druku, quiz znaki drogowe, super zings kolorowanki, rezolutna dziewczynka z wiersza tuwima<\/p>\n<p>yyyyy<\/p>\n<p>&nbsp;<\/p>\n","protected":false},"excerpt":{"rendered":"<p>Medela Easy Expression Gorset Do Odci\u0105gania Pokarmu Bia\u0142y Nowy, zaawansowany gorset Medela Easy Expression pomaga mamom odci\u0105ga\u0107 pokarm jeszcze \u0142atwiej ni\u017c do tej pory. Dzi\u0119ki niemu podczas odci\u0105gania pokarmu mo\u017cna wykonywa\u0107 inne czynno\u015bci.Nowy gorset Easy Expression firmy Medela mo\u017ce by\u0107 stosowany z laktatorami elektrycznymi, w tym Swing, Swing Maxi, Swing Flex, Swing Maxi Flex, Freestyle [&hellip;]<\/p>\n","protected":false},"featured_media":791,"comment_status":"closed","ping_status":"open","template":"","meta":[],"product_cat":[267,254],"product_tag":[807,855,741,778,634,633],"class_list":["post-790","product","type-product","status-publish","has-post-thumbnail","hentry","product_cat-medela","product_cat-pozostale-akcesoria-dla-mamy","product_tag-logiczne-zagadki","product_tag-nietypowe-imiona-zenskie","product_tag-wlochy","product_tag-zabawki-na-roczek-dla-chlopca","product_tag-zagadki-wielkanocne-dla-dzieci","product_tag-zagadki-z-odpowiedziami"],"_links":{"self":[{"href":"http:\/\/klubmamgdynia.pl\/index.php\/wp-json\/wp\/v2\/product\/790","targetHints":{"allow":["GET"]}}],"collection":[{"href":"http:\/\/klubmamgdynia.pl\/index.php\/wp-json\/wp\/v2\/product"}],"about":[{"href":"http:\/\/klubmamgdynia.pl\/index.php\/wp-json\/wp\/v2\/types\/product"}],"replies":[{"embeddable":true,"href":"http:\/\/klubmamgdynia.pl\/index.php\/wp-json\/wp\/v2\/comments?post=790"}],"wp:featuredmedia":[{"embeddable":true,"href":"http:\/\/klubmamgdynia.pl\/index.php\/wp-json\/wp\/v2\/media\/791"}],"wp:attachment":[{"href":"http:\/\/klubmamgdynia.pl\/index.php\/wp-json\/wp\/v2\/media?parent=790"}],"wp:term":[{"taxonomy":"product_cat","embeddable":true,"href":"http:\/\/klubmamgdynia.pl\/index.php\/wp-json\/wp\/v2\/product_cat?post=790"},{"taxonomy":"product_tag","embeddable":true,"href":"http:\/\/klubmamgdynia.pl\/index.php\/wp-json\/wp\/v2\/product_tag?post=790"}],"curies":[{"name":"wp","href":"https:\/\/api.w.org\/{rel}","templated":true}]}}