{"id":7902,"date":"2019-05-26T21:34:38","date_gmt":"2019-05-26T19:34:38","guid":{"rendered":"http:\/\/klubmamgdynia.pl\/index.php\/produkt\/monumi-dino-pterodactylus-cube-head-mch000114\/"},"modified":"2026-04-22T20:34:01","modified_gmt":"2026-04-22T18:34:01","slug":"monumi-dino-pterodactylus-cube-head-mch000114","status":"publish","type":"product","link":"http:\/\/klubmamgdynia.pl\/index.php\/produkt\/monumi-dino-pterodactylus-cube-head-mch000114\/","title":{"rendered":"Monumi Dino Pterodactylus Cube Head Mch000114"},"content":{"rendered":"<p>Cube Head Dino kolorowanka sk\u0142adanka.Wymiary produktu 24,5 x 14 x 14cmGramatuta papieru 235gWymiary opakowania 32,5 x 25Seria Cube Head Dino to nie tylko kreatywne kolorowanki, to r\u00f3wnie\u017c wspania\u0142a okazja, aby pozna\u0107 \u015bwiat 3D.Cube Head Dino to r\u00f3wnie\u017c wspania\u0142a podr\u00f3\u017c w prehistoryczny \u015bwiat dinozaur\u00f3w, kt\u00f3re rz\u0105dzi\u0142y \u015bwiatem a\u017c przez sto sze\u015b\u0107dziesi\u0105t milion\u00f3w lat! Z tej serii dot\u0119pne te\u017c s\u0105 inne dinuzaury.<\/p>\n<h2>Monumi Dino Pterodactylus Cube Head Mch000114 <\/h2>\n<p>prezent dla 16 latki, cytaty dla dzieci, prezent dla nastolatk\u00f3w 2021, piosenki na dobranoc tekst, test z lektury miko\u0142ajek do druku, kolorowanka wakacje, j\u0119zyk polski dla dzieci z ukrainy, ahmed, ilona, jednoro\u017cec kolorowanka do druku, bajka o kreciku, zagadka matematyczna dla dzieci, matylda imie, \u015bwinka peppa kolorowanka, wycinanki do druku, piosenki na dobranoc tekst, bajka terapeutyczna o emocjach, kontynenty dla dzieci do druku<\/p>\n<p>yyyyy<\/p>\n<p>&nbsp;<\/p>\n","protected":false},"excerpt":{"rendered":"<p>Cube Head Dino kolorowanka sk\u0142adanka.Wymiary produktu 24,5 x 14 x 14cmGramatuta papieru 235gWymiary opakowania 32,5 x 25Seria Cube Head Dino to nie tylko kreatywne kolorowanki, to r\u00f3wnie\u017c wspania\u0142a okazja, aby pozna\u0107 \u015bwiat 3D.Cube Head Dino to r\u00f3wnie\u017c wspania\u0142a podr\u00f3\u017c w prehistoryczny \u015bwiat dinozaur\u00f3w, kt\u00f3re rz\u0105dzi\u0142y \u015bwiatem a\u017c przez sto sze\u015b\u0107dziesi\u0105t milion\u00f3w lat! Z tej serii [&hellip;]<\/p>\n","protected":false},"featured_media":7903,"comment_status":"closed","ping_status":"open","template":"","meta":[],"product_cat":[21],"product_tag":[808,688,794],"class_list":["post-7902","product","type-product","status-publish","has-post-thumbnail","hentry","product_cat-zabawki-plastyczne","product_tag-imie-mia","product_tag-kolysanki-tekst","product_tag-test-opowiesci-z-narnii-lew-czarownica-i-stara-szafa-do-druku"],"_links":{"self":[{"href":"http:\/\/klubmamgdynia.pl\/index.php\/wp-json\/wp\/v2\/product\/7902","targetHints":{"allow":["GET"]}}],"collection":[{"href":"http:\/\/klubmamgdynia.pl\/index.php\/wp-json\/wp\/v2\/product"}],"about":[{"href":"http:\/\/klubmamgdynia.pl\/index.php\/wp-json\/wp\/v2\/types\/product"}],"replies":[{"embeddable":true,"href":"http:\/\/klubmamgdynia.pl\/index.php\/wp-json\/wp\/v2\/comments?post=7902"}],"wp:featuredmedia":[{"embeddable":true,"href":"http:\/\/klubmamgdynia.pl\/index.php\/wp-json\/wp\/v2\/media\/7903"}],"wp:attachment":[{"href":"http:\/\/klubmamgdynia.pl\/index.php\/wp-json\/wp\/v2\/media?parent=7902"}],"wp:term":[{"taxonomy":"product_cat","embeddable":true,"href":"http:\/\/klubmamgdynia.pl\/index.php\/wp-json\/wp\/v2\/product_cat?post=7902"},{"taxonomy":"product_tag","embeddable":true,"href":"http:\/\/klubmamgdynia.pl\/index.php\/wp-json\/wp\/v2\/product_tag?post=7902"}],"curies":[{"name":"wp","href":"https:\/\/api.w.org\/{rel}","templated":true}]}}